{"id":134623,"date":"2024-12-07T00:00:00","date_gmt":"2024-12-06T23:00:00","guid":{"rendered":"https:\/\/gpl-love.com\/fr\/produit\/themify-minblr-wordpress-theme\/"},"modified":"2026-04-10T18:42:50","modified_gmt":"2026-04-10T16:42:50","slug":"themify-minblr-wordpress-theme","status":"publish","type":"product","link":"https:\/\/gpl-love.com\/fr\/produit\/themify-minblr-wordpress-theme\/","title":{"rendered":"Themify Minblr Theme 7.5.5"},"content":{"rendered":"<h3>Themify Minblr Theme Traits<\/h3>\n<p>Le th\u00e8me de Th\u00e9ify Minblr poss\u00e8de une esth\u00e9tique extr\u00eamement agr\u00e9able et contemporaine qui est sur mesure pour les blogueurs et les cr\u00e9ateurs de contenu. Avec sa conception minimaliste, ce th\u00e8me sert de quintessence de l&rsquo;\u00e9l\u00e9gance et de la sophistication, vous permettant de pr\u00e9senter votre contenu d&rsquo;une mani\u00e8re vierge et syst\u00e9matiquement organis\u00e9e. En outre, ce th\u00e8me est enti\u00e8rement r\u00e9actif, garantissant une pr\u00e9sentation impeccable sur n&rsquo;importe quel appareil, que ce soit un t\u00e9l\u00e9phone mobile ou une tablette. Embrassant un \u00e9ventail diversifi\u00e9 de formats post-post, d&rsquo;options de partage social et de widgets personnalisables, le th\u00e8me Minblr vous permet de fa\u00e7onner une ambiance distinctive et personnalis\u00e9e pour votre blog. De plus, son optimisation SEO garantit que les moteurs de recherche tiendront votre blog en haute estime, propulsant un afflux de trafic vers lui. En prime, THEFIFY propose un support client exemplaire et des mises \u00e0 jour r\u00e9guli\u00e8res, garantissant que votre site Web reste perp\u00e9tuellement actuel et fonctionne \u00e0 son plus grand potentiel.<\/p>\n<ul>\n<li>Le th\u00e8me Minblr The Thify est un th\u00e8me WordPress hautement personnalisable et r\u00e9actif.<\/li>\n<li>Le th\u00e8me est parfait pour les blogueurs ou les cr\u00e9ateurs de contenu \u00e0 la recherche d&rsquo;un design minimaliste unique.<\/li>\n<li>Le th\u00e8me comprend des dispositions bas\u00e9es sur la grille avec un style de ma\u00e7onnerie dynamique, permettant diff\u00e9rentes tailles de poste et formes.<\/li>\n<li>THEFIFY MINBLR comprend une grande vari\u00e9t\u00e9 d&rsquo;options de personnalisation, y compris des sch\u00e9mas de couleurs illimit\u00e9s, des images d&rsquo;en-t\u00eate personnalis\u00e9es et des options de typographie.<\/li>\n<li>Avec ses boutons de partage social int\u00e9gr\u00e9s, les lecteurs peuvent facilement partager du contenu sur leurs plateformes de m\u00e9dias sociaux pr\u00e9f\u00e9r\u00e9es.<\/li>\n<li>Le th\u00e8me est optimis\u00e9 pour le r\u00e9f\u00e9rencement et la vitesse, garantissant que votre site Web se charge rapidement et se classe bien dans les moteurs de recherche.<\/li>\n<li>The Th\u00e9ify Minblr comprend \u00e9galement de nombreux widgets personnalis\u00e9s, tels que les publications r\u00e9centes, les liens de m\u00e9dias sociaux et les banni\u00e8res publicitaires.<\/li>\n<li>Le th\u00e8me est pr\u00eat pour la traduction, ce qui facilite l&rsquo;adaptation d&rsquo;un public mondial.<\/li>\n<li>The Thify Minblr est livr\u00e9 avec une documentation et un support approfondis, garantissant que les utilisateurs peuvent facilement configurer et personnaliser le th\u00e8me pour r\u00e9pondre \u00e0 leurs besoins.<\/li>\n<\/ul>\n","protected":false},"excerpt":{"rendered":"<p>Le th\u00e8me de The Thify Minblr sert de th\u00e8me WordPress minimaliste exemplaire, soigneusement adapt\u00e9 pour r\u00e9pondre aux besoins des blogueurs et des cr\u00e9ateurs de contenu qui aspirent \u00e0 une disposition de sites Web \u00e9pur\u00e9e et esth\u00e9tique. B\u00e9n\u00e9ficiant d&rsquo;une conception qui s&rsquo;adapte de mani\u00e8re transparente \u00e0 diverses tailles d&rsquo;\u00e9cran, associ\u00e9es \u00e0 une pl\u00e9thore d&rsquo;options de personnalisation sans effort, ce th\u00e8me permet aux utilisateurs de fabriquer sans effort un site Web visuellement captivant qui met en valeur efficacement leur contenu de mani\u00e8re s\u00e9duisante. Distingu\u00e9 par sa mise en page m\u00e9ticuleusement con\u00e7ue sur la grille, sa typographie captivante et ses ic\u00f4nes sociales visuellement attrayantes, ce th\u00e8me appara\u00eet comme un choix id\u00e9al pour les blogueurs aspirant \u00e0 cultiver une aura sophistiqu\u00e9e et contemporaine pour leur plate-forme en ligne. Peu importe que son niche tourne dans la mode, la nourriture ou le mode de vie, le th\u00e8me de Minblr The Thify est ind\u00e9niablement comme un choix superlatif pour leur prochain site Web.<\/p>\n","protected":false},"featured_media":145536,"comment_status":"open","ping_status":"open","template":"","meta":[],"product_brand":[2674],"product_cat":[1220,1212,1213],"product_tag":[1375],"class_list":{"0":"post-134623","1":"product","2":"type-product","3":"status-publish","4":"has-post-thumbnail","6":"product_brand-themify","7":"product_cat-blog-magazine","8":"product_cat-themes","9":"product_cat-wordpress-themes","10":"product_tag-themify","11":"member-discount","12":"discount-restricted","14":"first","15":"instock","16":"sale","17":"downloadable","18":"virtual","19":"sold-individually","20":"purchasable","21":"product-type-simple"},"_links":{"self":[{"href":"https:\/\/gpl-love.com\/fr\/wp-json\/wp\/v2\/product\/134623","targetHints":{"allow":["GET"]}}],"collection":[{"href":"https:\/\/gpl-love.com\/fr\/wp-json\/wp\/v2\/product"}],"about":[{"href":"https:\/\/gpl-love.com\/fr\/wp-json\/wp\/v2\/types\/product"}],"replies":[{"embeddable":true,"href":"https:\/\/gpl-love.com\/fr\/wp-json\/wp\/v2\/comments?post=134623"}],"wp:featuredmedia":[{"embeddable":true,"href":"https:\/\/gpl-love.com\/fr\/wp-json\/wp\/v2\/media\/145536"}],"wp:attachment":[{"href":"https:\/\/gpl-love.com\/fr\/wp-json\/wp\/v2\/media?parent=134623"}],"wp:term":[{"taxonomy":"product_brand","embeddable":true,"href":"https:\/\/gpl-love.com\/fr\/wp-json\/wp\/v2\/product_brand?post=134623"},{"taxonomy":"product_cat","embeddable":true,"href":"https:\/\/gpl-love.com\/fr\/wp-json\/wp\/v2\/product_cat?post=134623"},{"taxonomy":"product_tag","embeddable":true,"href":"https:\/\/gpl-love.com\/fr\/wp-json\/wp\/v2\/product_tag?post=134623"}],"curies":[{"name":"wp","href":"https:\/\/api.w.org\/{rel}","templated":true}]}}