{"id":134621,"date":"2024-12-07T00:00:00","date_gmt":"2024-12-06T23:00:00","guid":{"rendered":"https:\/\/gpl-love.com\/fr\/produit\/themify-metro-wordpress-theme\/"},"modified":"2026-04-10T18:42:49","modified_gmt":"2026-04-10T16:42:49","slug":"themify-metro-wordpress-theme","status":"publish","type":"product","link":"https:\/\/gpl-love.com\/fr\/produit\/themify-metro-wordpress-theme\/","title":{"rendered":"Themify Metro Theme 7.5.8"},"content":{"rendered":"<h3>Themify Metro Theme Traits<\/h3>\n<p>Avec son design r\u00e9actif et moderne, le th\u00e8me du m\u00e9tro thenify s&rsquo;av\u00e8re \u00eatre un th\u00e8me WordPress exemplaire adapt\u00e9 aux sites Web commerciaux et personnels. B\u00e9n\u00e9ficiant d&rsquo;un style plat et minimaliste, ce th\u00e8me d\u00e9gage un air de sophistication avec ses lignes \u00e9pur\u00e9es et sa typographie frappante. De plus, il offre une pl\u00e9thore d&rsquo;options personnalisables, vous permettant d&rsquo;adapter votre site Web au d\u00e9sir de votre c\u0153ur. Des diverses possibilit\u00e9s de mise en page \u00e0 la possibilit\u00e9 de s\u00e9lectionner des sch\u00e9mas de couleurs personnalis\u00e9s et des zones de widget flexibles, ce th\u00e8me garantit que vous avez un contr\u00f4le in\u00e9gal\u00e9 sur l&rsquo;apparence de votre site Web. En plus de sa finesse esth\u00e9tique, le th\u00e8me du m\u00e9tro The Thify int\u00e8gre \u00e9galement une myriade de caract\u00e9ristiques pratiques. Un curseur int\u00e9gr\u00e9, des types de publiques personnalis\u00e9s et une int\u00e9gration des m\u00e9dias sociaux sans couture contribuent tous \u00e0 am\u00e9liorer les fonctionnalit\u00e9s de votre site Web. Sans aucun doute, avec son design \u00e9l\u00e9gant et ses capacit\u00e9s puissantes, The Metro Th\u00e8me est un choix exceptionnel pour ceux qui cherchent \u00e0 \u00e9tablir une pr\u00e9sence en ligne professionnelle et captivante.<\/p>\n<ul>\n<li>Design moderne et \u00e9l\u00e9gant avec des couleurs audacieuses et des formes g\u00e9om\u00e9triques<\/li>\n<li>Disposition r\u00e9active pour une visualisation transparente sur tous les appareils<\/li>\n<li>Options de personnalisation faciles avec un g\u00e9n\u00e9rateur de glisser-d\u00e9poser<\/li>\n<li>Widgets int\u00e9gr\u00e9s et raccourcis pour des fonctionnalit\u00e9s suppl\u00e9mentaires<\/li>\n<li>Optimis\u00e9 pour les moteurs de recherche avec code propre et organis\u00e9<\/li>\n<li>Compatible avec les plugins WordPress populaires pour les fonctionnalit\u00e9s ajout\u00e9es<\/li>\n<li>Mises \u00e0 jour r\u00e9guli\u00e8res et soutien d\u00e9di\u00e9 de l&rsquo;\u00e9quipe THEFIFY<\/li>\n<li>Ic\u00f4nes de m\u00e9dias sociaux int\u00e9gr\u00e9s pour un partage et une promotion faciles<\/li>\n<li>Traduction pr\u00eate pour la port\u00e9e du public mondial<\/li>\n<li>Importation de d\u00e9monstration en un clic pour reproduire facilement les conceptions de sites de d\u00e9monstration.<\/li>\n<\/ul>\n","protected":false},"excerpt":{"rendered":"<p>Le th\u00e8me du m\u00e9tro The The Thefy pr\u00e9sente un design visuellement frappant et contemporain pour les sites Web WordPress, avec une typographie audacieuse, des lignes \u00e9l\u00e9gantes et une disposition des carreaux dynamiques. Son esth\u00e9tique impeccable en fait un choix id\u00e9al pour pr\u00e9senter votre contenu avec le plus grand style et la sophistication. De plus, le th\u00e8me Metro propose des options de personnalisation sans effort et une conception r\u00e9active qui garantit que votre site Web semblera impeccable sur n&rsquo;importe quel appareil. \u00c9levez l&rsquo;apparence de votre site Web en embrassant le pouvoir transformateur du th\u00e8me du m\u00e9tro The Thify.<\/p>\n","protected":false},"featured_media":145535,"comment_status":"open","ping_status":"open","template":"","meta":[],"product_brand":[2674],"product_cat":[1220,1212,1213],"product_tag":[1375],"class_list":{"0":"post-134621","1":"product","2":"type-product","3":"status-publish","4":"has-post-thumbnail","6":"product_brand-themify","7":"product_cat-blog-magazine","8":"product_cat-themes","9":"product_cat-wordpress-themes","10":"product_tag-themify","11":"member-discount","12":"discount-restricted","14":"first","15":"instock","16":"sale","17":"downloadable","18":"virtual","19":"sold-individually","20":"purchasable","21":"product-type-simple"},"_links":{"self":[{"href":"https:\/\/gpl-love.com\/fr\/wp-json\/wp\/v2\/product\/134621","targetHints":{"allow":["GET"]}}],"collection":[{"href":"https:\/\/gpl-love.com\/fr\/wp-json\/wp\/v2\/product"}],"about":[{"href":"https:\/\/gpl-love.com\/fr\/wp-json\/wp\/v2\/types\/product"}],"replies":[{"embeddable":true,"href":"https:\/\/gpl-love.com\/fr\/wp-json\/wp\/v2\/comments?post=134621"}],"wp:featuredmedia":[{"embeddable":true,"href":"https:\/\/gpl-love.com\/fr\/wp-json\/wp\/v2\/media\/145535"}],"wp:attachment":[{"href":"https:\/\/gpl-love.com\/fr\/wp-json\/wp\/v2\/media?parent=134621"}],"wp:term":[{"taxonomy":"product_brand","embeddable":true,"href":"https:\/\/gpl-love.com\/fr\/wp-json\/wp\/v2\/product_brand?post=134621"},{"taxonomy":"product_cat","embeddable":true,"href":"https:\/\/gpl-love.com\/fr\/wp-json\/wp\/v2\/product_cat?post=134621"},{"taxonomy":"product_tag","embeddable":true,"href":"https:\/\/gpl-love.com\/fr\/wp-json\/wp\/v2\/product_tag?post=134621"}],"curies":[{"name":"wp","href":"https:\/\/api.w.org\/{rel}","templated":true}]}}