{"id":134619,"date":"2024-12-07T00:00:00","date_gmt":"2024-12-06T23:00:00","guid":{"rendered":"https:\/\/gpl-love.com\/fr\/produit\/themify-magazine-wordpress-theme\/"},"modified":"2026-04-10T18:42:49","modified_gmt":"2026-04-10T16:42:49","slug":"themify-magazine-wordpress-theme","status":"publish","type":"product","link":"https:\/\/gpl-love.com\/fr\/produit\/themify-magazine-wordpress-theme\/","title":{"rendered":"Themify Magazine Theme 7.5.9"},"content":{"rendered":"<h3>Themify Magazine Theme Traits<\/h3>\n<p>Le th\u00e8me du magazine The Th\u00e9ify se pr\u00e9sente comme un th\u00e8me WordPress remarquablement adaptable qui a \u00e9t\u00e9 distinctement con\u00e7u dans le but de r\u00e9pondre aux besoins des magazines en ligne, des portails d&rsquo;information et des sites Web qui regorgent de contenu abondant. Ce th\u00e8me se vante non seulement d&rsquo;un design \u00e9l\u00e9gant et contemporain, mais il offre \u00e9galement une pl\u00e9thore d&rsquo;options de mise en page et s&rsquo;int\u00e8gre de mani\u00e8re transparente aux plugins populaires, garantissant ainsi une exp\u00e9rience extr\u00eamement conviviale pour les lecteurs et les \u00e9diteurs. En outre, la conception r\u00e9active de ce th\u00e8me sert \u00e0 garantir que le contenu qu&rsquo;il abrite est accessible sans effort et lisible sur un appareil donn\u00e9, tandis que son panneau d&rsquo;options de th\u00e8me int\u00e9gr\u00e9 facilite la personnalisation sans probl\u00e8me des couleurs, des polices et divers autres \u00e9l\u00e9ments de conception. En vertu du th\u00e8me du magazine The Th\u00e9ify, vous \u00eates dot\u00e9 de la possibilit\u00e9 de forger une pr\u00e9sence en ligne comp\u00e9tente et captivante pour votre marque ou votre \u00e9tablissement commercial.<\/p>\n<ul>\n<li>Un th\u00e8me WordPress moderne et personnalisable parfait pour les magazines en ligne, les blogs et les sites Web d&rsquo;information<\/li>\n<li>Conception r\u00e9active et disposition conviviale pour une visualisation facile sur tous les appareils<\/li>\n<li>Plusieurs dispositions de publication au choix, y compris la grille, la liste et les options de chronologie<\/li>\n<li>Couleurs, polices et arri\u00e8re-plans personnalisables pour refl\u00e9ter votre marque et votre style<\/li>\n<li>Int\u00e9gration et partage de partage des m\u00e9dias sociaux int\u00e9gr\u00e9s pour augmenter l&rsquo;engagement et le trafic<\/li>\n<li>SEO optimis\u00e9 avec des fonctionnalit\u00e9s telles que des balises de m\u00e9ta automatiques, l&rsquo;int\u00e9gration Google Analytics et le balisage du sch\u00e9ma<\/li>\n<li>Des widgets personnalis\u00e9s comme les galeries d&rsquo;images, les formulaires de contact et les articles en vedette pour des fonctionnalit\u00e9s suppl\u00e9mentaires<\/li>\n<li>Importation de d\u00e9monstration en un clic pour mettre votre site op\u00e9rationnel rapidement et facilement<\/li>\n<li>Mises \u00e0 jour r\u00e9guli\u00e8res et soutien d\u00e9di\u00e9 de l&rsquo;\u00e9quipe The Th\u00e9ify.<\/li>\n<\/ul>\n","protected":false},"excerpt":{"rendered":"<p>Le th\u00e8me du magazine The Th\u00e9ify est un th\u00e8me WordPress extr\u00eamement polyvalent et extr\u00eamement \u00e9l\u00e9gant sp\u00e9cialement organis\u00e9 pour les blogs, les magazines en ligne et les sites de nouvelles. B\u00e9n\u00e9ficiant d&rsquo;un design remarquablement propre et incroyablement moderne, coupl\u00e9 \u00e0 une pl\u00e9thore d&rsquo;options de mise en page personnalisables, ce th\u00e8me accorde sans effort \u00e0 ses utilisateurs une exp\u00e9rience qui est conviviale sans \u00e9quivoque, s&rsquo;adressant simultan\u00e9ment aux lecteurs et aux \u00e9diteurs. Parmi sa myriade d&rsquo;attributs impressionnants, ce th\u00e8me int\u00e8gre de mani\u00e8re transparente plusieurs mises en page et des dispositions d&rsquo;archives, des types de publiques personnalis\u00e9s, un outil de partage social int\u00e9gr\u00e9 et une optimisation impeccable pour un \u00e9ventail d&rsquo;appareils mobiles. Par cons\u00e9quent, que vous vous trouviez d\u00e9sirant de vous lancer dans un voyage passionnant de blogs ou que vous soyez ardemment d\u00e9di\u00e9 \u00e0 r\u00e9organiser votre publication en ligne existante, le th\u00e8me du magazine The Th\u00e9ify offre incontestablement une solution extr\u00eamement \u00e9l\u00e9gante et sans \u00e9quivoque.<\/p>\n","protected":false},"featured_media":145534,"comment_status":"open","ping_status":"open","template":"","meta":[],"product_brand":[2674],"product_cat":[1220,1212,1213],"product_tag":[1375],"class_list":{"0":"post-134619","1":"product","2":"type-product","3":"status-publish","4":"has-post-thumbnail","6":"product_brand-themify","7":"product_cat-blog-magazine","8":"product_cat-themes","9":"product_cat-wordpress-themes","10":"product_tag-themify","11":"member-discount","12":"discount-restricted","14":"first","15":"instock","16":"sale","17":"downloadable","18":"virtual","19":"sold-individually","20":"purchasable","21":"product-type-simple"},"_links":{"self":[{"href":"https:\/\/gpl-love.com\/fr\/wp-json\/wp\/v2\/product\/134619","targetHints":{"allow":["GET"]}}],"collection":[{"href":"https:\/\/gpl-love.com\/fr\/wp-json\/wp\/v2\/product"}],"about":[{"href":"https:\/\/gpl-love.com\/fr\/wp-json\/wp\/v2\/types\/product"}],"replies":[{"embeddable":true,"href":"https:\/\/gpl-love.com\/fr\/wp-json\/wp\/v2\/comments?post=134619"}],"wp:featuredmedia":[{"embeddable":true,"href":"https:\/\/gpl-love.com\/fr\/wp-json\/wp\/v2\/media\/145534"}],"wp:attachment":[{"href":"https:\/\/gpl-love.com\/fr\/wp-json\/wp\/v2\/media?parent=134619"}],"wp:term":[{"taxonomy":"product_brand","embeddable":true,"href":"https:\/\/gpl-love.com\/fr\/wp-json\/wp\/v2\/product_brand?post=134619"},{"taxonomy":"product_cat","embeddable":true,"href":"https:\/\/gpl-love.com\/fr\/wp-json\/wp\/v2\/product_cat?post=134619"},{"taxonomy":"product_tag","embeddable":true,"href":"https:\/\/gpl-love.com\/fr\/wp-json\/wp\/v2\/product_tag?post=134619"}],"curies":[{"name":"wp","href":"https:\/\/api.w.org\/{rel}","templated":true}]}}