{"id":134617,"date":"2025-11-14T00:00:00","date_gmt":"2025-11-13T23:00:00","guid":{"rendered":"https:\/\/gpl-love.com\/fr\/produit\/themify-landing-wordpress-theme\/"},"modified":"2026-03-20T23:40:15","modified_gmt":"2026-03-20T22:40:15","slug":"themify-landing-wordpress-theme","status":"publish","type":"product","link":"https:\/\/gpl-love.com\/fr\/produit\/themify-landing-wordpress-theme\/","title":{"rendered":"Themify Landing Theme 7.6.5"},"content":{"rendered":"<h3>Themify Landing Theme Traits<\/h3>\n<p>Le th\u00e8me de l&rsquo;atterrissage de The Th\u00e9ify, avec sa puissance exceptionnelle et son interface conviviale, se pr\u00e9sente comme un outil tr\u00e8s efficace pour les utilisateurs de WordPress cherchant \u00e0 fa\u00e7onner des pages de destination visuellement frappantes, des pages de vente et des entonnoirs sans transpirer. Ce th\u00e8me poss\u00e8de un \u00e9ventail de mod\u00e8les et de modules pr\u00e9-con\u00e7us, qui peuvent tous \u00eatre personnalis\u00e9s sans effort pour s&rsquo;aligner sur l&rsquo;identit\u00e9 de votre marque et votre style personnel. Avec ses fonctionnalit\u00e9s de glisser-d\u00e9poser, vous pouvez ajouter et r\u00e9organiser de mani\u00e8re transparente des \u00e9l\u00e9ments sur votre page, vous \u00e9pargner des tracas inutiles. De plus, le th\u00e8me de l&rsquo;atterrissage de The Th\u00e9ify a \u00e9t\u00e9 m\u00e9ticuleusement optimis\u00e9 pour la vitesse et le r\u00e9f\u00e9rencement, garantissant des performances optimales du site et des classements \u00e9lev\u00e9s sur divers moteurs de recherche. Que vous vous trouviez dans le domaine de l&rsquo;entrepreneuriat ou du marketing, ce th\u00e8me exceptionnel est un choix stellaire qui propulsera sans aucun doute votre site Web \u00e0 des sommets sans pr\u00e9c\u00e9dent, vous permettant d&rsquo;\u00e9tendre votre pr\u00e9sence en ligne, de g\u00e9n\u00e9rer un plus grand nombre de prospects et, \u00e0 finalement, de conduire plus ventes.<\/p>\n<ul>\n<li>Design propre et moderne parfait pour les pages de destination<\/li>\n<li>Enti\u00e8rement r\u00e9actif et convivial<\/li>\n<li>Livr\u00e9 avec des options de mise en page pr\u00e9-con\u00e7ues pour une personnalisation facile<\/li>\n<li>Comprend un g\u00e9n\u00e9rateur de glisser-d\u00e9poser pour la construction de pages faciles<\/li>\n<li>Prend en charge l&rsquo;int\u00e9gration avec des plugins populaires comme le formulaire de contact 7 et WooCommerce<\/li>\n<li>Outil int\u00e9gr\u00e9 pour les tests A \/ B pour optimiser les performances de la page de destination<\/li>\n<li>SEO optimis\u00e9 pour un meilleur classement des moteurs de recherche<\/li>\n<li>Construit sur les derni\u00e8res normes de codage pour de meilleures performances et s\u00e9curit\u00e9<\/li>\n<li>R\u00e9guli\u00e8rement mis \u00e0 jour avec de nouvelles fonctionnalit\u00e9s et corrections de bogues<\/li>\n<li>Livr\u00e9 avec une documentation en ligne \u00e9tendue et un support client<\/li>\n<\/ul>\n","protected":false},"excerpt":{"rendered":"<p>Le th\u00e8me de l&rsquo;atterrissage de The Th\u00e9ify, un th\u00e8me WordPress con\u00e7u sp\u00e9cifiquement pour la cr\u00e9ation de superbes pages de destination, poss\u00e8de la polyvalence et la r\u00e9activit\u00e9. Son interface intuitive de glisser-d\u00e9poser permet aux utilisateurs de personnaliser et de concevoir sans effort leurs pages de destination pour pr\u00e9senter efficacement leurs produits ou services. En plus de cela, le th\u00e8me propose une multitude de mod\u00e8les et de dispositions pr\u00e9-con\u00e7us qui sont enti\u00e8rement personnalisables, offrant aux utilisateurs la possibilit\u00e9 de cr\u00e9er des pages de destination qui sont non seulement uniques mais aussi d\u00e9gagent un professionnalisme. De plus, il int\u00e8gre diverses fonctionnalit\u00e9s telles que l&rsquo;optimisation du r\u00e9f\u00e9rencement, la r\u00e9activit\u00e9 mobile et les temps de chargement rapide, garantissant que votre page de destination sera non seulement visuellement attrayante mais \u00e9galement enti\u00e8rement fonctionnelle. Que vous soyez en train de construire une page de destination pour votre entreprise ou que vous cherchiez \u00e0 promouvoir un nouveau produit, le th\u00e8me de l&rsquo;atterrissage The Th\u00e9ify sert de choix impeccable pour votre site Web WordPress.<\/p>\n","protected":false},"featured_media":145533,"comment_status":"open","ping_status":"open","template":"","meta":[],"product_brand":[2674],"product_cat":[1220,1212,1213],"product_tag":[1375],"class_list":{"0":"post-134617","1":"product","2":"type-product","3":"status-publish","4":"has-post-thumbnail","6":"product_brand-themify","7":"product_cat-blog-magazine","8":"product_cat-themes","9":"product_cat-wordpress-themes","10":"product_tag-themify","11":"member-discount","12":"discount-restricted","14":"first","15":"instock","16":"sale","17":"downloadable","18":"virtual","19":"sold-individually","20":"purchasable","21":"product-type-simple"},"_links":{"self":[{"href":"https:\/\/gpl-love.com\/fr\/wp-json\/wp\/v2\/product\/134617","targetHints":{"allow":["GET"]}}],"collection":[{"href":"https:\/\/gpl-love.com\/fr\/wp-json\/wp\/v2\/product"}],"about":[{"href":"https:\/\/gpl-love.com\/fr\/wp-json\/wp\/v2\/types\/product"}],"replies":[{"embeddable":true,"href":"https:\/\/gpl-love.com\/fr\/wp-json\/wp\/v2\/comments?post=134617"}],"wp:featuredmedia":[{"embeddable":true,"href":"https:\/\/gpl-love.com\/fr\/wp-json\/wp\/v2\/media\/145533"}],"wp:attachment":[{"href":"https:\/\/gpl-love.com\/fr\/wp-json\/wp\/v2\/media?parent=134617"}],"wp:term":[{"taxonomy":"product_brand","embeddable":true,"href":"https:\/\/gpl-love.com\/fr\/wp-json\/wp\/v2\/product_brand?post=134617"},{"taxonomy":"product_cat","embeddable":true,"href":"https:\/\/gpl-love.com\/fr\/wp-json\/wp\/v2\/product_cat?post=134617"},{"taxonomy":"product_tag","embeddable":true,"href":"https:\/\/gpl-love.com\/fr\/wp-json\/wp\/v2\/product_tag?post=134617"}],"curies":[{"name":"wp","href":"https:\/\/api.w.org\/{rel}","templated":true}]}}