{"id":134615,"date":"2024-12-07T00:00:00","date_gmt":"2024-12-06T23:00:00","guid":{"rendered":"https:\/\/gpl-love.com\/fr\/produit\/themify-infinite-wordpress-theme\/"},"modified":"2026-04-10T18:42:48","modified_gmt":"2026-04-10T16:42:48","slug":"themify-infinite-wordpress-theme","status":"publish","type":"product","link":"https:\/\/gpl-love.com\/fr\/produit\/themify-infinite-wordpress-theme\/","title":{"rendered":"Themify Infinite Theme 7.5.9"},"content":{"rendered":"<h3>Themify Infinite Theme Traits<\/h3>\n<p>Le th\u00e8me Infinite The Th\u00e9ify se pr\u00e9sente comme un th\u00e8me WordPress incroyablement polyvalent et dynamique qui poss\u00e8de une vaste gamme de fonctionnalit\u00e9s et d&rsquo;options de personnalisation. Sa conception r\u00e9active garantit que votre site Web pr\u00e9sentera un attrait visuel exemplaire sur n&rsquo;importe quel appareil, et son g\u00e9n\u00e9rateur de pages glisser-d\u00e9poser simplifie le processus de fabrication de dispositions et de conceptions distinctes. De plus, Infinite englobe une pl\u00e9thore de mod\u00e8les pr\u00e9-con\u00e7us, accompagn\u00e9s d&rsquo;outils de personnalisation formidables pour vous permettre d&rsquo;adapter m\u00e9ticuleusement votre site Web \u00e0 vos sp\u00e9cifications exactes et \u00e0 vos exigences de marque. Que vous vous embarquiez dans la cr\u00e9ation d&rsquo;un blog, d&rsquo;un site de commerce \u00e9lectronique ou d&rsquo;un site Web de l&rsquo;entreprise, le th\u00e8me Infinite THEFIFY est une solution optimale, gracieuset\u00e9 de son adaptabilit\u00e9 exceptionnelle et de sa nature conviviale con\u00e7ue pour r\u00e9pondre \u00e0 tous vos besoins li\u00e9s \u00e0 WordPress.<\/p>\n<ul>\n<li>La conception enti\u00e8rement r\u00e9active garantit que votre site Web a fi\u00e8re allure sur n&rsquo;importe quel appareil<\/li>\n<li>Le constructeur de glisser-d\u00e9poser permet une personnalisation facile et la cr\u00e9ation de dispositions de page uniques<\/li>\n<li>De nombreuses dispositions et mod\u00e8les pr\u00e9d\u00e9finis pour choisir pour une configuration rapide et facile<\/li>\n<li>Large gamme d&rsquo;options de personnalisation pour les couleurs, les polices, les styles d&rsquo;en-t\u00eate et plus encore<\/li>\n<li>Compatibilit\u00e9 avec des plugins populaires comme WooCommerce, Contact Form 7 et Yoast SEO<\/li>\n<li>Plusieurs options de publication et de page, y compris les galeries, les curseurs et les portefeuilles<\/li>\n<li>Les shortcodes th\u00e9ifants int\u00e9gr\u00e9s pour des fonctionnalit\u00e9s suppl\u00e9mentaires<\/li>\n<li>SEO optimis\u00e9 pour aider votre site Web \u00e0 mieux classer dans les r\u00e9sultats des moteurs de recherche<\/li>\n<li>Mises \u00e0 jour r\u00e9guli\u00e8res et soutien de The Th\u00e9ify pour assurer une compatibilit\u00e9 continue et des am\u00e9liorations des performances.<\/li>\n<\/ul>\n","protected":false},"excerpt":{"rendered":"<p>Le th\u00e8me Infini The Th\u00e9ify est un th\u00e8me WordPress exceptionnellement puissant et remarquablement polyvalent qui a \u00e9t\u00e9 con\u00e7u de mani\u00e8re experte avec l&rsquo;intention de produire sans effort des sites Web visuellement \u00e9tonnants et captivants. \u00c9quip\u00e9 d&rsquo;une fonctionnalit\u00e9 de glisser-d\u00e9poser incroyablement conviviale et d&rsquo;un constructeur de pages largement personnalisable, ce th\u00e8me vous permet de fa\u00e7onner sans effort les designs unique et esth\u00e9tiquement attrayants qui mettent impeccablement la mise en valeur de l&rsquo;unicit\u00e9 de votre marque. De plus, la conception r\u00e9active du th\u00e8me garantit que votre site Web sera parfaitement affich\u00e9 sur tous les appareils, am\u00e9liorant davantage l&rsquo;exp\u00e9rience utilisateur globale. De plus, la vaste biblioth\u00e8que de mod\u00e8les et de plugins pr\u00e9-con\u00e7us \u00e0 votre disposition vous donne une flexibilit\u00e9 in\u00e9gal\u00e9e, vous accordant la possibilit\u00e9 d&rsquo;adapter votre site Web \u00e0 vos sp\u00e9cifications pr\u00e9cises. En outre, l&rsquo;inclusion de fonctionnalit\u00e9s de r\u00e9f\u00e9rencement int\u00e9gr\u00e9es dans le th\u00e8me Infinite de The Th\u00e9ify contribue consid\u00e9rablement \u00e0 l&rsquo;am\u00e9lioration de la visibilit\u00e9 de votre site Web dans le classement des moteurs de recherche, servant ainsi d&rsquo;outil inestimable pour tout propri\u00e9taire de site Web s&rsquo;effor\u00e7ant d&rsquo;attirer une plus grande quantit\u00e9 de trafic Web et d&rsquo;\u00e9lever et d&rsquo;\u00e9lever leur pr\u00e9sence en ligne \u00e0 de nouveaux sommets.<\/p>\n","protected":false},"featured_media":145532,"comment_status":"open","ping_status":"open","template":"","meta":[],"product_brand":[2674],"product_cat":[1220,1212,1213],"product_tag":[1375],"class_list":{"0":"post-134615","1":"product","2":"type-product","3":"status-publish","4":"has-post-thumbnail","6":"product_brand-themify","7":"product_cat-blog-magazine","8":"product_cat-themes","9":"product_cat-wordpress-themes","10":"product_tag-themify","11":"member-discount","12":"discount-restricted","14":"first","15":"instock","16":"sale","17":"downloadable","18":"virtual","19":"sold-individually","20":"purchasable","21":"product-type-simple"},"_links":{"self":[{"href":"https:\/\/gpl-love.com\/fr\/wp-json\/wp\/v2\/product\/134615","targetHints":{"allow":["GET"]}}],"collection":[{"href":"https:\/\/gpl-love.com\/fr\/wp-json\/wp\/v2\/product"}],"about":[{"href":"https:\/\/gpl-love.com\/fr\/wp-json\/wp\/v2\/types\/product"}],"replies":[{"embeddable":true,"href":"https:\/\/gpl-love.com\/fr\/wp-json\/wp\/v2\/comments?post=134615"}],"wp:featuredmedia":[{"embeddable":true,"href":"https:\/\/gpl-love.com\/fr\/wp-json\/wp\/v2\/media\/145532"}],"wp:attachment":[{"href":"https:\/\/gpl-love.com\/fr\/wp-json\/wp\/v2\/media?parent=134615"}],"wp:term":[{"taxonomy":"product_brand","embeddable":true,"href":"https:\/\/gpl-love.com\/fr\/wp-json\/wp\/v2\/product_brand?post=134615"},{"taxonomy":"product_cat","embeddable":true,"href":"https:\/\/gpl-love.com\/fr\/wp-json\/wp\/v2\/product_cat?post=134615"},{"taxonomy":"product_tag","embeddable":true,"href":"https:\/\/gpl-love.com\/fr\/wp-json\/wp\/v2\/product_tag?post=134615"}],"curies":[{"name":"wp","href":"https:\/\/api.w.org\/{rel}","templated":true}]}}