{"id":134613,"date":"2024-12-10T00:00:00","date_gmt":"2024-12-09T23:00:00","guid":{"rendered":"https:\/\/gpl-love.com\/fr\/produit\/themify-grido-wordpress-theme\/"},"modified":"2026-03-20T23:40:13","modified_gmt":"2026-03-20T22:40:13","slug":"themify-grido-wordpress-theme","status":"publish","type":"product","link":"https:\/\/gpl-love.com\/fr\/produit\/themify-grido-wordpress-theme\/","title":{"rendered":"Themify Grido Theme 7.5.5"},"content":{"rendered":"<h3>Themify Grido Theme Traits<\/h3>\n<p>Le th\u00e8me de The Th\u00e9ify Grido, visuellement \u00e9tonnant et hautement personnalisable, a \u00e9t\u00e9 sp\u00e9cialement con\u00e7u pour les blogueurs, les photographes et autres cr\u00e9ateurs de contenu. L&rsquo;une de ses fonctionnalit\u00e9s notables est sa disposition de grille r\u00e9active, qui s&rsquo;adapte sans effort pour s&rsquo;adapter \u00e0 n&rsquo;importe quelle taille d&rsquo;\u00e9cran, garantissant que votre contenu pr\u00e9cieux peut \u00eatre consult\u00e9 sans effort sur des ordinateurs de bureau, des tablettes et des appareils mobiles. En outre, le th\u00e8me offre une vaste gamme d&rsquo;options de personnalisation, y compris une pl\u00e9thore de choix de couleurs illimit\u00e9s, la possibilit\u00e9 de personnaliser la typographie en fonction de vos pr\u00e9f\u00e9rences sp\u00e9cifiques et une vari\u00e9t\u00e9 d&rsquo;options de mise en page adapt\u00e9es \u00e0 votre vision cr\u00e9ative. En plus de ces fonctionnalit\u00e9s impressionnantes, le th\u00e8me poss\u00e8de \u00e9galement une gamme de fonctionnalit\u00e9s int\u00e9gr\u00e9es, telles que l&rsquo;int\u00e9gration des m\u00e9dias sociaux sans couture, un en-t\u00eate enti\u00e8rement personnalisable et un puissant constructeur de pages de glisser-d\u00e9poser, qui vous permettent tous de fabriquer sans effort Pages et poteaux visuellement frappants en quelques minutes. Que vous soyez un blogueur chevronn\u00e9 avec des ann\u00e9es d&rsquo;exp\u00e9rience \u00e0 votre actif ou un novice qui se lance dans votre parcours de blogs, le th\u00e8me de The Th\u00e9siy Grido est ind\u00e9niablement le choix id\u00e9al pour les personnes cherchant \u00e0 \u00e9tablir une pr\u00e9sence en ligne professionnelle et captivante.<\/p>\n<ul>\n<li>Design \u00e9l\u00e9gant et moderne pour un look professionnel<\/li>\n<li>Disposition enti\u00e8rement r\u00e9active et adapt\u00e9e aux mobiles<\/li>\n<li>Faire glisser et d\u00e9poser un constructeur pour une personnalisation facile<\/li>\n<li>Plusieurs options de disposition \u00e0 choisir<\/li>\n<li>Int\u00e9gration avec des plugins populaires tels que WooCommerce et Formulaire de contact 7<\/li>\n<li>Zones de t\u00eate et de pied de page personnalisables<\/li>\n<li>Options de couleurs illimit\u00e9es pour correspondre \u00e0 votre marque<\/li>\n<li>SEO optimis\u00e9 pour une meilleure visibilit\u00e9 des moteurs de recherche<\/li>\n<li>Traduction pr\u00eate pour un public mondial<\/li>\n<li>Documentation compl\u00e8te et soutien de l&rsquo;\u00e9quipe de The Th\u00e9ify.<\/li>\n<\/ul>\n","protected":false},"excerpt":{"rendered":"<p>Le th\u00e8me de The Th\u00e9ify Grido poss\u00e8de un th\u00e8me WordPress visuellement captivant et extr\u00eamement modifiable qui est parfaitement adapt\u00e9 pour pr\u00e9senter votre portefeuille, blog ou votre site Web d&rsquo;entreprise. Avec sa disposition contemporaine et bas\u00e9e sur la grille, ainsi qu&rsquo;un \u00e9ventail de choix de personnalisation conviviaux, vous pouvez diff\u00e9rencier sans effort votre site Web des autres. Le th\u00e8me du Grido montre une r\u00e9activit\u00e9 compl\u00e8te et une convivialit\u00e9 mobile, accompagn\u00e9e de nombreux mod\u00e8les et widgets pr\u00e9d\u00e9finis pour faciliter la personnalisation de votre site. Que vous vous identifiiez en tant que designer, photographe ou blogueur, le th\u00e8me de The Th\u00e9siy Grido constitue sans \u00e9quivoque un instrument essentiel pour construire un site Web qui \u00e9mane du professionnalisme et se distingue de ses homologues dans le paysage num\u00e9rique comp\u00e9titif.<\/p>\n","protected":false},"featured_media":145531,"comment_status":"open","ping_status":"open","template":"","meta":[],"product_brand":[2674],"product_cat":[1220,1212,1213],"product_tag":[1375],"class_list":{"0":"post-134613","1":"product","2":"type-product","3":"status-publish","4":"has-post-thumbnail","6":"product_brand-themify","7":"product_cat-blog-magazine","8":"product_cat-themes","9":"product_cat-wordpress-themes","10":"product_tag-themify","11":"member-discount","12":"discount-restricted","14":"first","15":"instock","16":"sale","17":"downloadable","18":"virtual","19":"sold-individually","20":"purchasable","21":"product-type-simple"},"_links":{"self":[{"href":"https:\/\/gpl-love.com\/fr\/wp-json\/wp\/v2\/product\/134613","targetHints":{"allow":["GET"]}}],"collection":[{"href":"https:\/\/gpl-love.com\/fr\/wp-json\/wp\/v2\/product"}],"about":[{"href":"https:\/\/gpl-love.com\/fr\/wp-json\/wp\/v2\/types\/product"}],"replies":[{"embeddable":true,"href":"https:\/\/gpl-love.com\/fr\/wp-json\/wp\/v2\/comments?post=134613"}],"wp:featuredmedia":[{"embeddable":true,"href":"https:\/\/gpl-love.com\/fr\/wp-json\/wp\/v2\/media\/145531"}],"wp:attachment":[{"href":"https:\/\/gpl-love.com\/fr\/wp-json\/wp\/v2\/media?parent=134613"}],"wp:term":[{"taxonomy":"product_brand","embeddable":true,"href":"https:\/\/gpl-love.com\/fr\/wp-json\/wp\/v2\/product_brand?post=134613"},{"taxonomy":"product_cat","embeddable":true,"href":"https:\/\/gpl-love.com\/fr\/wp-json\/wp\/v2\/product_cat?post=134613"},{"taxonomy":"product_tag","embeddable":true,"href":"https:\/\/gpl-love.com\/fr\/wp-json\/wp\/v2\/product_tag?post=134613"}],"curies":[{"name":"wp","href":"https:\/\/api.w.org\/{rel}","templated":true}]}}