{"id":134611,"date":"2024-12-10T00:00:00","date_gmt":"2024-12-09T23:00:00","guid":{"rendered":"https:\/\/gpl-love.com\/fr\/produit\/themify-funki-wordpress-theme\/"},"modified":"2026-03-20T23:40:13","modified_gmt":"2026-03-20T22:40:13","slug":"themify-funki-wordpress-theme","status":"publish","type":"product","link":"https:\/\/gpl-love.com\/fr\/produit\/themify-funki-wordpress-theme\/","title":{"rendered":"Themify Funki Theme 7.5.5"},"content":{"rendered":"<h3>Themify Funki Theme Traits<\/h3>\n<p>Le th\u00e8me de The Th\u00e9ify Funki, un th\u00e8me WordPress extr\u00eamement \u00e9l\u00e9gant et \u00e9l\u00e9gant, poss\u00e8de une allure ind\u00e9niable, ce qui le rend id\u00e9al pour ceux qui cherchent \u00e0 fa\u00e7onner un site Web distinctif et contemporain. B\u00e9n\u00e9ficiant d&rsquo;un design audacieux et vif, ce th\u00e8me garantit de catapulter votre site Web sous les projecteurs, garantissant qu&rsquo;il se s\u00e9pare de la multitude. Son r\u00e9pertoire comprend une page d&rsquo;accueil personnalisable remplie d&rsquo;un assortiment de possibilit\u00e9s de mise en page, ainsi que d&rsquo;un tableau de plusieurs formats de poste et de widgets sur mesure. Tirant l&rsquo;extraction de la puissance du constructeur de The Th\u00e9siy, vous pouvez faire glisser et d\u00e9poser sans effort divers \u00e9l\u00e9ments pour construire m\u00e9ticuleusement votre site, tout en sachant que sa conception r\u00e9active garantit un attrait visuel in\u00e9gal\u00e9 sur tous les appareils imaginables. Que ce soit un blog, un portefeuille ou un site Web d&rsquo;entreprise, assurez-vous que le th\u00e8me Funki s&rsquo;av\u00e9rera un choix exceptionnel pour toute personne ayant une affinit\u00e9 pour des th\u00e8mes dynamiques et dynamiques.<\/p>\n<ul>\n<li>Un th\u00e8me WordPress moderne et \u00e9l\u00e9gant avec une touche amusante et funky<\/li>\n<li>Propose un sch\u00e9ma de couleurs audacieux et dynamique pour faire ressortir votre contenu<\/li>\n<li>Livr\u00e9 avec plusieurs dispositions pr\u00e9-con\u00e7ues pour une personnalisation et une flexibilit\u00e9 faciles<\/li>\n<li>Enti\u00e8rement r\u00e9actif et adapt\u00e9 aux mobiles, garantir que votre site Web a fi\u00e8re allure sur tous les appareils<\/li>\n<li>Comprend un constructeur de glisser-d\u00e9poser puissant et intuitif pour la cr\u00e9ation de pages faciles<\/li>\n<li>Offre une vari\u00e9t\u00e9 d&rsquo;options personnalisables, y compris des polices, des images d&rsquo;arri\u00e8re-plan et plus<\/li>\n<li>Con\u00e7u pour \u00eatre convivial pour le r\u00e9f\u00e9rencement, avec un code optimis\u00e9 et un balisage de sch\u00e9ma int\u00e9gr\u00e9<\/li>\n<li>S&rsquo;int\u00e8gre parfaitement aux plugins populaires tels que WooCommerce et le formulaire de contact 7<\/li>\n<li>Une documentation et un soutien approfondis sont disponibles pour vous aider \u00e0 tirer le meilleur parti de votre th\u00e8me<\/li>\n<li>R\u00e9gime r\u00e9guli\u00e8rement avec de nouvelles fonctionnalit\u00e9s et am\u00e9liorations pour s&rsquo;assurer qu&rsquo;elle reste \u00e0 jour et s\u00e9curis\u00e9e.<\/li>\n<\/ul>\n","protected":false},"excerpt":{"rendered":"<p>Le th\u00e8me de The Th\u00e9ify Funki, un th\u00e8me WordPress exub\u00e9rant et audacieux, a \u00e9t\u00e9 m\u00e9ticuleusement con\u00e7u pour les individus imaginatifs et les agences num\u00e9riques avant-gardistes. Sa conception captivante et dynamique amplifie non seulement votre g\u00e9nie cr\u00e9atif, mais fournit \u00e9galement une plate-forme id\u00e9ale pour afficher votre impressionnant travail ou portefeuille. Offrant une pl\u00e9thore de widgets personnalisables, un support post-format transparent et une int\u00e9gration transparente avec diverses plateformes de m\u00e9dias sociaux, ce th\u00e8me facilite sans effort la promotion et la diffusion de votre contenu \u00e0 un public plus large. Que vous vous identifiiez comme un designer visionnaire, un photographe talentueux ou un blogueur perspicace, le th\u00e8me de The Thify Funki reste un choix exemplaire pour fa\u00e7onner un site Web engageant, agr\u00e9able et visuellement remarquable.<\/p>\n","protected":false},"featured_media":145530,"comment_status":"open","ping_status":"open","template":"","meta":[],"product_brand":[2674],"product_cat":[1220,1212,1213],"product_tag":[1375],"class_list":{"0":"post-134611","1":"product","2":"type-product","3":"status-publish","4":"has-post-thumbnail","6":"product_brand-themify","7":"product_cat-blog-magazine","8":"product_cat-themes","9":"product_cat-wordpress-themes","10":"product_tag-themify","11":"member-discount","12":"discount-restricted","14":"first","15":"instock","16":"sale","17":"downloadable","18":"virtual","19":"sold-individually","20":"purchasable","21":"product-type-simple"},"_links":{"self":[{"href":"https:\/\/gpl-love.com\/fr\/wp-json\/wp\/v2\/product\/134611","targetHints":{"allow":["GET"]}}],"collection":[{"href":"https:\/\/gpl-love.com\/fr\/wp-json\/wp\/v2\/product"}],"about":[{"href":"https:\/\/gpl-love.com\/fr\/wp-json\/wp\/v2\/types\/product"}],"replies":[{"embeddable":true,"href":"https:\/\/gpl-love.com\/fr\/wp-json\/wp\/v2\/comments?post=134611"}],"wp:featuredmedia":[{"embeddable":true,"href":"https:\/\/gpl-love.com\/fr\/wp-json\/wp\/v2\/media\/145530"}],"wp:attachment":[{"href":"https:\/\/gpl-love.com\/fr\/wp-json\/wp\/v2\/media?parent=134611"}],"wp:term":[{"taxonomy":"product_brand","embeddable":true,"href":"https:\/\/gpl-love.com\/fr\/wp-json\/wp\/v2\/product_brand?post=134611"},{"taxonomy":"product_cat","embeddable":true,"href":"https:\/\/gpl-love.com\/fr\/wp-json\/wp\/v2\/product_cat?post=134611"},{"taxonomy":"product_tag","embeddable":true,"href":"https:\/\/gpl-love.com\/fr\/wp-json\/wp\/v2\/product_tag?post=134611"}],"curies":[{"name":"wp","href":"https:\/\/api.w.org\/{rel}","templated":true}]}}