{"id":134609,"date":"2024-12-10T00:00:00","date_gmt":"2024-12-09T23:00:00","guid":{"rendered":"https:\/\/gpl-love.com\/fr\/produit\/themify-fullscreen-wordpress-theme\/"},"modified":"2026-03-20T23:40:12","modified_gmt":"2026-03-20T22:40:12","slug":"themify-fullscreen-wordpress-theme","status":"publish","type":"product","link":"https:\/\/gpl-love.com\/fr\/produit\/themify-fullscreen-wordpress-theme\/","title":{"rendered":"Themify Fullscreen Theme 7.5.5"},"content":{"rendered":"<h3>Themify Fullscreen Theme Traits<\/h3>\n<p>Le th\u00e8me THEFIFY FULLSCREEN est un th\u00e8me WordPress extr\u00eamement con\u00e7u et tr\u00e8s r\u00e9actif qui offre une exp\u00e9rience immersive et captivante pour les personnes qui visitent des sites Web. Ce th\u00e8me exceptionnel pr\u00e9sente une fonctionnalit\u00e9 de diaporama \u00e0 \u00e9cran complet remarquable qui permet aux utilisateurs d&rsquo;afficher efficacement leur travail et leurs marchandises de mani\u00e8re visuellement frappante et accrocheuse. Avec sa vaste gamme d&rsquo;options de mise en page personnalisables et adaptables, les utilisateurs sont capables de fa\u00e7onner sans effort un site Web distinctif et poli qui r\u00e9pond \u00e0 leurs exigences sp\u00e9cifiques et leurs pr\u00e9f\u00e9rences personnelles. En outre, ce th\u00e8me a \u00e9t\u00e9 complexe optimis\u00e9 pour les moteurs de recherche, garantissant ainsi que votre site Web peut \u00eatre d\u00e9couvert sans effort par des clients potentiels. Que vous vous identifiiez comme un photographe qualifi\u00e9, un artiste talentueux, un designer visionnaire ou un blogueur influent, le th\u00e8me THEFIFY FULLScreen repr\u00e9sente ind\u00e9niablement un choix exceptionnel pour cr\u00e9er une pr\u00e9sence en ligne vraiment captivante et remarquablement m\u00e9morable.<\/p>\n<ul>\n<li>Engager un design complet pour un look professionnel et moderne<\/li>\n<li>Disposition r\u00e9active qui s&rsquo;adapte \u00e0 toute taille d&rsquo;\u00e9cran pour l&rsquo;exp\u00e9rience utilisateur sans couture<\/li>\n<li>Zones de t\u00eate et de pied de page personnalisables pour les options de marque et de messagerie uniques<\/li>\n<li>Multipliers et dispositions de portefeuille pour pr\u00e9senter votre contenu avec facilit\u00e9<\/li>\n<li>Sites de d\u00e9monstration pr\u00e9d\u00e9finis pour relancer votre processus de conception et mettre votre site op\u00e9rationnel rapidement<\/li>\n<li>Options de personnalisation pour les polices, les couleurs et les arri\u00e8re-plans qui correspondent \u00e0 l&rsquo;esth\u00e9tique souhait\u00e9e<\/li>\n<li>Boutons de partage social int\u00e9gr\u00e9s pour une visibilit\u00e9 maximale et un engagement du public<\/li>\n<li>Int\u00e9gration avec des plugins de commerce \u00e9lectronique et de formulaire de contact populaires pour une fonctionnalit\u00e9 et une polyvalence accrues<\/li>\n<li>Fonctionnement de parallaxe en option et d&rsquo;arri\u00e8re-plan vid\u00e9o pour un int\u00e9r\u00eat visuel et une interactivit\u00e9 suppl\u00e9mentaires<\/li>\n<li>Support et mises \u00e0 jour continues pour s&rsquo;assurer que le th\u00e8me reste \u00e0 jour avec l&rsquo;\u00e9volution des normes de conception Web.<\/li>\n<\/ul>\n","protected":false},"excerpt":{"rendered":"<p>Le th\u00e8me THEFIFY complet, un th\u00e8me WordPress visuellement remarquable et contemporain, a \u00e9t\u00e9 sp\u00e9cifiquement con\u00e7u pour montrer votre contenu de mani\u00e8re compl\u00e8te. Sa mise en page est hautement personnalisable et sa typographie est d\u00e9licieusement con\u00e7ue, ce qui en fait le choix id\u00e9al pour les photographes, les cr\u00e9atifs et quiconque d\u00e9sirant \u00e9tablir une pr\u00e9sence en ligne frappante et captivante. De plus, le th\u00e8me THEFIFY FULLSCHERS propose une large gamme d&rsquo;options de couleurs et de polices qui peuvent \u00eatre adapt\u00e9es aux pr\u00e9f\u00e9rences individuelles, et il assure une exp\u00e9rience utilisateur transparente sur tous les appareils en raison de sa r\u00e9activit\u00e9 compl\u00e8te. Que l&rsquo;on vise \u00e0 organiser un portefeuille, \u00e0 pr\u00e9senter leur travail ou \u00e0 \u00e9tablir un blog, le th\u00e8me THEFIFY FULLSCHEEN est une s\u00e9lection puissante et sophistiqu\u00e9e.<\/p>\n","protected":false},"featured_media":145529,"comment_status":"open","ping_status":"open","template":"","meta":[],"product_brand":[2674],"product_cat":[1242,1212,1213],"product_tag":[1375],"class_list":{"0":"post-134609","1":"product","2":"type-product","3":"status-publish","4":"has-post-thumbnail","6":"product_brand-themify","7":"product_cat-creatif","8":"product_cat-themes","9":"product_cat-wordpress-themes","10":"product_tag-themify","11":"member-discount","12":"discount-restricted","14":"first","15":"instock","16":"sale","17":"downloadable","18":"virtual","19":"sold-individually","20":"purchasable","21":"product-type-simple"},"_links":{"self":[{"href":"https:\/\/gpl-love.com\/fr\/wp-json\/wp\/v2\/product\/134609","targetHints":{"allow":["GET"]}}],"collection":[{"href":"https:\/\/gpl-love.com\/fr\/wp-json\/wp\/v2\/product"}],"about":[{"href":"https:\/\/gpl-love.com\/fr\/wp-json\/wp\/v2\/types\/product"}],"replies":[{"embeddable":true,"href":"https:\/\/gpl-love.com\/fr\/wp-json\/wp\/v2\/comments?post=134609"}],"wp:featuredmedia":[{"embeddable":true,"href":"https:\/\/gpl-love.com\/fr\/wp-json\/wp\/v2\/media\/145529"}],"wp:attachment":[{"href":"https:\/\/gpl-love.com\/fr\/wp-json\/wp\/v2\/media?parent=134609"}],"wp:term":[{"taxonomy":"product_brand","embeddable":true,"href":"https:\/\/gpl-love.com\/fr\/wp-json\/wp\/v2\/product_brand?post=134609"},{"taxonomy":"product_cat","embeddable":true,"href":"https:\/\/gpl-love.com\/fr\/wp-json\/wp\/v2\/product_cat?post=134609"},{"taxonomy":"product_tag","embeddable":true,"href":"https:\/\/gpl-love.com\/fr\/wp-json\/wp\/v2\/product_tag?post=134609"}],"curies":[{"name":"wp","href":"https:\/\/api.w.org\/{rel}","templated":true}]}}