{"id":134607,"date":"2026-04-16T00:00:00","date_gmt":"2026-04-15T22:00:00","guid":{"rendered":"https:\/\/gpl-love.com\/fr\/produit\/themify-fullpane-wordpress-theme\/"},"modified":"2026-04-17T00:31:05","modified_gmt":"2026-04-16T22:31:05","slug":"themify-fullpane-wordpress-theme","status":"publish","type":"product","link":"https:\/\/gpl-love.com\/fr\/produit\/themify-fullpane-wordpress-theme\/","title":{"rendered":"Themify Fullpane Theme 8.0.1"},"content":{"rendered":"<h3>Themify Fullpane Theme Traits<\/h3>\n<p>Le th\u00e8me Fullpane The Th\u00e9ify est un th\u00e8me WordPress extr\u00eamement mall\u00e9able et visuellement \u00e9tonnant, qui distinguera assur\u00e9ment votre site Web au milieu des multitudes. B\u00e9n\u00e9ficiant de son curseur pleine largeur unique, de son d\u00e9filement de parallaxe et de ses images d&rsquo;arri\u00e8re-plan personnalisables, FullPane accorde une exp\u00e9rience utilisateur globale qui captivera ind\u00e9niablement vos visiteurs. De plus, ce th\u00e8me englobe une pl\u00e9thore de fonctionnalit\u00e9s avantageuses, y compris un constructeur de pages glisser-d\u00e9poser, l&rsquo;int\u00e9gration avec diverses plateformes de m\u00e9dias sociaux et des widgets personnalisables. Ind\u00e9pendamment de savoir si vous aspirez \u00e0 cr\u00e9er un site Web de portefeuille, un site Web ax\u00e9 sur les entreprises ou un blog, FullPane est un choix exceptionnel, garantissant un site Web visuellement frappant et fonctionnellement efficace.<\/p>\n<ul>\n<li>Id\u00e9al pour cr\u00e9er des sites Web immersifs visuellement \u00e9poustouflants avec sa disposition compl\u00e8te<\/li>\n<li>Comprend plus de 60 d\u00e9mos pr\u00e9-con\u00e7ues pour une configuration facile et rapide<\/li>\n<li>Livr\u00e9 avec diverses options de personnalisation telles que les sch\u00e9mas de couleurs, les polices et les mod\u00e8les de page<\/li>\n<li>A un g\u00e9n\u00e9rateur de glisser-d\u00e9poser pour la cr\u00e9ation de pages et d&rsquo;\u00e9l\u00e9ments faciles<\/li>\n<li>Caract\u00e9ristiques des effets de d\u00e9filement de parallaxe et des options d&rsquo;animation<\/li>\n<li>Offre des options de fond vid\u00e9o et de curseur pour une exp\u00e9rience de site Web dynamique<\/li>\n<li>Fournit une documentation et un soutien approfondis de THEFIFY<\/li>\n<\/ul>\n","protected":false},"excerpt":{"rendered":"<p>Le th\u00e8me Fullpane The Th\u00e9ify, qui a \u00e9t\u00e9 acclam\u00e9 pour sa polyvalence et son attrait esth\u00e9tique, est un mod\u00e8le exceptionnellement adaptable et visuellement captivant qui a \u00e9t\u00e9 sp\u00e9cifiquement con\u00e7u pour les sites Web qui priorisent l&rsquo;int\u00e9gration du contenu multim\u00e9dia. B\u00e9n\u00e9ficiant d&rsquo;une pl\u00e9thore de dispositions diverses, de styles distinctifs et d&rsquo;une impressionnante gamme de fonctionnalit\u00e9s qui englobe les curseurs pleine largeur, les arri\u00e8re-plans vid\u00e9o, la possibilit\u00e9 d&rsquo;impl\u00e9menter de mani\u00e8re transparente le d\u00e9filement de parallaxe et les widgets enti\u00e8rement personnalisables, ce th\u00e8me fournit une bo\u00eete \u00e0 outils de l&rsquo;encommochement globale pour Designers et passionn\u00e9s de sites Web. Un attribut notable de ce th\u00e8me est sa conception r\u00e9active, garantissant que votre site Web semblera impeccable et fonctionnera parfaitement sur divers appareils et tailles d&rsquo;\u00e9cran. Notamment, l&rsquo;interface intuitive glisser-d\u00e9poser \u00e9limine le besoin d&rsquo;expertise en codage, accordant aux utilisateurs la libert\u00e9 de g\u00e9rer sans effort des pages impressionnantes et dynamiques avec un minimum d&rsquo;effort. Ce th\u00e8me s&rsquo;adresse \u00e0 un large \u00e9ventail d&rsquo;industries et de professions, englobant les agences cr\u00e9atives, les photographes, les artistes et les blogueurs, qui souhaitent tous exposer leur travail d&rsquo;une mani\u00e8re visuellement captivante et contemporaine qui r\u00e9sonne avec leur public cible.<\/p>\n","protected":false},"featured_media":145528,"comment_status":"open","ping_status":"open","template":"","meta":[],"product_brand":[2674],"product_cat":[1516,1212,1213],"product_tag":[1375],"class_list":{"0":"post-134607","1":"product","2":"type-product","3":"status-publish","4":"has-post-thumbnail","6":"product_brand-themify","7":"product_cat-entreprise","8":"product_cat-themes","9":"product_cat-wordpress-themes","10":"product_tag-themify","11":"member-discount","12":"discount-restricted","14":"first","15":"instock","16":"sale","17":"downloadable","18":"virtual","19":"sold-individually","20":"purchasable","21":"product-type-simple"},"_links":{"self":[{"href":"https:\/\/gpl-love.com\/fr\/wp-json\/wp\/v2\/product\/134607","targetHints":{"allow":["GET"]}}],"collection":[{"href":"https:\/\/gpl-love.com\/fr\/wp-json\/wp\/v2\/product"}],"about":[{"href":"https:\/\/gpl-love.com\/fr\/wp-json\/wp\/v2\/types\/product"}],"replies":[{"embeddable":true,"href":"https:\/\/gpl-love.com\/fr\/wp-json\/wp\/v2\/comments?post=134607"}],"wp:featuredmedia":[{"embeddable":true,"href":"https:\/\/gpl-love.com\/fr\/wp-json\/wp\/v2\/media\/145528"}],"wp:attachment":[{"href":"https:\/\/gpl-love.com\/fr\/wp-json\/wp\/v2\/media?parent=134607"}],"wp:term":[{"taxonomy":"product_brand","embeddable":true,"href":"https:\/\/gpl-love.com\/fr\/wp-json\/wp\/v2\/product_brand?post=134607"},{"taxonomy":"product_cat","embeddable":true,"href":"https:\/\/gpl-love.com\/fr\/wp-json\/wp\/v2\/product_cat?post=134607"},{"taxonomy":"product_tag","embeddable":true,"href":"https:\/\/gpl-love.com\/fr\/wp-json\/wp\/v2\/product_tag?post=134607"}],"curies":[{"name":"wp","href":"https:\/\/api.w.org\/{rel}","templated":true}]}}