{"id":134605,"date":"2025-11-02T00:00:00","date_gmt":"2025-11-01T23:00:00","guid":{"rendered":"https:\/\/gpl-love.com\/fr\/produit\/themify-float-wordpress-theme\/"},"modified":"2026-04-10T18:42:46","modified_gmt":"2026-04-10T16:42:46","slug":"themify-float-wordpress-theme","status":"publish","type":"product","link":"https:\/\/gpl-love.com\/fr\/produit\/themify-float-wordpress-theme\/","title":{"rendered":"Themify Float Theme 7.6.3"},"content":{"rendered":"<h3>Themify Float Theme Traits<\/h3>\n<p>Le th\u00e8me Float The Th\u00e9ify, un th\u00e8me WordPress premium, est con\u00e7u de mani\u00e8re experte pour r\u00e9volutionner compl\u00e8tement l&rsquo;apparence de n&rsquo;importe quel site Web, ce qui le rend une plate-forme en ligne \u00e9tonnante et visuellement captivante. Le th\u00e8me flottant, avec ses composants de conception \u00e9l\u00e9gants et contemporains, d\u00e9gage un air de sophistication et est parfaitement adapt\u00e9 \u00e0 tout site Web qui aspire \u00e0 pr\u00e9senter son contenu de mani\u00e8re lucide et concise. Ce th\u00e8me est \u00e9quip\u00e9 d&rsquo;une vaste gamme de fonctionnalit\u00e9s formidables, telles que des dispositions personnalisables, des sch\u00e9mas de couleurs multiples et un constructeur de pages de glisser-d\u00e9poser de pointe, offrant la plus grande commodit\u00e9 dans le processus de conception et de personnalisation de votre site Web. De plus, le th\u00e8me du flotteur est m\u00e9ticuleusement optimis\u00e9 pour assurer un chargement rapide et efficace de votre site Web, garantissant ainsi une vitesse et des performances optimales. Que vous vous identifiiez en tant que blogueur, d\u00e9taillant en ligne ou propri\u00e9taire d&rsquo;entreprise, le th\u00e8me de Float de The Thify se d\u00e9marque incontestablement comme un choix exemplaire pour ceux qui cherchent \u00e0 \u00e9lever leur pr\u00e9sence en ligne et \u00e0 laisser une impression durable.<\/p>\n<ul>\n<li>Th\u00e8me WordPress hautement personnalisable con\u00e7u pour pr\u00e9senter votre contenu dans une mise en page moderne et r\u00e9active<\/li>\n<li>Le constructeur de page de glisser-d\u00e9poser int\u00e9gr\u00e9 permet une personnalisation facile de la mise en page et de la conception<\/li>\n<li>Livr\u00e9 avec une vari\u00e9t\u00e9 de mod\u00e8les pr\u00e9-con\u00e7us pour les pages, les poteaux et les portefeuilles<\/li>\n<li>Le panneau d&rsquo;options de th\u00e8me avanc\u00e9 permet un r\u00e9glage fin de la typographie, des sch\u00e9mas de couleurs, et plus encore<\/li>\n<li>Prend en charge un large \u00e9ventail de types de m\u00e9dias, y compris l&rsquo;int\u00e9gration des m\u00e9dias sociaux et les arri\u00e8re-plans vid\u00e9o<\/li>\n<li>Comprend divers widgets et shortcodes pour des fonctionnalit\u00e9s et des options de personnalisation suppl\u00e9mentaires<\/li>\n<li>Enti\u00e8rement compatible avec WooCommerce pour une int\u00e9gration transparente avec votre boutique en ligne<\/li>\n<li>Les mises \u00e0 jour r\u00e9guli\u00e8res et l&rsquo;\u00e9quipe d&rsquo;assistance d\u00e9di\u00e9e garantissent une fonctionnalit\u00e9 continue et une satisfaction des utilisateurs<\/li>\n<li>La garantie de remboursement de 30 jours offre une tranquillit\u00e9 d&rsquo;esprit \u00e0 ceux qui h\u00e9sitent \u00e0 essayer quelque chose de nouveau.<\/li>\n<\/ul>\n","protected":false},"excerpt":{"rendered":"<p>Le th\u00e8me du float The Th\u00e9ify a \u00e9t\u00e9 m\u00e9ticuleusement con\u00e7u pour pr\u00e9senter un th\u00e8me WordPress contemporain et raffin\u00e9 qui accorde \u00e0 votre site Web une ambiance \u00e9l\u00e9gante et sophistiqu\u00e9e. Ce th\u00e8me particulier sert d&rsquo;option impeccable pour les entreprises et les particuliers, car elle leur permet de pr\u00e9senter leurs services, produits ou portefeuilles dans une plate-forme en ligne. De plus, ce th\u00e8me poss\u00e8de un niveau de personnalisation exceptionnel car il englobe une pl\u00e9thore de dispositions, de widgets et de sch\u00e9mas de couleurs, vous permettant ainsi de fa\u00e7onner un site Web qui capture l&rsquo;essence de votre marque et transmet efficacement le message souhait\u00e9. De plus, le th\u00e8me Float The Thify est enti\u00e8rement \u00e9quip\u00e9 de la r\u00e9activit\u00e9 mobile, garantissant que votre site Web m\u00e9ticuleusement con\u00e7u d\u00e9gage une aura de perfection sur tous les appareils, allant des ordinateurs de bureau vers les smartphones et les tablettes. Que vous vous \u00e9tiquetiez en tant que blogueur, pigiste ou professionnel de l&rsquo;entreprise, le th\u00e8me du flotteur The Thify sera sans aucun doute le choix par excellence pour r\u00e9aliser vos objectifs de construction d&rsquo;un site WordPress fonctionnellement fonctionnel visuellement frappant et sans effort.<\/p>\n","protected":false},"featured_media":145527,"comment_status":"open","ping_status":"open","template":"","meta":[],"product_brand":[2674],"product_cat":[1516,1212,1213],"product_tag":[1375],"class_list":{"0":"post-134605","1":"product","2":"type-product","3":"status-publish","4":"has-post-thumbnail","6":"product_brand-themify","7":"product_cat-entreprise","8":"product_cat-themes","9":"product_cat-wordpress-themes","10":"product_tag-themify","11":"member-discount","12":"discount-restricted","14":"first","15":"instock","16":"sale","17":"downloadable","18":"virtual","19":"sold-individually","20":"purchasable","21":"product-type-simple"},"_links":{"self":[{"href":"https:\/\/gpl-love.com\/fr\/wp-json\/wp\/v2\/product\/134605","targetHints":{"allow":["GET"]}}],"collection":[{"href":"https:\/\/gpl-love.com\/fr\/wp-json\/wp\/v2\/product"}],"about":[{"href":"https:\/\/gpl-love.com\/fr\/wp-json\/wp\/v2\/types\/product"}],"replies":[{"embeddable":true,"href":"https:\/\/gpl-love.com\/fr\/wp-json\/wp\/v2\/comments?post=134605"}],"wp:featuredmedia":[{"embeddable":true,"href":"https:\/\/gpl-love.com\/fr\/wp-json\/wp\/v2\/media\/145527"}],"wp:attachment":[{"href":"https:\/\/gpl-love.com\/fr\/wp-json\/wp\/v2\/media?parent=134605"}],"wp:term":[{"taxonomy":"product_brand","embeddable":true,"href":"https:\/\/gpl-love.com\/fr\/wp-json\/wp\/v2\/product_brand?post=134605"},{"taxonomy":"product_cat","embeddable":true,"href":"https:\/\/gpl-love.com\/fr\/wp-json\/wp\/v2\/product_cat?post=134605"},{"taxonomy":"product_tag","embeddable":true,"href":"https:\/\/gpl-love.com\/fr\/wp-json\/wp\/v2\/product_tag?post=134605"}],"curies":[{"name":"wp","href":"https:\/\/api.w.org\/{rel}","templated":true}]}}