{"id":134603,"date":"2024-12-07T00:00:00","date_gmt":"2024-12-06T23:00:00","guid":{"rendered":"https:\/\/gpl-love.com\/fr\/produit\/themify-flatshop-woocommerce-theme\/"},"modified":"2026-04-10T18:42:45","modified_gmt":"2026-04-10T16:42:45","slug":"themify-flatshop-woocommerce-theme","status":"publish","type":"product","link":"https:\/\/gpl-love.com\/fr\/produit\/themify-flatshop-woocommerce-theme\/","title":{"rendered":"Themify Flatshop Theme 7.5.7"},"content":{"rendered":"<h3>Themify Flatshop Theme Traits<\/h3>\n<p>Le th\u00e8me de Flatshop Th\u00e9ify, un th\u00e8me WordPress de commerce \u00e9lectronique exquis et contemporain, offre une myriade de possibilit\u00e9s et une interface utilisateur esth\u00e9tique pour les magasins en ligne. Autoriser les utilisateurs avec une disposition personnalisable et un panneau d&rsquo;options accessible, ce th\u00e8me permet sans effort la cr\u00e9ation d&rsquo;une boutique en ligne distinctive et personnalis\u00e9e. La r\u00e9activit\u00e9 et la compatibilit\u00e9 remarquables du th\u00e8me avec tous les principaux navigateurs en font un choix inclusif et accessible pour une gamme diversifi\u00e9e d&rsquo;utilisateurs. De plus, le th\u00e8me de Flatshop The Thify est m\u00e9ticuleusement con\u00e7u pour \u00eatre optimis\u00e9 par le r\u00e9f\u00e9rencement, garantissant des classements \u00e9lev\u00e9s sur les moteurs de recherche et am\u00e9liorant la visibilit\u00e9 et le trafic vers votre boutique en ligne. En conclusion, pour les propri\u00e9taires de magasins en ligne exigeants qui recherchent une solution de commerce \u00e9lectronique visuellement captivante et centr\u00e9e sur l&rsquo;utilisateur, le th\u00e8me de Flatshop The Thify appara\u00eet comme un choix exceptionnel et hautement louable.<\/p>\n<ul>\n<li>Th\u00e8me de commerce \u00e9lectronique r\u00e9actif et facile \u00e0 utiliser pour WordPress<\/li>\n<li>Conception moderne et minimaliste avec de nombreuses options de personnalisation<\/li>\n<li>Livr\u00e9 avec une prise en charge WooCommerce int\u00e9gr\u00e9e et des filtres de produit avanc\u00e9s<\/li>\n<li>Propose diverses mises en page et mod\u00e8les pr\u00e9-con\u00e7us pour les pages de produits<\/li>\n<li>S&rsquo;int\u00e8gre aux passerelles de paiement populaires et aux m\u00e9thodes d&rsquo;exp\u00e9dition<\/li>\n<li>A un g\u00e9n\u00e9rateur de pages glisser-d\u00e9poser et des widgets pour cr\u00e9er des dispositions personnalis\u00e9es<\/li>\n<li>Optimis\u00e9 pour la vitesse et le r\u00e9f\u00e9rencement, avec du code propre et valide<\/li>\n<li>Comprend la documentation et le support, ainsi que des mises \u00e0 jour r\u00e9guli\u00e8res et des corrections de bogues<\/li>\n<li>Convient \u00e0 tout type de boutique en ligne ou de march\u00e9, de la mode \u00e0 l&rsquo;\u00e9lectronique<\/li>\n<li>Offre une exp\u00e9rience d&rsquo;achat sans couture pour les clients, avec une navigation intuitive et un paiement rapide<\/li>\n<\/ul>\n","protected":false},"excerpt":{"rendered":"<p>Le th\u00e8me de Flatshop The Th\u00e9ify, \u00e9tant un th\u00e8me WordPress de haute qualit\u00e9, a \u00e9t\u00e9 habilement con\u00e7u pour r\u00e9pondre aux besoins des magasins en ligne et des sites Web de commerce \u00e9lectronique. Sa simplicit\u00e9 et sa conception minimaliste permettent non seulement un affichage visuellement attrayant de vos produits, mais permettent \u00e9galement une exp\u00e9rience d&rsquo;achat fluide et sans tracas pour vos clients estim\u00e9s. Ce qui distingue ce th\u00e8me, c&rsquo;est son impressionnant tableau de dispositions personnalisables, une pl\u00e9thore de sch\u00e9mas de couleurs \u00e0 choisir et l&rsquo;avantage suppl\u00e9mentaire de l&rsquo;int\u00e9gration WooCommerce int\u00e9gr\u00e9e. Toutes ces fonctionnalit\u00e9s remarquables se combinent pour fournir une solution sophistiqu\u00e9e et \u00e0 la mode pour la croissance et le succ\u00e8s de votre entreprise en ligne.<\/p>\n","protected":false},"featured_media":145526,"comment_status":"open","ping_status":"open","template":"","meta":[],"product_brand":[2674],"product_cat":[1238,1851,1212],"product_tag":[1375],"class_list":{"0":"post-134603","1":"product","2":"type-product","3":"status-publish","4":"has-post-thumbnail","6":"product_brand-themify","7":"product_cat-commerce-electronique-themes","8":"product_cat-entreprise-commerce-electronique-themes","9":"product_cat-themes","10":"product_tag-themify","11":"member-discount","12":"discount-restricted","14":"first","15":"instock","16":"sale","17":"downloadable","18":"virtual","19":"sold-individually","20":"purchasable","21":"product-type-simple"},"_links":{"self":[{"href":"https:\/\/gpl-love.com\/fr\/wp-json\/wp\/v2\/product\/134603","targetHints":{"allow":["GET"]}}],"collection":[{"href":"https:\/\/gpl-love.com\/fr\/wp-json\/wp\/v2\/product"}],"about":[{"href":"https:\/\/gpl-love.com\/fr\/wp-json\/wp\/v2\/types\/product"}],"replies":[{"embeddable":true,"href":"https:\/\/gpl-love.com\/fr\/wp-json\/wp\/v2\/comments?post=134603"}],"wp:featuredmedia":[{"embeddable":true,"href":"https:\/\/gpl-love.com\/fr\/wp-json\/wp\/v2\/media\/145526"}],"wp:attachment":[{"href":"https:\/\/gpl-love.com\/fr\/wp-json\/wp\/v2\/media?parent=134603"}],"wp:term":[{"taxonomy":"product_brand","embeddable":true,"href":"https:\/\/gpl-love.com\/fr\/wp-json\/wp\/v2\/product_brand?post=134603"},{"taxonomy":"product_cat","embeddable":true,"href":"https:\/\/gpl-love.com\/fr\/wp-json\/wp\/v2\/product_cat?post=134603"},{"taxonomy":"product_tag","embeddable":true,"href":"https:\/\/gpl-love.com\/fr\/wp-json\/wp\/v2\/product_tag?post=134603"}],"curies":[{"name":"wp","href":"https:\/\/api.w.org\/{rel}","templated":true}]}}