{"id":134601,"date":"2024-12-10T00:00:00","date_gmt":"2024-12-09T23:00:00","guid":{"rendered":"https:\/\/gpl-love.com\/fr\/produit\/themify-flat-wordpress-theme\/"},"modified":"2026-03-20T23:40:09","modified_gmt":"2026-03-20T22:40:09","slug":"themify-flat-wordpress-theme","status":"publish","type":"product","link":"https:\/\/gpl-love.com\/fr\/produit\/themify-flat-wordpress-theme\/","title":{"rendered":"Themify Flat Theme 7.5.7"},"content":{"rendered":"<h3>Themify Flat Theme Traits<\/h3>\n<p>Le th\u00e8me Flat Themy, un th\u00e8me WordPress personnalisable et enti\u00e8rement r\u00e9actif, est un excellent choix pour les individus et les entreprises qui cherchent \u00e0 \u00e9tablir une pr\u00e9sence en ligne contemporaine et polie. Ce th\u00e8me propose un constructeur de glisser-d\u00e9poser intuitif, permettant aux utilisateurs d&rsquo;\u00e9laborer sans effort des mises en page sur mesure sans avoir besoin d&rsquo;une expertise de codage ou de conception. De plus, il poss\u00e8de une s\u00e9lection diversifi\u00e9e de dispositions pr\u00e9-con\u00e7ues, de sch\u00e9mas de couleurs et d&rsquo;options de typographie, offrant aux utilisateurs la possibilit\u00e9 de personnaliser leurs sites Web conform\u00e9ment \u00e0 leur identit\u00e9 de marque ou \u00e0 leur style pr\u00e9f\u00e9r\u00e9. De plus, le th\u00e8me Flat Themy comprend un large \u00e9ventail de fonctionnalit\u00e9s, englobant l&rsquo;int\u00e9gration des m\u00e9dias sociaux, les widgets avanc\u00e9s et les outils d&rsquo;optimisation des moteurs de recherche, tous destin\u00e9s \u00e0 optimiser le trafic du site Web et \u00e0 faciliter l&rsquo;engagement des utilisateurs. En exploitant la puissance du th\u00e8me Flat The Thify, les particuliers et les entreprises peuvent cr\u00e9er des sites Web visuellement frappants et ex\u00e9cut\u00e9s par des professionnels qui ne laisseront pas une impression durable sur leurs visiteurs et clients.<\/p>\n<ul>\n<li>Un design \u00e9l\u00e9gant et moderne pour votre site Web<\/li>\n<li>Conception r\u00e9active qui a fi\u00e8re allure sur tous les appareils<\/li>\n<li>Builateur de glisser-d\u00e9poser pour une personnalisation facile<\/li>\n<li>Widgets personnalis\u00e9s pour des fonctionnalit\u00e9s suppl\u00e9mentaires<\/li>\n<li>Plusieurs sch\u00e9mas de couleurs au choix<\/li>\n<li>Optimisation de SEO int\u00e9gr\u00e9e pour am\u00e9liorer les classements de recherche<\/li>\n<li>Documentation et support approfondies pour une configuration et une maintenance faciles<\/li>\n<li>Int\u00e9gration avec des plugins populaires comme WooCommerce et Formulaire de contact &#8211;<\/li>\n<\/ul>\n","protected":false},"excerpt":{"rendered":"<p>Le th\u00e8me Flat Themy, un th\u00e8me WordPress \u00e9l\u00e9gant et contemporain, pr\u00e9sente un design adaptable et une interface conviviale. Sa mise en page est r\u00e9active et peut accueillir diverses tailles d&rsquo;\u00e9cran, ce qui le rend une s\u00e9lection exceptionnelle pour tout type de site Web. Ce th\u00e8me pr\u00e9sente de nombreuses options personnalisables, englobant des sch\u00e9mas de couleurs, des styles de police et des conceptions de mise en page, permettant ainsi la cr\u00e9ation d&rsquo;un site Web distinctif et visuellement captivant. De plus, il est \u00e9quip\u00e9 de widgets pr\u00e9install\u00e9s et de codes short, ce qui am\u00e9liore sa fonctionnalit\u00e9 et facilite la personnalisation sans effort. Gr\u00e2ce au th\u00e8me Flat Themy, les individus peuvent g\u00e9n\u00e9rer sans effort un site Web qui d\u00e9gage du professionnalisme, m\u00eame sans poss\u00e9der une expertise de codage.<\/p>\n","protected":false},"featured_media":145525,"comment_status":"open","ping_status":"open","template":"","meta":[],"product_brand":[2674],"product_cat":[1516,1212,1213],"product_tag":[1375],"class_list":{"0":"post-134601","1":"product","2":"type-product","3":"status-publish","4":"has-post-thumbnail","6":"product_brand-themify","7":"product_cat-entreprise","8":"product_cat-themes","9":"product_cat-wordpress-themes","10":"product_tag-themify","11":"member-discount","12":"discount-restricted","14":"first","15":"instock","16":"sale","17":"downloadable","18":"virtual","19":"sold-individually","20":"purchasable","21":"product-type-simple"},"_links":{"self":[{"href":"https:\/\/gpl-love.com\/fr\/wp-json\/wp\/v2\/product\/134601","targetHints":{"allow":["GET"]}}],"collection":[{"href":"https:\/\/gpl-love.com\/fr\/wp-json\/wp\/v2\/product"}],"about":[{"href":"https:\/\/gpl-love.com\/fr\/wp-json\/wp\/v2\/types\/product"}],"replies":[{"embeddable":true,"href":"https:\/\/gpl-love.com\/fr\/wp-json\/wp\/v2\/comments?post=134601"}],"wp:featuredmedia":[{"embeddable":true,"href":"https:\/\/gpl-love.com\/fr\/wp-json\/wp\/v2\/media\/145525"}],"wp:attachment":[{"href":"https:\/\/gpl-love.com\/fr\/wp-json\/wp\/v2\/media?parent=134601"}],"wp:term":[{"taxonomy":"product_brand","embeddable":true,"href":"https:\/\/gpl-love.com\/fr\/wp-json\/wp\/v2\/product_brand?post=134601"},{"taxonomy":"product_cat","embeddable":true,"href":"https:\/\/gpl-love.com\/fr\/wp-json\/wp\/v2\/product_cat?post=134601"},{"taxonomy":"product_tag","embeddable":true,"href":"https:\/\/gpl-love.com\/fr\/wp-json\/wp\/v2\/product_tag?post=134601"}],"curies":[{"name":"wp","href":"https:\/\/api.w.org\/{rel}","templated":true}]}}