{"id":134599,"date":"2024-12-10T00:00:00","date_gmt":"2024-12-09T23:00:00","guid":{"rendered":"https:\/\/gpl-love.com\/fr\/produit\/themify-event-wordpress-theme\/"},"modified":"2026-03-20T23:40:08","modified_gmt":"2026-03-20T22:40:08","slug":"themify-event-wordpress-theme","status":"publish","type":"product","link":"https:\/\/gpl-love.com\/fr\/produit\/themify-event-wordpress-theme\/","title":{"rendered":"Themify Event Theme 7.5.7"},"content":{"rendered":"<h3>Themify Event Theme Traits<\/h3>\n<p>Le th\u00e8me de l&rsquo;\u00e9v\u00e9nement offert par The Th\u00e9ify est une solution optimale pour les personnes cherchant \u00e0 cr\u00e9er un site Web d&rsquo;\u00e9v\u00e9nement qui d\u00e9gage le professionnalisme et captive le public. B\u00e9n\u00e9ficiant d&rsquo;une conception polyvalente et d&rsquo;un \u00e9ventail de fonctionnalit\u00e9s avanc\u00e9es, ce th\u00e8me facilite la cr\u00e9ation et la gestion sans effort de votre site Web d&rsquo;\u00e9v\u00e9nements. Les utilisateurs peuvent se d\u00e9lecter d&rsquo;une myriade d&rsquo;options personnalisables, y compris un calendrier d&rsquo;\u00e9v\u00e9nements int\u00e9gr\u00e9, des pages d&rsquo;\u00e9v\u00e9nements personnalisables, des types de publication personnalis\u00e9s et une pl\u00e9thore d&rsquo;autres fonctionnalit\u00e9s remarquables. De plus, ce th\u00e8me offre une vaste s\u00e9lection de mod\u00e8les et de dispositions pr\u00e9d\u00e9finis, permettant aux utilisateurs de forger rapidement un site Web visuellement frappant. Que vous organisiez une conf\u00e9rence, un festival ou tout autre type d&rsquo;\u00e9v\u00e9nement, le th\u00e8me de l&rsquo;\u00e9v\u00e9nement The Thify vous offre tous les outils n\u00e9cessaires pour \u00e9tablir un site Web qui suinte le professionnalisme et captive votre public.<\/p>\n<ul>\n<li>Un th\u00e8me WordPress personnalisable et r\u00e9actif con\u00e7u sp\u00e9cialement pour cr\u00e9er et promouvoir des \u00e9v\u00e9nements<\/li>\n<li>Offre plusieurs mod\u00e8les pr\u00e9-con\u00e7us pour diff\u00e9rents types d&rsquo;\u00e9v\u00e9nements, y compris des conf\u00e9rences, des concerts et des festivals<\/li>\n<li>Builateur de page de glisser-d\u00e9poser intuitif pour une personnalisation facile et une cr\u00e9ation de pages d&rsquo;\u00e9v\u00e9nements<\/li>\n<li>Fonction de vue du calendrier pour afficher les \u00e9v\u00e9nements \u00e0 venir et leurs d\u00e9tails<\/li>\n<li>Syst\u00e8me de billetterie int\u00e9gr\u00e9 avec des options d&rsquo;int\u00e9gration de paiement et de traitement des paiements faciles \u00e0 utiliser<\/li>\n<li>Int\u00e9gration des m\u00e9dias sociaux pour aider \u00e0 promouvoir les \u00e9v\u00e9nements et \u00e0 augmenter la fr\u00e9quentation<\/li>\n<li>Performances fiables et rapides avec un code optimis\u00e9 et une charge de serveur minimale<\/li>\n<li>Documentation compl\u00e8te et soutien utile de l&rsquo;\u00e9quipe The Th\u00e9ify<\/li>\n<\/ul>\n","protected":false},"excerpt":{"rendered":"<p>Le th\u00e8me de l&rsquo;\u00e9v\u00e9nement The Th\u00e9ify, avec sa conception polyvalente et professionnelle s&rsquo;adressait aux sites Web qui se concentrent sur la planification et la gestion des \u00e9v\u00e9nements, pr\u00e9sente une solution compl\u00e8te et englobante. Ce th\u00e8me poss\u00e8de une pl\u00e9thore de fonctionnalit\u00e9s personnalisables, garantissant qu&rsquo;elle peut \u00eatre adapt\u00e9e aux pr\u00e9f\u00e9rences et exigences uniques de toute personne ou entreprise cherchant \u00e0 construire un site Web d&rsquo;\u00e9v\u00e9nements distinctif. Avec un large \u00e9ventail de mod\u00e8les et de dispositions \u00e0 votre disposition, vous pouvez \u00eatre assur\u00e9 que votre site Web d\u00e9gagera un attrait esth\u00e9tique exquis tout en \u00e9tant optimis\u00e9 simultan\u00e9ment aux fins de la promotion des \u00e9v\u00e9nements, de la vente de billets et de la planification. Que ce soit une conf\u00e9rence, un festival ou toute autre variation de l&rsquo;\u00e9v\u00e9nement, le th\u00e8me de l&rsquo;\u00e9v\u00e9nement The Thify est pr\u00eat \u00e0 vous aider \u00e0 cr\u00e9er une pr\u00e9sence num\u00e9rique exceptionnellement captivante et durable.<\/p>\n","protected":false},"featured_media":145524,"comment_status":"open","ping_status":"open","template":"","meta":[],"product_brand":[2674],"product_cat":[1516,1212,1213],"product_tag":[1375],"class_list":{"0":"post-134599","1":"product","2":"type-product","3":"status-publish","4":"has-post-thumbnail","6":"product_brand-themify","7":"product_cat-entreprise","8":"product_cat-themes","9":"product_cat-wordpress-themes","10":"product_tag-themify","11":"member-discount","12":"discount-restricted","14":"first","15":"instock","16":"sale","17":"downloadable","18":"virtual","19":"sold-individually","20":"purchasable","21":"product-type-simple"},"_links":{"self":[{"href":"https:\/\/gpl-love.com\/fr\/wp-json\/wp\/v2\/product\/134599","targetHints":{"allow":["GET"]}}],"collection":[{"href":"https:\/\/gpl-love.com\/fr\/wp-json\/wp\/v2\/product"}],"about":[{"href":"https:\/\/gpl-love.com\/fr\/wp-json\/wp\/v2\/types\/product"}],"replies":[{"embeddable":true,"href":"https:\/\/gpl-love.com\/fr\/wp-json\/wp\/v2\/comments?post=134599"}],"wp:featuredmedia":[{"embeddable":true,"href":"https:\/\/gpl-love.com\/fr\/wp-json\/wp\/v2\/media\/145524"}],"wp:attachment":[{"href":"https:\/\/gpl-love.com\/fr\/wp-json\/wp\/v2\/media?parent=134599"}],"wp:term":[{"taxonomy":"product_brand","embeddable":true,"href":"https:\/\/gpl-love.com\/fr\/wp-json\/wp\/v2\/product_brand?post=134599"},{"taxonomy":"product_cat","embeddable":true,"href":"https:\/\/gpl-love.com\/fr\/wp-json\/wp\/v2\/product_cat?post=134599"},{"taxonomy":"product_tag","embeddable":true,"href":"https:\/\/gpl-love.com\/fr\/wp-json\/wp\/v2\/product_tag?post=134599"}],"curies":[{"name":"wp","href":"https:\/\/api.w.org\/{rel}","templated":true}]}}