{"id":134597,"date":"2024-12-10T00:00:00","date_gmt":"2024-12-09T23:00:00","guid":{"rendered":"https:\/\/gpl-love.com\/fr\/produit\/themify-elemin-wordpress-theme\/"},"modified":"2026-03-20T23:40:06","modified_gmt":"2026-03-20T22:40:06","slug":"themify-elemin-wordpress-theme","status":"publish","type":"product","link":"https:\/\/gpl-love.com\/fr\/produit\/themify-elemin-wordpress-theme\/","title":{"rendered":"Themify Elemin Theme 7.5.5"},"content":{"rendered":"<h3>Themify Elemin Theme Traits<\/h3>\n<p>Le th\u00e8me Elemin, d\u00e9velopp\u00e9 par The Th\u00e9ify, est un th\u00e8me WordPress exquis et haut de gamme, poss\u00e9dant un design vierge et contemporain qui convient extr\u00eamement \u00e0 tout type de site Web. Offrant une vaste gamme d&rsquo;options personnalisables, ce th\u00e8me permet aux utilisateurs de fa\u00e7onner un site Web in\u00e9gal\u00e9 et personnalis\u00e9 qui est un v\u00e9ritable reflet de leur marque ou de leur entreprise. Notamment, il poss\u00e8de une disposition tr\u00e8s r\u00e9active, garantissant ainsi que votre site Web semble frappant et captivant visuellement sur n&rsquo;importe quel appareil de navigation. En outre, il pr\u00e9sente aux utilisateurs des fonctionnalit\u00e9s d&rsquo;optimisation des moteurs de recherche (SEO) int\u00e9gr\u00e9es, am\u00e9liorant ainsi la visibilit\u00e9 de votre site Web sur les principaux moteurs de recherche. Pour faciliter davantage la cr\u00e9ation et la personnalisation des pages Web, ce th\u00e8me propose un constructeur de pages glisser-d\u00e9poser, \u00e9vitant ainsi la n\u00e9cessit\u00e9 d&rsquo;une expertise de codage. Avec l&#8217;emploi du th\u00e8me Elemin The Thify, les particuliers et les entreprises peuvent s&rsquo;attendre \u00e0 fa\u00e7onner un site Web exceptionnellement poli et professionnel qui combine de mani\u00e8re transparente les fonctionnalit\u00e9s et l&rsquo;attrait esth\u00e9tique.<\/p>\n<ul>\n<li>Design moderne et \u00e9l\u00e9gant parfait pour tout type de site Web<\/li>\n<li>Faire glisser et d\u00e9poser un constructeur pour une personnalisation facile<\/li>\n<li>Disposition enti\u00e8rement r\u00e9active qui s&rsquo;adapte \u00e0 diff\u00e9rentes tailles d&rsquo;\u00e9cran<\/li>\n<li>Les styles d&rsquo;en-t\u00eate et de pied de page \u00e0 choisir<\/li>\n<li>Options de couleurs illimit\u00e9es pour correspondre \u00e0 la palette de couleurs de votre marque<\/li>\n<li>Int\u00e9gration facile avec des plugins populaires tels que WooCommerce et WPML<\/li>\n<li>Code optimis\u00e9 SEO pour am\u00e9liorer le classement des moteurs de recherche<\/li>\n<li>Des tonnes de dispositions et de mod\u00e8les pr\u00e9-con\u00e7us pour vous aider \u00e0 d\u00e9marrer<\/li>\n<li>Importation de d\u00e9monstration en un clic pour configurer rapidement votre site Web<\/li>\n<li>\u00c9quipe d&rsquo;assistance d\u00e9di\u00e9e \u00e0 aider avec tout probl\u00e8me ou question technique.<\/li>\n<\/ul>\n","protected":false},"excerpt":{"rendered":"<p>Le th\u00e8me Elemin The Th\u00e9nify, avec son th\u00e8me WordPress \u00e9l\u00e9gant et moderne con\u00e7u pour d\u00e9gager un sentiment de propret\u00e9 et de croustillant, est une cr\u00e9ation remarquable. Ce th\u00e8me extraordinaire poss\u00e8de un niveau de flexibilit\u00e9 et de personnalisation in\u00e9gal\u00e9, vous accordant la possibilit\u00e9 de pr\u00e9senter votre contenu pr\u00e9cieux dans un \u00e9ventail de mani\u00e8res captivantes. Notamment, ce th\u00e8me exceptionnel vous permet de s\u00e9lectionner parmi une multitude de dispositions de page d&rsquo;accueil et une vaste gamme de divers formats de poste. De plus, le th\u00e8me Elemin poss\u00e8de un constructeur de pages de glisser-d\u00e9poser sans effort compr\u00e9hensible, vous permettant de construire votre site Web sans effort, d\u00e9pourvu de la n\u00e9cessit\u00e9 d&rsquo;une comp\u00e9tence de codage. Comme si cela ne suffisait pas, la conception r\u00e9active du th\u00e8me Elemin et la compatibilit\u00e9 remarquable avec la plate-forme WooCommerce estim\u00e9e en font un choix id\u00e9al pour les personnes cherchant \u00e0 \u00e9tablir une boutique en ligne remarquable et conviviale.<\/p>\n","protected":false},"featured_media":145523,"comment_status":"open","ping_status":"open","template":"","meta":[],"product_brand":[2674],"product_cat":[1516,1212,1213],"product_tag":[1375],"class_list":{"0":"post-134597","1":"product","2":"type-product","3":"status-publish","4":"has-post-thumbnail","6":"product_brand-themify","7":"product_cat-entreprise","8":"product_cat-themes","9":"product_cat-wordpress-themes","10":"product_tag-themify","11":"member-discount","12":"discount-restricted","14":"first","15":"instock","16":"sale","17":"downloadable","18":"virtual","19":"sold-individually","20":"purchasable","21":"product-type-simple"},"_links":{"self":[{"href":"https:\/\/gpl-love.com\/fr\/wp-json\/wp\/v2\/product\/134597","targetHints":{"allow":["GET"]}}],"collection":[{"href":"https:\/\/gpl-love.com\/fr\/wp-json\/wp\/v2\/product"}],"about":[{"href":"https:\/\/gpl-love.com\/fr\/wp-json\/wp\/v2\/types\/product"}],"replies":[{"embeddable":true,"href":"https:\/\/gpl-love.com\/fr\/wp-json\/wp\/v2\/comments?post=134597"}],"wp:featuredmedia":[{"embeddable":true,"href":"https:\/\/gpl-love.com\/fr\/wp-json\/wp\/v2\/media\/145523"}],"wp:attachment":[{"href":"https:\/\/gpl-love.com\/fr\/wp-json\/wp\/v2\/media?parent=134597"}],"wp:term":[{"taxonomy":"product_brand","embeddable":true,"href":"https:\/\/gpl-love.com\/fr\/wp-json\/wp\/v2\/product_brand?post=134597"},{"taxonomy":"product_cat","embeddable":true,"href":"https:\/\/gpl-love.com\/fr\/wp-json\/wp\/v2\/product_cat?post=134597"},{"taxonomy":"product_tag","embeddable":true,"href":"https:\/\/gpl-love.com\/fr\/wp-json\/wp\/v2\/product_tag?post=134597"}],"curies":[{"name":"wp","href":"https:\/\/api.w.org\/{rel}","templated":true}]}}