{"id":134595,"date":"2024-12-10T00:00:00","date_gmt":"2024-12-09T23:00:00","guid":{"rendered":"https:\/\/gpl-love.com\/fr\/produit\/themify-corporate-wordpress-theme\/"},"modified":"2026-03-20T23:40:05","modified_gmt":"2026-03-20T22:40:05","slug":"themify-corporate-wordpress-theme","status":"publish","type":"product","link":"https:\/\/gpl-love.com\/fr\/produit\/themify-corporate-wordpress-theme\/","title":{"rendered":"Themify Corporate Theme 7.6.1"},"content":{"rendered":"<h3>Themify Corporate Theme Traits<\/h3>\n<p>Le th\u00e8me de l&rsquo;entreprise Th\u00e9ify, con\u00e7u sp\u00e9cifiquement avec les entreprises et les entreprises \u00e0 l&rsquo;esprit, poss\u00e8de un m\u00e9lange impeccable de style et de professionnalisme dans le domaine des th\u00e8mes WordPress. L&rsquo;esth\u00e9tique \u00e9l\u00e9gante et contemporaine de ce th\u00e8me pr\u00eate un air de sophistication et de finesse \u00e0 tout site Web qu&rsquo;il orne. En outre, le th\u00e8me de l&rsquo;entreprise THEFIFY offre une multitude d&rsquo;options personnalisables, vous offrant la possibilit\u00e9 d&rsquo;adapter la conception pour s&rsquo;aligner parfaitement avec la marque et le style uniques de votre entreprise. Rassurez-vous, ce th\u00e8me est enti\u00e8rement r\u00e9actif, garanti pour garantir que votre site Web maintient son apparence impressionnante sur tous les appareils. En outre, le th\u00e8me de l&rsquo;entreprise The Th\u00e9ify a \u00e9t\u00e9 optimis\u00e9 de mani\u00e8re experte pour la vitesse et l&rsquo;optimisation des moteurs de recherche (SEO), garantissant des performances et une visibilit\u00e9 optimales dans le classement des moteurs de recherche. Ainsi, que vous cherchiez \u00e0 forger une pr\u00e9sence num\u00e9rique pour votre entreprise naissante ou que vous respirez une nouvelle vie dans un site Web existant, le th\u00e8me de l&rsquo;entreprise THEFIFY est un choix exceptionnel, concluant l&rsquo;\u00e9quilibre parfait entre l&rsquo;esth\u00e9tique et les fonctionnalit\u00e9s.<\/p>\n<ul>\n<li>Conception r\u00e9active qui a fi\u00e8re allure sur tous les appareils<\/li>\n<li>Plusieurs dispositions de t\u00eate et de pied de page personnalisables<\/li>\n<li>De nombreuses dispositions de page pr\u00e9d\u00e9finies pour une configuration facile<\/li>\n<li>Faire glisser et d\u00e9poser le constructeur de page pour une personnalisation facile<\/li>\n<li>Plusieurs options de couleurs pour correspondre \u00e0 l&rsquo;identit\u00e9 de la marque<\/li>\n<li>Portfolio int\u00e9gr\u00e9 et fonctionnalit\u00e9s des membres de l&rsquo;\u00e9quipe<\/li>\n<li>Int\u00e9gration facile avec des plugins populaires comme WooCommerce et le formulaire de contact 7<\/li>\n<li>Conception conviviale SEO avec code propre pour un classement de sites Web am\u00e9lior\u00e9<\/li>\n<li>Contexte vid\u00e9o et effets de d\u00e9filement de parallaxe pour un attrait visuel suppl\u00e9mentaire<\/li>\n<li>Ensemble d&rsquo;ic\u00f4nes impressionnantes de police incluse pour une int\u00e9gration d&rsquo;ic\u00f4ne facile.<\/li>\n<\/ul>\n","protected":false},"excerpt":{"rendered":"<p>Le th\u00e8me de l&rsquo;entreprise The Th\u00e9ify, un th\u00e8me WordPress remarquablement polyvalent et tr\u00e8s r\u00e9actif, a \u00e9t\u00e9 ing\u00e9nieusement con\u00e7u dans le seul but de r\u00e9pondre aux entreprises et aux entreprises. B\u00e9n\u00e9ficiant d&rsquo;un design ultra-moderne et \u00e9l\u00e9gant, ce th\u00e8me d\u00e9gage un niveau de professionnalisme in\u00e9gal\u00e9, \u00e9levant instantan\u00e9ment l&rsquo;attrait esth\u00e9tique global de votre site Web. Coupl\u00e9 \u00e0 son interface remarquablement conviviale, la navigation et la personnalisation de ce th\u00e8me devient une brise absolue. Offrant une abondance d&rsquo;options de personnalisation, vous avez la libert\u00e9 de fa\u00e7onner un site Web qui s&rsquo;aligne parfaitement sur l&rsquo;identit\u00e9 de votre marque et les objectifs commerciaux. De plus, ce th\u00e8me est rempli d&rsquo;une gamme d&rsquo;outils et de widgets int\u00e9gr\u00e9s, y compris un en-t\u00eate et un pied de page enti\u00e8rement personnalisables, des ic\u00f4nes de m\u00e9dias sociaux et m\u00eame un formulaire de contact pratique. Sans un ombre de doute, le th\u00e8me de l&rsquo;entreprise The Th\u00e9ify est vraiment une aubaine pour toute entreprise qui aspire \u00e0 \u00e9tablir une pr\u00e9sence en ligne indomptable.<\/p>\n","protected":false},"featured_media":145521,"comment_status":"open","ping_status":"open","template":"","meta":[],"product_brand":[2674],"product_cat":[1516,1212,1213],"product_tag":[1375],"class_list":{"0":"post-134595","1":"product","2":"type-product","3":"status-publish","4":"has-post-thumbnail","6":"product_brand-themify","7":"product_cat-entreprise","8":"product_cat-themes","9":"product_cat-wordpress-themes","10":"product_tag-themify","11":"member-discount","12":"discount-restricted","14":"first","15":"instock","16":"sale","17":"downloadable","18":"virtual","19":"sold-individually","20":"purchasable","21":"product-type-simple"},"_links":{"self":[{"href":"https:\/\/gpl-love.com\/fr\/wp-json\/wp\/v2\/product\/134595","targetHints":{"allow":["GET"]}}],"collection":[{"href":"https:\/\/gpl-love.com\/fr\/wp-json\/wp\/v2\/product"}],"about":[{"href":"https:\/\/gpl-love.com\/fr\/wp-json\/wp\/v2\/types\/product"}],"replies":[{"embeddable":true,"href":"https:\/\/gpl-love.com\/fr\/wp-json\/wp\/v2\/comments?post=134595"}],"wp:featuredmedia":[{"embeddable":true,"href":"https:\/\/gpl-love.com\/fr\/wp-json\/wp\/v2\/media\/145521"}],"wp:attachment":[{"href":"https:\/\/gpl-love.com\/fr\/wp-json\/wp\/v2\/media?parent=134595"}],"wp:term":[{"taxonomy":"product_brand","embeddable":true,"href":"https:\/\/gpl-love.com\/fr\/wp-json\/wp\/v2\/product_brand?post=134595"},{"taxonomy":"product_cat","embeddable":true,"href":"https:\/\/gpl-love.com\/fr\/wp-json\/wp\/v2\/product_cat?post=134595"},{"taxonomy":"product_tag","embeddable":true,"href":"https:\/\/gpl-love.com\/fr\/wp-json\/wp\/v2\/product_tag?post=134595"}],"curies":[{"name":"wp","href":"https:\/\/api.w.org\/{rel}","templated":true}]}}