{"id":134593,"date":"2026-03-06T00:00:00","date_gmt":"2026-03-05T23:00:00","guid":{"rendered":"https:\/\/gpl-love.com\/fr\/produit\/themify-builder-pro\/"},"modified":"2026-04-10T18:42:40","modified_gmt":"2026-04-10T16:42:40","slug":"themify-builder-pro","status":"publish","type":"product","link":"https:\/\/gpl-love.com\/fr\/produit\/themify-builder-pro\/","title":{"rendered":"Themify Builder Pro 3.8.0"},"content":{"rendered":"<h3>Themify Builder Pro Traits<\/h3>\n<p>L&rsquo;un outil qui est fortement recommand\u00e9 pour cr\u00e9er des dispositions de site Web visuellement attrayantes, m\u00eame pour ceux qui n&rsquo;ont pas d&rsquo;exp\u00e9rience de codage, est Thefily Builder Pro. Ce plugin WordPress propose une gamme impressionnante de fonctionnalit\u00e9s et une interface conviviale qui facilite la conception et la personnalisation de votre site Web. Vous pouvez incorporer sans effort divers \u00e9l\u00e9ments tels que du texte, des images, des vid\u00e9os et des animations dans vos pages \u00e0 l&rsquo;aide de cet outil de glisser-d\u00e9poser. De plus, il fournit une vaste collection de mod\u00e8les et de modules pr\u00e9-con\u00e7us qui peuvent servir de point de d\u00e9part pour votre processus de conception. Que vous soyez un novice ou un concepteur de sites Web chevronn\u00e9, Thefily Builder Pro est un outil essentiel qui peut consid\u00e9rablement acc\u00e9l\u00e9rer la cr\u00e9ation de sites Web professionnels.<\/p>\n<ul>\n<li>Interface glisser et d\u00e9poser pour une construction de sites Web faciles<\/li>\n<li>40+ mod\u00e8les pr\u00e9-con\u00e7us pour relancer la cr\u00e9ation du site Web<\/li>\n<li>Dispositions, arri\u00e8re-plans et couleurs personnalisables pour correspondre \u00e0 la marque ou au design<\/li>\n<li>Possibilit\u00e9 d&rsquo;\u00e9conomiser, dupliquer et de r\u00e9utiliser les dispositions pour la cr\u00e9ation d&rsquo;un site Web rapide<\/li>\n<li>Frontend Live Aper\u00e7u permet des \u00e9dition et des ajustements de conception en temps r\u00e9el<\/li>\n<li>Int\u00e9gration avec WordPress pour la gestion des sites Web sans couture<\/li>\n<li>Compatible avec les plugins WordPress populaires pour des fonctionnalit\u00e9s ajout\u00e9es<\/li>\n<li>La conception sensible aux mobiles garantit que le site Web est superbe sur toutes les tailles d&rsquo;\u00e9cran<\/li>\n<li>Fonctionnalit\u00e9s conviviales pour am\u00e9liorer le classement et la visibilit\u00e9 du site<\/li>\n<li>Acc\u00e8s \u00e0 l&rsquo;\u00e9quipe d&rsquo;assistance de The Th\u00e9sify pour l&rsquo;aide et le d\u00e9pannage.<\/li>\n<\/ul>\n","protected":false},"excerpt":{"rendered":"<p>THEFIFY BUILDER PRO, un constructeur de page de drag et de pages de d\u00e9p\u00f4t remarquablement robuste et convivial, offre aux individus la possibilit\u00e9 de fabriquer des sites Web visuellement captivants et con\u00e7us avec compr\u00e9hension, le tout sans n\u00e9cessiter de connaissances de codage. En raison de sa vaste collection de mises en page et de modules pr\u00e9-con\u00e7us, les utilisateurs ont la possibilit\u00e9 de personnaliser et de g\u00e9n\u00e9rer des pages Web distinctes qui sont impeccablement adapt\u00e9es \u00e0 leur entreprise ou marque sp\u00e9cifique. En outre, l&rsquo;inclusion d&rsquo;une fonction d&rsquo;aper\u00e7u en direct offre aux individus le luxe d&rsquo;observer et d&rsquo;\u00e9valuer leurs modifications en temps r\u00e9el, rationalisant et acc\u00e9l\u00e9rant ainsi le processus de conception de mani\u00e8re efficace et sans effort. De plus, The Thefy Builder Pro poss\u00e8de une r\u00e9activit\u00e9 compl\u00e8te, garantissant que les sites Web cr\u00e9\u00e9s avec cet outil r\u00e9volutionnaire sont accessibles et s&rsquo;adressent \u00e0 un large \u00e9ventail d&rsquo;appareils. Il convient \u00e9galement de mentionner que ce constructeur de pages innovant est adapt\u00e9 \u00e0 l&rsquo;optimisation des moteurs, garantissant une visibilit\u00e9 am\u00e9lior\u00e9e en ligne et des classements de recherche organiques am\u00e9lior\u00e9s. De plus, l&rsquo;int\u00e9gration transparente avec des plugins WordPress largement utilis\u00e9s augmente la polyvalence et la fonctionnalit\u00e9 de The Th\u00e9siy Builder Pro, ce qui le rend un actif indispensable pour ceux qui cherchent \u00e0 \u00e9lever leurs efforts de construction de sites Web. Ainsi, si vous souhaitez transcender les limitations impos\u00e9es par les moyens conventionnels de cr\u00e9ation de sites Web, Th\u00e9ify Builder Pro est la solution id\u00e9ale pour am\u00e9liorer votre exp\u00e9rience de construction de site Web \u00e0 des hauteurs sans pr\u00e9c\u00e9dent.<\/p>\n","protected":false},"featured_media":145513,"comment_status":"open","ping_status":"open","template":"","meta":[],"product_brand":[2674],"product_cat":[1189,1181,1186],"product_tag":[1375],"class_list":{"0":"post-134593","1":"product","2":"type-product","3":"status-publish","4":"has-post-thumbnail","6":"product_brand-themify","7":"product_cat-personnalisation","8":"product_cat-plugins","9":"product_cat-wordpress-plugins","10":"product_tag-themify","11":"member-discount","12":"discount-restricted","14":"first","15":"instock","16":"sale","17":"downloadable","18":"virtual","19":"sold-individually","20":"purchasable","21":"product-type-simple"},"_links":{"self":[{"href":"https:\/\/gpl-love.com\/fr\/wp-json\/wp\/v2\/product\/134593","targetHints":{"allow":["GET"]}}],"collection":[{"href":"https:\/\/gpl-love.com\/fr\/wp-json\/wp\/v2\/product"}],"about":[{"href":"https:\/\/gpl-love.com\/fr\/wp-json\/wp\/v2\/types\/product"}],"replies":[{"embeddable":true,"href":"https:\/\/gpl-love.com\/fr\/wp-json\/wp\/v2\/comments?post=134593"}],"wp:featuredmedia":[{"embeddable":true,"href":"https:\/\/gpl-love.com\/fr\/wp-json\/wp\/v2\/media\/145513"}],"wp:attachment":[{"href":"https:\/\/gpl-love.com\/fr\/wp-json\/wp\/v2\/media?parent=134593"}],"wp:term":[{"taxonomy":"product_brand","embeddable":true,"href":"https:\/\/gpl-love.com\/fr\/wp-json\/wp\/v2\/product_brand?post=134593"},{"taxonomy":"product_cat","embeddable":true,"href":"https:\/\/gpl-love.com\/fr\/wp-json\/wp\/v2\/product_cat?post=134593"},{"taxonomy":"product_tag","embeddable":true,"href":"https:\/\/gpl-love.com\/fr\/wp-json\/wp\/v2\/product_tag?post=134593"}],"curies":[{"name":"wp","href":"https:\/\/api.w.org\/{rel}","templated":true}]}}