{"id":134591,"date":"2025-11-27T00:00:00","date_gmt":"2025-11-26T23:00:00","guid":{"rendered":"https:\/\/gpl-love.com\/fr\/produit\/themify-announcement-bar\/"},"modified":"2026-03-20T23:39:38","modified_gmt":"2026-03-20T22:39:38","slug":"themify-announcement-bar","status":"publish","type":"product","link":"https:\/\/gpl-love.com\/fr\/produit\/themify-announcement-bar\/","title":{"rendered":"Themify Announcement Bar 2.2.4"},"content":{"rendered":"<h3>Themify Announcement Bar Traits<\/h3>\n<p>La barre d&rsquo;annonce de The Th\u00e9ify est un plugin WordPress extr\u00eamement convivial et remarquablement efficace qui vous accorde la capacit\u00e9 d&rsquo;incorporer une barre de notification enti\u00e8rement personnalisable sur votre site Web. En utilisant ce plugin remarquable, vous pouvez g\u00e9n\u00e9rer sans effort des annonces, des promotions et des messages qui peuvent \u00eatre facilement pr\u00e9sent\u00e9s au Zenith ou au Nadir des pages de votre site Web. De plus, vous avez la possibilit\u00e9 de modifier la couleur, la police et le texte de la barre afin de vous harmoniser avec la conception et la marque primordiales de votre site Web. De plus, vous avez la possibilit\u00e9 de d\u00e9limiter m\u00e9ticuleusement le calendrier de la manifestation de votre barre de notification, dans lequel vous pouvez s\u00e9lectionner des dates et des heures sp\u00e9cifiques pour que le message soit d\u00e9voil\u00e9. La barre d&rsquo;annonce de The Th\u00e9ify constitue un instrument indispensable pour les propri\u00e9taires de sites Web qui nourrissent le d\u00e9sir de renforcer l&rsquo;engagement, d&rsquo;\u00e9lever les conversions et d&rsquo;am\u00e9liorer l&rsquo;exp\u00e9rience utilisateur globale.<\/p>\n<ul>\n<li>Bar d&rsquo;annonce accrocheur pour attirer l&rsquo;attention des visiteurs<\/li>\n<li>Couleur d&rsquo;arri\u00e8re-plan personnalisable, couleur de texte et options de police pour correspondre \u00e0 la marque de votre site Web<\/li>\n<li>Affichez vos derni\u00e8res promotions, r\u00e9ductions et nouveaux produits<\/li>\n<li>Possibilit\u00e9 d&rsquo;ajouter des liens vers votre barre d&rsquo;annonce pour g\u00e9n\u00e9rer du trafic vers des pages sp\u00e9cifiques<\/li>\n<li>Conception r\u00e9active qui s&rsquo;adapte \u00e0 diff\u00e9rentes tailles d&rsquo;\u00e9cran et appareils<\/li>\n<li>Diverses options d&rsquo;affichage, y compris les animations fixe, diapositive ou fondu<\/li>\n<li>Facile \u00e0 configurer et \u00e0 utiliser sans codage requis<\/li>\n<li>Stimule l&rsquo;engagement et les conversions en dirigeant les visiteurs vers un contenu important<\/li>\n<li>Fonctionne de mani\u00e8re transparente avec les th\u00e8mes WordPress et The Th\u00e9ify<\/li>\n<li>R\u00e9guli\u00e8rement mis \u00e0 jour avec de nouvelles fonctionnalit\u00e9s et am\u00e9liorations par themify.<\/li>\n<\/ul>\n","protected":false},"excerpt":{"rendered":"<p>La barre d&rsquo;annonce de The Th\u00e9ify, un instrument robuste con\u00e7u pour r\u00e9pondre aux entreprises d&rsquo;\u00e9chelles variables, sert de m\u00e9canisme efficace pour diffuser des messages cruciaux, des notifications, des offres exclusives et des invites s\u00e9duisantes aux visiteurs du site Web. Avec son interface conviviale, ses grandes capacit\u00e9s de personnalisation et sa conception adaptable, cette barre d&rsquo;annonce s&rsquo;int\u00e8gre de mani\u00e8re transparente dans n&rsquo;importe quel cadre de site Web. De plus, il propose une gamme d&rsquo;alternatives de pr\u00e9sentation, y compris les minuteries de compte \u00e0 rebours, les boutons et les fonctionnalit\u00e9s de dissimulation automatique, qui contribuent tous \u00e0 am\u00e9liorer l&rsquo;interaction des utilisateurs. Par cons\u00e9quent, la barre d&rsquo;annonce de The Th\u00e9ify repr\u00e9sente un plugin indispensable pour les entreprises aspirant \u00e0 augmenter l&rsquo;engagement du site Web et \u00e0 favoriser des taux de conversion plus \u00e9lev\u00e9s.<\/p>\n","protected":false},"featured_media":145492,"comment_status":"open","ping_status":"open","template":"","meta":[],"product_brand":[2674],"product_cat":[1189,1181,1186],"product_tag":[1375],"class_list":{"0":"post-134591","1":"product","2":"type-product","3":"status-publish","4":"has-post-thumbnail","6":"product_brand-themify","7":"product_cat-personnalisation","8":"product_cat-plugins","9":"product_cat-wordpress-plugins","10":"product_tag-themify","11":"member-discount","12":"discount-restricted","14":"first","15":"instock","16":"sale","17":"downloadable","18":"virtual","19":"sold-individually","20":"purchasable","21":"product-type-simple"},"_links":{"self":[{"href":"https:\/\/gpl-love.com\/fr\/wp-json\/wp\/v2\/product\/134591","targetHints":{"allow":["GET"]}}],"collection":[{"href":"https:\/\/gpl-love.com\/fr\/wp-json\/wp\/v2\/product"}],"about":[{"href":"https:\/\/gpl-love.com\/fr\/wp-json\/wp\/v2\/types\/product"}],"replies":[{"embeddable":true,"href":"https:\/\/gpl-love.com\/fr\/wp-json\/wp\/v2\/comments?post=134591"}],"wp:featuredmedia":[{"embeddable":true,"href":"https:\/\/gpl-love.com\/fr\/wp-json\/wp\/v2\/media\/145492"}],"wp:attachment":[{"href":"https:\/\/gpl-love.com\/fr\/wp-json\/wp\/v2\/media?parent=134591"}],"wp:term":[{"taxonomy":"product_brand","embeddable":true,"href":"https:\/\/gpl-love.com\/fr\/wp-json\/wp\/v2\/product_brand?post=134591"},{"taxonomy":"product_cat","embeddable":true,"href":"https:\/\/gpl-love.com\/fr\/wp-json\/wp\/v2\/product_cat?post=134591"},{"taxonomy":"product_tag","embeddable":true,"href":"https:\/\/gpl-love.com\/fr\/wp-json\/wp\/v2\/product_tag?post=134591"}],"curies":[{"name":"wp","href":"https:\/\/api.w.org\/{rel}","templated":true}]}}