{"id":134589,"date":"2024-03-12T00:00:00","date_gmt":"2024-03-11T23:00:00","guid":{"rendered":"https:\/\/gpl-love.com\/fr\/produit\/themify-agency-wordpress-theme\/"},"modified":"2026-04-10T18:42:30","modified_gmt":"2026-04-10T16:42:30","slug":"themify-agency-wordpress-theme","status":"publish","type":"product","link":"https:\/\/gpl-love.com\/fr\/produit\/themify-agency-wordpress-theme\/","title":{"rendered":"Themify Agency Theme 7.5.6"},"content":{"rendered":"<h3>Themify Agency Theme Traits<\/h3>\n<p>Le th\u00e8me de l&rsquo;agence The Th\u00e9ify, qui est un th\u00e8me WordPress extr\u00eamement puissant et adaptable, a \u00e9t\u00e9 m\u00e9ticuleusement con\u00e7u avec la plus grande consid\u00e9ration pour les agences cr\u00e9atives et les pigistes. B\u00e9n\u00e9ficiant d&rsquo;un design impeccable et sophistiqu\u00e9, ce th\u00e8me est impeccablement adapt\u00e9 \u00e0 la pr\u00e9sentation de votre portefeuille exceptionnel, accentuant vos comp\u00e9tences et services remarquables et captivant les clients potentiels. De plus, ce th\u00e8me offre un \u00e9ventail d&rsquo;options de personnalisation dans le seul but de vous aider \u00e0 cr\u00e9er un site Web distinctif et personnalis\u00e9 qui r\u00e9sonne avec votre marque et votre style individuel. De plus, il englobe une s\u00e9lection diversifi\u00e9e de mod\u00e8les et de modules pr\u00e9-con\u00e7us, facilitant ainsi la cr\u00e9ation sans effort de pages et de dispositions sur mesure. Que vous vous identifiiez en tant que concepteur de sites Web, graphiste ou marketing num\u00e9rique, le th\u00e8me de l&rsquo;agence The Th\u00e9ify est sans aucun doute un choix superlatif pour construire un site Web ultra-coule et ax\u00e9 sur les professionnels qui vous \u00e9l\u00e8vera incontestablement au-dessus de vos concurrents.<\/p>\n<ul>\n<li>Design \u00e9l\u00e9gant et professionnel parfait pour les agences cr\u00e9atives<\/li>\n<li>Disposition enti\u00e8rement personnalisable avec un constructeur de glisser-d\u00e9poser<\/li>\n<li>Importation de d\u00e9monstration en un clic pour une configuration facile<\/li>\n<li>Compatible avec WooCommerce pour une int\u00e9gration facile du commerce \u00e9lectronique<\/li>\n<li>Conception r\u00e9active mobile pour une visualisation optimale sur tous les appareils<\/li>\n<li>Comprend plusieurs options de mise en page pr\u00e9-con\u00e7ues pour diff\u00e9rentes pages<\/li>\n<li>Traduction pr\u00eate avec le support pour plus de 10 langues<\/li>\n<li>SEO optimis\u00e9 pour am\u00e9liorer le classement des moteurs de recherche<\/li>\n<li>Mises \u00e0 jour r\u00e9guli\u00e8res et \u00e9quipe d&rsquo;assistance d\u00e9di\u00e9e pour une assistance continue<\/li>\n<\/ul>\n","protected":false},"excerpt":{"rendered":"<p>Le th\u00e8me de l&rsquo;agence The Th\u00e9ify est un th\u00e8me WordPress exceptionnellement polyvalent et impeccablement professionnel qui a \u00e9t\u00e9 r\u00e9fl\u00e9chi avec l&rsquo;intention sp\u00e9cifique de s&rsquo;adresser aux agences et un large \u00e9ventail de sites Web d&rsquo;entreprise. Ce th\u00e8me offre abondamment une vaste s\u00e9lection de fonctionnalit\u00e9s et d&rsquo;options personnalisables, vous permettant ainsi, en tant qu&rsquo;utilisateur, de fa\u00e7onner sans effort un site Web extraordinaire et visuellement captivant qui incarne parfaitement l&rsquo;essence de votre entreprise. De plus, il pr\u00e9sente en outre un assortiment de mod\u00e8les pr\u00e9-con\u00e7us m\u00e9ticuleusement con\u00e7us \u00e0 des fins telles que des pages de destination, des portefeuilles, des services, et bien plus encore, offrant ainsi une opportunit\u00e9 inestimable pour montrer et pr\u00e9senter efficacement vos produits et services estim\u00e9s. En employant le th\u00e8me de l&rsquo;agence The Th\u00e9ify, vous pourrez \u00e9tablir une plate-forme en ligne visuellement s\u00e9duisante et esth\u00e9tique qui combine de mani\u00e8re transparente les fonctionnalit\u00e9s et la convivialit\u00e9, aboutissant ainsi \u00e0 une exp\u00e9rience en ligne vraiment m\u00e9morable et immersive pour vos visiteurs estim\u00e9s.<\/p>\n","protected":false},"featured_media":145491,"comment_status":"open","ping_status":"open","template":"","meta":[],"product_brand":[2674],"product_cat":[1516,1212,1213],"product_tag":[1375],"class_list":{"0":"post-134589","1":"product","2":"type-product","3":"status-publish","4":"has-post-thumbnail","6":"product_brand-themify","7":"product_cat-entreprise","8":"product_cat-themes","9":"product_cat-wordpress-themes","10":"product_tag-themify","11":"member-discount","12":"discount-restricted","14":"first","15":"instock","16":"sale","17":"downloadable","18":"virtual","19":"sold-individually","20":"purchasable","21":"product-type-simple"},"_links":{"self":[{"href":"https:\/\/gpl-love.com\/fr\/wp-json\/wp\/v2\/product\/134589","targetHints":{"allow":["GET"]}}],"collection":[{"href":"https:\/\/gpl-love.com\/fr\/wp-json\/wp\/v2\/product"}],"about":[{"href":"https:\/\/gpl-love.com\/fr\/wp-json\/wp\/v2\/types\/product"}],"replies":[{"embeddable":true,"href":"https:\/\/gpl-love.com\/fr\/wp-json\/wp\/v2\/comments?post=134589"}],"wp:featuredmedia":[{"embeddable":true,"href":"https:\/\/gpl-love.com\/fr\/wp-json\/wp\/v2\/media\/145491"}],"wp:attachment":[{"href":"https:\/\/gpl-love.com\/fr\/wp-json\/wp\/v2\/media?parent=134589"}],"wp:term":[{"taxonomy":"product_brand","embeddable":true,"href":"https:\/\/gpl-love.com\/fr\/wp-json\/wp\/v2\/product_brand?post=134589"},{"taxonomy":"product_cat","embeddable":true,"href":"https:\/\/gpl-love.com\/fr\/wp-json\/wp\/v2\/product_cat?post=134589"},{"taxonomy":"product_tag","embeddable":true,"href":"https:\/\/gpl-love.com\/fr\/wp-json\/wp\/v2\/product_tag?post=134589"}],"curies":[{"name":"wp","href":"https:\/\/api.w.org\/{rel}","templated":true}]}}