{"id":134587,"date":"2026-04-21T00:00:00","date_gmt":"2026-04-20T22:00:00","guid":{"rendered":"https:\/\/gpl-love.com\/fr\/produit\/the-plus-addon-for-elementor-page-builder-wordpress-plugin\/"},"modified":"2026-04-21T18:30:50","modified_gmt":"2026-04-21T16:30:50","slug":"the-plus-addon-for-elementor-page-builder-wordpress-plugin","status":"publish","type":"product","link":"https:\/\/gpl-love.com\/fr\/produit\/the-plus-addon-for-elementor-page-builder-wordpress-plugin\/","title":{"rendered":"The Plus Addon pour Elementor Page Builder Plugin 6.4.10"},"content":{"rendered":"<h3>The Plus Addon pour Elementor Page Builder Plugin Traits<\/h3>\n<p>Le plugin PLUS ADDON pour Elementor Page Builder est un outil qui est absolument n\u00e9cessaire aux personnes qui cherchent \u00e0 \u00e9lever leurs capacit\u00e9s de conception de site Web. En utilisant ce plugin tr\u00e8s puissant, vous pouvez incorporer sans effort les nouveaux widgets, modules et mod\u00e8les dans votre constructeur de page Elementor, vous accordant ainsi un niveau de contr\u00f4le accru sur l&rsquo;esth\u00e9tique et la fonctionnalit\u00e9 de votre site Web. Que vous aspirez-vous \u00e0 produire des effets visuellement \u00e9tonnants, \u00e0 am\u00e9liorer les performances de votre site Web ou \u00e0 int\u00e9grer simplement de nouvelles fonctionnalit\u00e9s dans vos pages, l&rsquo;addon plus poss\u00e8de une vaste gamme de ressources qui vous \u00e9quiperont de tout ce qui est n\u00e9cessaire pour propulser votre site Web \u00e0 Le summum du succ\u00e8s. Par cons\u00e9quent, pourquoi retarder? Prenez la sage d\u00e9cision d&rsquo;investir dans l&rsquo;addon plus pour Elementor aujourd&rsquo;hui et embarquez dans le voyage de fabrication de sites Web \u00e0 couper le souffle et hautes performances qui ne seront pas s\u00fbrs de se distinguer des masses.<\/p>\n<ul>\n<li>Fonctionnalit\u00e9 am\u00e9lior\u00e9e pour le plugin Builder de page Elementor<\/li>\n<li>Acc\u00e8s \u00e0 des widgets et des outils suppl\u00e9mentaires<\/li>\n<li>Am\u00e9lioration des options de conception et des capacit\u00e9s de personnalisation<\/li>\n<li>Flux de travail rationalis\u00e9 pour la construction et l&rsquo;\u00e9dition de pages<\/li>\n<li>Interface conviviale pour une navigation et un contr\u00f4le faciles<\/li>\n<li>Compatibilit\u00e9 avec tous les principaux navigateurs Web et th\u00e8mes WordPress<\/li>\n<li>Mises \u00e0 jour r\u00e9guli\u00e8res et support client pour des performances optimales<\/li>\n<li>Prix \u200b\u200babordables pour une utilisation personnelle et professionnelle<\/li>\n<li>Efficacit\u00e9 accrue et productivit\u00e9 dans les projets de d\u00e9veloppement Web.<\/li>\n<\/ul>\n","protected":false},"excerpt":{"rendered":"<p>L&rsquo;addition Plus, qui est un plugin premium sp\u00e9cialement con\u00e7u pour le constructeur de page Elementor, vise \u00e0 enrichir votre exp\u00e9rience de conception Web et \u00e0 \u00e9lever la qualit\u00e9 de votre site Web. Il offre une gamme diversifi\u00e9e de widgets et de fonctionnalit\u00e9s suppl\u00e9mentaires qui peuvent vous aider \u00e0 amener votre site Web \u00e0 de nouveaux sommets. Que vous construisiez un blog personnel ou une plate-forme de commerce \u00e9lectronique, l&rsquo;addon plus vous offre un \u00e9ventail d&rsquo;outils qui peuvent vraiment faire ressortir votre site Web parmi les autres. Certains de ces widgets suppl\u00e9mentaires englobent des tables de prix interactives, des menus de navigation anim\u00e9s, des points chauds d&rsquo;image et bien d&rsquo;autres. Avec son interface conviviale et sa vaste gamme d&rsquo;options de personnalisation, l&rsquo;addon plus sert vraiment d&rsquo;instrument impeccable pour tout concepteur Web qui aspire \u00e0 cr\u00e9er des sites Web qui d\u00e9gagent le professionnalisme et captive le public.<\/p>\n","protected":false},"featured_media":145474,"comment_status":"open","ping_status":"open","template":"","meta":[],"product_brand":[2672],"product_cat":[1189,1181,1186],"product_tag":[2224],"class_list":{"0":"post-134587","1":"product","2":"type-product","3":"status-publish","4":"has-post-thumbnail","6":"product_brand-posimyth","7":"product_cat-personnalisation","8":"product_cat-plugins","9":"product_cat-wordpress-plugins","10":"product_tag-posimyth","11":"member-discount","12":"discount-restricted","14":"first","15":"instock","16":"sale","17":"downloadable","18":"virtual","19":"sold-individually","20":"purchasable","21":"product-type-simple"},"_links":{"self":[{"href":"https:\/\/gpl-love.com\/fr\/wp-json\/wp\/v2\/product\/134587","targetHints":{"allow":["GET"]}}],"collection":[{"href":"https:\/\/gpl-love.com\/fr\/wp-json\/wp\/v2\/product"}],"about":[{"href":"https:\/\/gpl-love.com\/fr\/wp-json\/wp\/v2\/types\/product"}],"replies":[{"embeddable":true,"href":"https:\/\/gpl-love.com\/fr\/wp-json\/wp\/v2\/comments?post=134587"}],"wp:featuredmedia":[{"embeddable":true,"href":"https:\/\/gpl-love.com\/fr\/wp-json\/wp\/v2\/media\/145474"}],"wp:attachment":[{"href":"https:\/\/gpl-love.com\/fr\/wp-json\/wp\/v2\/media?parent=134587"}],"wp:term":[{"taxonomy":"product_brand","embeddable":true,"href":"https:\/\/gpl-love.com\/fr\/wp-json\/wp\/v2\/product_brand?post=134587"},{"taxonomy":"product_cat","embeddable":true,"href":"https:\/\/gpl-love.com\/fr\/wp-json\/wp\/v2\/product_cat?post=134587"},{"taxonomy":"product_tag","embeddable":true,"href":"https:\/\/gpl-love.com\/fr\/wp-json\/wp\/v2\/product_tag?post=134587"}],"curies":[{"name":"wp","href":"https:\/\/api.w.org\/{rel}","templated":true}]}}