{"id":134585,"date":"2025-07-31T00:00:00","date_gmt":"2025-07-30T22:00:00","guid":{"rendered":"https:\/\/gpl-love.com\/fr\/produit\/teams-for-woocommerce-memberships\/"},"modified":"2026-04-10T18:42:06","modified_gmt":"2026-04-10T16:42:06","slug":"teams-for-woocommerce-memberships","status":"publish","type":"product","link":"https:\/\/gpl-love.com\/fr\/produit\/teams-for-woocommerce-memberships\/","title":{"rendered":"Teams pour WooCommerce Memberships 1.8.0"},"content":{"rendered":"<h3>Teams pour WooCommerce Memberships Traits<\/h3>\n<p>Les \u00e9quipes pour les abonnements WooCommerce sont un outil incroyablement robuste et sophistiqu\u00e9 qui a \u00e9t\u00e9 m\u00e9ticuleusement con\u00e7u pour faciliter et rationaliser la gestion des programmes d&rsquo;adh\u00e9sion pour les entreprises et les organisations. Ce plugin exceptionnellement puissant permet aux administrateurs de leur accorder la capacit\u00e9 de cr\u00e9er et de superviser efficacement les \u00e9quipes, d&rsquo;attribuer des membres habilement \u00e0 ces \u00e9quipes et d&rsquo;\u00e9tablir et de r\u00e9glementer et de r\u00e9glementer les niveaux d&rsquo;acc\u00e8s variables pour diff\u00e9rents groupes. La polyvalence intrins\u00e8que de cette caract\u00e9ristique particuli\u00e8re s&rsquo;av\u00e8re sans aucun doute exceptionnellement avantageuse, en particulier pour les entreprises qui pr\u00e9sentent la pr\u00e9sence de plusieurs d\u00e9partements ou \u00e9quipes n\u00e9cessitant des niveaux d&rsquo;acc\u00e8s diff\u00e9rents au m\u00eame programme d&rsquo;adh\u00e9sion. En outre, il convient de souligner que les \u00e9quipes pour les abonnements WooCommerce poss\u00e8dent une vaste s\u00e9lection d&rsquo;options personnalisables qui sont facilement disponibles pour les utilisateurs. Ces options notables englobent la capacit\u00e9 de d\u00e9signer et d&rsquo;individualiser sans effort les noms d&rsquo;\u00e9quipe, de personnaliser m\u00e9ticuleusement les couleurs et m\u00eame de mettre en conserve et m\u00eame des logos m\u00e9ticuleusement. Essentiellement, ce plugin excelle vraiment dans sa capacit\u00e9 \u00e0 r\u00e9pondre efficacement et \u00e0 s&rsquo;aligner sur l&rsquo;image de marque et les exigences organisationnelles sp\u00e9cifiques d&rsquo;une institution donn\u00e9e. Par cons\u00e9quent, il est sans \u00e9quivoque \u00e9vident que les \u00e9quipes pour les abonnements WooCommerce servent d&rsquo;outil indispensable et inestimable qui r\u00e9volutionne efficacement et optimise la gestion des membres, am\u00e9liorant et favorisant ensuite les efforts collaboratifs optimaux dans les domaines des entreprises et des organisations. En tant que tel, il est ind\u00e9niablement clair que ce plugin remarquable est une n\u00e9cessit\u00e9 absolue pour tout \u00e9tablissement qui poss\u00e8de la pr\u00e9sence d&rsquo;un programme d&rsquo;adh\u00e9sion.<\/p>\n<ul>\n<li>Permet la cr\u00e9ation d&rsquo;\u00e9quipes dans les abonnements WooCommerce<\/li>\n<li>Permet aux chefs d&rsquo;\u00e9quipe de g\u00e9rer les membres de leur \u00e9quipe dans le tableau de bord des abonnements<\/li>\n<li>Les chefs d&rsquo;\u00e9quipe peuvent inviter de nouveaux membres de l&rsquo;\u00e9quipe par e-mail<\/li>\n<li>Permet des options de tarification en \u00e9quipe pour les abonnements<\/li>\n<li>Fournit un aper\u00e7u des performances et des progr\u00e8s de l&rsquo;\u00e9quipe<\/li>\n<li>Am\u00e9liore la collaboration et la communication au sein des \u00e9quipes<\/li>\n<li>Simplifie la gestion de grands groupes d&rsquo;abonnements<\/li>\n<li>Nom et options de description de l&rsquo;\u00e9quipe personnalisables<\/li>\n<li>Compatible avec les extensions de woocomerce populaires et les modules compl\u00e9mentaires<\/li>\n<li>Facile \u00e0 installer et \u00e0 utiliser pour les propri\u00e9taires de magasins et les membres de l&rsquo;\u00e9quipe.<\/li>\n<\/ul>\n","protected":false},"excerpt":{"rendered":"<p>Les \u00e9quipes pour les abonnements WooCommerce sont un plugin remarquablement efficace et tr\u00e8s fonctionnel qui vous permet de g\u00e9n\u00e9rer et de superviser sans effort les abonnements d&rsquo;\u00e9quipe pour votre estimation de WooCommerce. Gr\u00e2ce \u00e0 l&rsquo;utilisation de cette formidable caract\u00e9ristique, vous avez la capacit\u00e9 sans pr\u00e9c\u00e9dent \u00e0 accorder de mani\u00e8re transparente les abonnements au niveau de l&rsquo;\u00e9lite aupr\u00e8s d&rsquo;\u00e9quipes et de groupes, tout en profitant de la plus grande commodit\u00e9 des niveaux de tarification et des contr\u00f4les de gestion de groupe. Cette offre in\u00e9gal\u00e9e est particuli\u00e8rement bien adapt\u00e9e aux entreprises ou aux organisations qui abritent un d\u00e9sir fervent de fournir \u00e0 leurs pr\u00e9cieux membres des avantages in\u00e9gal\u00e9s et des remises tr\u00e8s convoit\u00e9es. Que vous vous trouviez au milieu des incitations ax\u00e9es sur l&rsquo;\u00e9quipe pour les \u00e9quipes sportives, les clubs ou les organisations commerciales, la fonctionnalit\u00e9 sans \u00e9gal des \u00e9quipes pour les abonnements WooCommerce garantit une capacit\u00e9 accrue pour augmenter votre flux de revenus et offrir un niveau de service client sans pr\u00e9c\u00e9dent sans pr\u00e9c\u00e9dent. .<\/p>\n","protected":false},"featured_media":145455,"comment_status":"open","ping_status":"open","template":"","meta":[],"product_brand":[2440],"product_cat":[1359,1182,1181],"product_tag":[1398],"class_list":{"0":"post-134585","1":"product","2":"type-product","3":"status-publish","4":"has-post-thumbnail","6":"product_brand-woocommerce","7":"product_cat-adhesion-commerce-electronique-plugins","8":"product_cat-commerce-electronique-plugins","9":"product_cat-plugins","10":"product_tag-woocommerce","11":"member-discount","12":"discount-restricted","14":"first","15":"instock","16":"sale","17":"downloadable","18":"virtual","19":"sold-individually","20":"purchasable","21":"product-type-simple"},"_links":{"self":[{"href":"https:\/\/gpl-love.com\/fr\/wp-json\/wp\/v2\/product\/134585","targetHints":{"allow":["GET"]}}],"collection":[{"href":"https:\/\/gpl-love.com\/fr\/wp-json\/wp\/v2\/product"}],"about":[{"href":"https:\/\/gpl-love.com\/fr\/wp-json\/wp\/v2\/types\/product"}],"replies":[{"embeddable":true,"href":"https:\/\/gpl-love.com\/fr\/wp-json\/wp\/v2\/comments?post=134585"}],"wp:featuredmedia":[{"embeddable":true,"href":"https:\/\/gpl-love.com\/fr\/wp-json\/wp\/v2\/media\/145455"}],"wp:attachment":[{"href":"https:\/\/gpl-love.com\/fr\/wp-json\/wp\/v2\/media?parent=134585"}],"wp:term":[{"taxonomy":"product_brand","embeddable":true,"href":"https:\/\/gpl-love.com\/fr\/wp-json\/wp\/v2\/product_brand?post=134585"},{"taxonomy":"product_cat","embeddable":true,"href":"https:\/\/gpl-love.com\/fr\/wp-json\/wp\/v2\/product_cat?post=134585"},{"taxonomy":"product_tag","embeddable":true,"href":"https:\/\/gpl-love.com\/fr\/wp-json\/wp\/v2\/product_tag?post=134585"}],"curies":[{"name":"wp","href":"https:\/\/api.w.org\/{rel}","templated":true}]}}