{"id":134583,"date":"2026-02-24T00:00:00","date_gmt":"2026-02-23T23:00:00","guid":{"rendered":"https:\/\/gpl-love.com\/fr\/produit\/sumo-subscriptions-woocommerce-subscription-system\/"},"modified":"2026-04-10T18:41:26","modified_gmt":"2026-04-10T16:41:26","slug":"sumo-subscriptions-woocommerce-subscription-system","status":"publish","type":"product","link":"https:\/\/gpl-love.com\/fr\/produit\/sumo-subscriptions-woocommerce-subscription-system\/","title":{"rendered":"Sumo Subscriptions WooCommerce Subscription System 17.5.0"},"content":{"rendered":"<h3>Sumo Subscriptions WooCommerce Subscription System Traits<\/h3>\n<p>Le syst\u00e8me d&rsquo;abonnement aux abonnements SUMO WooCommerce a \u00e9t\u00e9 sp\u00e9cifiquement d\u00e9velopp\u00e9 pour rationaliser les subtilit\u00e9s associ\u00e9es \u00e0 la gestion des abonnements pour les propri\u00e9taires de magasins en ligne. \u00c9quip\u00e9e d&rsquo;une pl\u00e9thore de fonctionnalit\u00e9s robustes, ce syst\u00e8me accorde aux entreprises la commodit\u00e9 d&rsquo;\u00e9tablir et de superviser sans effort des abonnements, d&rsquo;automatiser les paiements r\u00e9currents et d&rsquo;\u00e9tendre les plans d&rsquo;abonnement flexibles \u00e0 leur client\u00e8le estim\u00e9e. De plus, ce syst\u00e8me de pointe s&rsquo;int\u00e8gre parfaitement \u00e0 la prestigieuse plate-forme WooCommerce, facilitant ainsi la cr\u00e9ation et la gestion centralis\u00e9e des produits d&rsquo;abonnement via un tableau de bord singulier et convivial. En plus de ces fonctionnalit\u00e9s remarquables, le syst\u00e8me d&rsquo;abonnement aux abonnements SUMO WooCommerce poss\u00e8de un large \u00e9ventail d&rsquo;options de personnalisation, permettant aux propri\u00e9taires de magasins d&rsquo;adapter m\u00e9ticuleusement leurs plans d&rsquo;abonnement conform\u00e9ment \u00e0 leurs exigences commerciales uniques. L&rsquo;adoption des abonnements SUMO WooCommerce Syst\u00e8me d&rsquo;abonnement permet aux entreprises de tirer des partisans intelligents de l&rsquo;\u00e9conomie d&rsquo;abonnement, amplifiant sans effort leurs sources de revenus r\u00e9currentes.<\/p>\n<ul>\n<li>Syst\u00e8me d&rsquo;abonnement complet pour WooCommerce.<\/li>\n<li>Permet aux entreprises de configurer plusieurs options d&rsquo;abonnement pour les clients.<\/li>\n<li>Paiements r\u00e9currents automatiques pour chaque abonnement.<\/li>\n<li>Traitement de paiement priv\u00e9 et s\u00e9curis\u00e9 pour les transactions clients.<\/li>\n<li>Options de gestion d&rsquo;abonnement flexibles pour les entreprises.<\/li>\n<li>Ajustez facilement les param\u00e8tres d&rsquo;abonnement et les plans de paiement au besoin.<\/li>\n<li>Rapports et surveillance en temps r\u00e9el pour toutes les donn\u00e9es d&rsquo;abonnement.<\/li>\n<li>S&rsquo;int\u00e8gre aux passerelles de paiement populaires comme PayPal et Stripe.<\/li>\n<li>Installation facile et configuration avec des instructions \u00e9tape par \u00e9tape.<\/li>\n<li>Support client 24\/7 et assistance technique.<\/li>\n<\/ul>\n","protected":false},"excerpt":{"rendered":"<p>Les abonnements SUMO impliquent un syst\u00e8me d&rsquo;abonnement WooCommerce sophistiqu\u00e9 qui a \u00e9t\u00e9 m\u00e9ticuleusement con\u00e7u pour rationaliser et optimiser vos proc\u00e9dures de gestion de l&rsquo;abonnement. En int\u00e9grant les abonnements SUMO, vous pouvez \u00e9tablir et superviser sans effort les abonnements, les paiements r\u00e9currents et la facturation automatis\u00e9e pour votre magasin en ligne estim\u00e9 WooCommerce. Ce syst\u00e8me remarquable regorge d&rsquo;une vaste gamme de fonctionnalit\u00e9s remarquables, englobant plusieurs options d&rsquo;abonnement, des p\u00e9riodes d&rsquo;essai, des plans d&rsquo;abonnement personnalisables, des paiements au prorata et un assortiment de fonctionnalit\u00e9s suppl\u00e9mentaires, offrant ainsi \u00e0 vos clients une exp\u00e9rience de magasinage impeccablement sans transport. De plus, les abonnements SUMO poss\u00e8dent une personnalisabilit\u00e9 et une \u00e9volutivit\u00e9 compl\u00e8tes, ce qui en fait la solution parfaite pour r\u00e9pondre aux diverses exigences de toute entit\u00e9 commerciale, que vous vous embarquiez dans votre voyage entrepreneurial ou que vous vous efforcez d&rsquo;augmenter la port\u00e9e de votre magasin WooCommerce florissant.<\/p>\n","protected":false},"featured_media":145400,"comment_status":"open","ping_status":"open","template":"","meta":[],"product_brand":[2435],"product_cat":[1359,1182,1181],"product_tag":[1231],"class_list":{"0":"post-134583","1":"product","2":"type-product","3":"status-publish","4":"has-post-thumbnail","6":"product_brand-codecanyon","7":"product_cat-adhesion-commerce-electronique-plugins","8":"product_cat-commerce-electronique-plugins","9":"product_cat-plugins","10":"product_tag-codecanyon","11":"member-discount","12":"discount-restricted","14":"first","15":"instock","16":"sale","17":"downloadable","18":"virtual","19":"sold-individually","20":"purchasable","21":"product-type-simple"},"_links":{"self":[{"href":"https:\/\/gpl-love.com\/fr\/wp-json\/wp\/v2\/product\/134583","targetHints":{"allow":["GET"]}}],"collection":[{"href":"https:\/\/gpl-love.com\/fr\/wp-json\/wp\/v2\/product"}],"about":[{"href":"https:\/\/gpl-love.com\/fr\/wp-json\/wp\/v2\/types\/product"}],"replies":[{"embeddable":true,"href":"https:\/\/gpl-love.com\/fr\/wp-json\/wp\/v2\/comments?post=134583"}],"wp:featuredmedia":[{"embeddable":true,"href":"https:\/\/gpl-love.com\/fr\/wp-json\/wp\/v2\/media\/145400"}],"wp:attachment":[{"href":"https:\/\/gpl-love.com\/fr\/wp-json\/wp\/v2\/media?parent=134583"}],"wp:term":[{"taxonomy":"product_brand","embeddable":true,"href":"https:\/\/gpl-love.com\/fr\/wp-json\/wp\/v2\/product_brand?post=134583"},{"taxonomy":"product_cat","embeddable":true,"href":"https:\/\/gpl-love.com\/fr\/wp-json\/wp\/v2\/product_cat?post=134583"},{"taxonomy":"product_tag","embeddable":true,"href":"https:\/\/gpl-love.com\/fr\/wp-json\/wp\/v2\/product_tag?post=134583"}],"curies":[{"name":"wp","href":"https:\/\/api.w.org\/{rel}","templated":true}]}}