{"id":134579,"date":"2022-03-04T00:00:00","date_gmt":"2022-03-03T23:00:00","guid":{"rendered":"https:\/\/gpl-love.com\/fr\/produit\/smart-sections-theme-builder-wpbakery-page-builder-addon\/"},"modified":"2026-04-10T18:39:54","modified_gmt":"2026-04-10T16:39:54","slug":"smart-sections-theme-builder-wpbakery-page-builder-addon","status":"publish","type":"product","link":"https:\/\/gpl-love.com\/fr\/produit\/smart-sections-theme-builder-wpbakery-page-builder-addon\/","title":{"rendered":"Smart Sections Th\u00e8me Builder WPBakery Page Builder Addon 1.7.1"},"content":{"rendered":"<h3>Smart Sections Th\u00e8me Builder WPBakery Page Builder Addon Traits<\/h3>\n<p>Le constructeur de th\u00e8mes Smart Sections WPBAKERY Builder Addon, avec un \u00e9ventail de capacit\u00e9s impressionnantes, a \u00e9t\u00e9 m\u00e9ticuleusement con\u00e7ue pour augmenter la fonctionnalit\u00e9 globale de la conception de votre site Web. Cet addon remarquable offre une approche avant-gardiste pour fabriquer des pages et sections resplendissantes pour votre site Web, tirant sans effort la commodit\u00e9 et l&rsquo;efficacit\u00e9 du constructeur de page WPBakery. \u00c9quip\u00e9 d&rsquo;une pl\u00e9thore de fonctionnalit\u00e9s avanc\u00e9es, cet addon vous permet de personnaliser pleinement chaque \u00e9l\u00e9ment de vos pages et sections, assurant un alignement transparent avec vos exigences uniques et distinctes. De plus, cet addon est accompagn\u00e9 d&rsquo;une collection de mod\u00e8les pr\u00e9-con\u00e7us, adaptable sans effort pour refl\u00e9ter le style et l&rsquo;identit\u00e9 distinctifs de votre marque. En int\u00e9grant le constructeur de th\u00e8mes Smart Sections WPBAKERY Builder Addon dans votre site Web, vous pouvez \u00e9lever votre conception \u00e0 des hauteurs sans pr\u00e9c\u00e9dent, accordant \u00e0 vos visiteurs une exp\u00e9rience utilisateur in\u00e9gal\u00e9e qui ne sera pas s\u00fbre de captiver et de saisir.<\/p>\n<ul>\n<li>Personnalisation facile des sections de site Web sans connaissances de codage<\/li>\n<li>Int\u00e9gration avec WPBakery Page Builder pour une fonctionnalit\u00e9 de glisser-d\u00e9poser sans couture<\/li>\n<li>Plusieurs sections pr\u00e9-con\u00e7ues disponibles pour une impl\u00e9mentation rapide<\/li>\n<li>Dispos\u00e9s, couleurs et styles personnalisables<\/li>\n<li>Option pour enregistrer et r\u00e9utiliser des sections personnalis\u00e9es pour une conception coh\u00e9rente sur votre site Web<\/li>\n<li>Conception r\u00e9active pour une visualisation optimale sur tous les appareils<\/li>\n<li>Mises \u00e0 jour r\u00e9guli\u00e8res et support client de l&rsquo;\u00e9quipe des d\u00e9veloppeurs<\/li>\n<li>Compatible avec la plupart des th\u00e8mes WordPress<\/li>\n<li>Am\u00e9liorer la conception et les fonctionnalit\u00e9s du site Web sans avoir besoin de plugins suppl\u00e9mentaires ou de comp\u00e9tences de codage<\/li>\n<li>Support multilingue pour la port\u00e9e mondiale d&rsquo;audience.<\/li>\n<\/ul>\n","protected":false},"excerpt":{"rendered":"<p>Le constructeur de th\u00e8me Smart Sections WPBAKERY Builder Addon offre la capacit\u00e9 remarquable de construire des sites Web visuellement captivants et personnalis\u00e9s. Ce formidable outil permet aux utilisateurs de cr\u00e9er sans effort leurs propres sections, dispositions et conceptions directement dans la plate-forme de g\u00e9n\u00e9rateur de page WPBAKERY. B\u00e9n\u00e9ficiant d&rsquo;une interface conviviale et d&rsquo;une vaste gamme d&rsquo;options de personnalisation, cet addon permet aux individus d&rsquo;adapter leurs sites Web pr\u00e9cis\u00e9ment \u00e0 leurs exigences uniques et \u00e0 leurs pr\u00e9f\u00e9rences esth\u00e9tiques. Sans aucun doute, le constructeur de page de th\u00e8me Smart Sections WPBakery Addon s&rsquo;av\u00e8re \u00eatre un ajout inestimable \u00e0 la bo\u00eete \u00e0 outils de tout utilisateur de g\u00e9n\u00e9rateur de page WPBakery.<\/p>\n","protected":false},"featured_media":145271,"comment_status":"open","ping_status":"open","template":"","meta":[],"product_brand":[2435],"product_cat":[1189,1181,1186],"product_tag":[1231],"class_list":{"0":"post-134579","1":"product","2":"type-product","3":"status-publish","4":"has-post-thumbnail","6":"product_brand-codecanyon","7":"product_cat-personnalisation","8":"product_cat-plugins","9":"product_cat-wordpress-plugins","10":"product_tag-codecanyon","11":"member-discount","12":"discount-restricted","14":"first","15":"instock","16":"sale","17":"downloadable","18":"virtual","19":"sold-individually","20":"purchasable","21":"product-type-simple"},"_links":{"self":[{"href":"https:\/\/gpl-love.com\/fr\/wp-json\/wp\/v2\/product\/134579","targetHints":{"allow":["GET"]}}],"collection":[{"href":"https:\/\/gpl-love.com\/fr\/wp-json\/wp\/v2\/product"}],"about":[{"href":"https:\/\/gpl-love.com\/fr\/wp-json\/wp\/v2\/types\/product"}],"replies":[{"embeddable":true,"href":"https:\/\/gpl-love.com\/fr\/wp-json\/wp\/v2\/comments?post=134579"}],"wp:featuredmedia":[{"embeddable":true,"href":"https:\/\/gpl-love.com\/fr\/wp-json\/wp\/v2\/media\/145271"}],"wp:attachment":[{"href":"https:\/\/gpl-love.com\/fr\/wp-json\/wp\/v2\/media?parent=134579"}],"wp:term":[{"taxonomy":"product_brand","embeddable":true,"href":"https:\/\/gpl-love.com\/fr\/wp-json\/wp\/v2\/product_brand?post=134579"},{"taxonomy":"product_cat","embeddable":true,"href":"https:\/\/gpl-love.com\/fr\/wp-json\/wp\/v2\/product_cat?post=134579"},{"taxonomy":"product_tag","embeddable":true,"href":"https:\/\/gpl-love.com\/fr\/wp-json\/wp\/v2\/product_tag?post=134579"}],"curies":[{"name":"wp","href":"https:\/\/api.w.org\/{rel}","templated":true}]}}