{"id":134577,"date":"2026-04-18T00:00:00","date_gmt":"2026-04-17T22:00:00","guid":{"rendered":"https:\/\/gpl-love.com\/fr\/produit\/slider-revolution-addons\/"},"modified":"2026-04-19T00:30:57","modified_gmt":"2026-04-18T22:30:57","slug":"slider-revolution-addons","status":"publish","type":"product","link":"https:\/\/gpl-love.com\/fr\/produit\/slider-revolution-addons\/","title":{"rendered":"Slider Revolution Premium Responsive Slider 7.0.9"},"content":{"rendered":"<h3>Slider Revolution Premium Responsive Slider Traits<\/h3>\n<p>Slider Revolution Premium Responsive Slider est un plugin WordPress incroyablement puissant qui offre aux utilisateurs la possibilit\u00e9 de r\u00e9diger des diaporamas \u00e0 couper le souffle et dynamiques sur n&rsquo;importe quel site Web. Son interface de glisser-d\u00e9poser, caract\u00e9ris\u00e9e par sa remarquable facilit\u00e9 d&rsquo;utilisation, permet aux individus d&rsquo;int\u00e9grer sans effort des images, des vid\u00e9os, du texte et de l&rsquo;animation dans leurs diapositives. De plus, ce plugin propose une vaste gamme d&rsquo;options de personnalisation, telles que divers types d&rsquo;animation, transitions de diapositives et styles de navigation, permettant ainsi aux utilisateurs d&rsquo;adapter leurs diaporamas \u00e0 leurs pr\u00e9f\u00e9rences esth\u00e9tiques sp\u00e9cifiques. De plus, le curseur poss\u00e8de une conception r\u00e9active, garantissant qu&rsquo;il s&rsquo;adapte parfaitement et semble visuellement magnifique sur n&rsquo;importe quel appareil. En outre, la fonction d&rsquo;optimisation du r\u00e9f\u00e9rencement qu&rsquo;il int\u00e8gre aide \u00e0 am\u00e9liorer la visibilit\u00e9 du site Web et le classement des moteurs de recherche, optimisant ainsi sa pr\u00e9sence en ligne. Par cons\u00e9quent, il est tout \u00e0 fait \u00e9vident que Slider Revolution est un outil incroyablement polyvalent et convivial qui poss\u00e8de la capacit\u00e9 inn\u00e9e d&rsquo;augmenter consid\u00e9rablement l&rsquo;attrait visuel de tout site Web qu&rsquo;il orne.<\/p>\n<ul>\n<li>Un plugin de curseur premium qui est tr\u00e8s r\u00e9actif et convivial<\/li>\n<li>Livr\u00e9 avec une large gamme de mod\u00e8les de curseur \u00e9l\u00e9gants et personnalisables<\/li>\n<li>Propose un \u00e9diteur de glisser-d\u00e9poser qui facilite la cr\u00e9ation de curseurs dynamiques<\/li>\n<li>Vous permet d&rsquo;ajouter facilement des images, des vid\u00e9os et d&rsquo;autres contenus multim\u00e9dias \u00e0 vos curseurs<\/li>\n<li>Livr\u00e9 avec une gamme d&rsquo;effets d&rsquo;animation et de transition qui feront ressortir vos curseurs<\/li>\n<li>Offre un support complet pour les appareils tactiles, en veillant \u00e0 ce que vos curseurs fonctionnent parfaitement sur les appareils mobiles et tablettes<\/li>\n<li>Comprend une technologie puissante qui garantit que vos curseurs sont optimis\u00e9s pour les temps de chargement rapide et les performances maximales<\/li>\n<li>Vous permet d&rsquo;inclure le CSS et le code JavaScript personnalis\u00e9s, vous donnant un contr\u00f4le total sur l&rsquo;apparence et la fonctionnalit\u00e9 de vos curseurs<\/li>\n<li>Livr\u00e9 avec une documentation compl\u00e8te et un soutien pour vous aider \u00e0 tirer le meilleur parti du plugin.<\/li>\n<\/ul>\n","protected":false},"excerpt":{"rendered":"<p>Le plugin Slider Revolution Premium Reactive Slider est un outil extraordinaire qui offre des fonctionnalit\u00e9s avanc\u00e9es et une grande polyvalence, vous permettant de fabriquer sans effort des curseurs visuellement \u00e9tonnants et dynamiques pour votre site Web. Son interface est con\u00e7ue avec la plus grande convivialit\u00e9 \u00e0 l&rsquo;esprit des utilisateurs, vous permettant d&rsquo;incorporer de mani\u00e8re transparente du texte, des images, des vid\u00e9os et des animations captivants dans vos curseurs, captivant ainsi votre public et pr\u00e9sentant votre contenu d&rsquo;une mani\u00e8re incroyablement innovante et ing\u00e9nieuse. De plus, ce curseur remarquable est pleinement r\u00e9actif, garantissant qu&rsquo;il maintient son apparence et sa fonctionnalit\u00e9 exceptionnelles sur tout type d&rsquo;appareil. En outre, il offre un large \u00e9ventail d&rsquo;options de personnalisation, englobant une vaste s\u00e9lection de plus de 200 mod\u00e8les con\u00e7us par des professionnels, vous accordant ainsi la possibilit\u00e9 d&rsquo;adapter votre curseur \u00e0 s&rsquo;aligner parfaitement sur le style unique de votre marque et \u00e0 transmettre le message souhait\u00e9 de la mani\u00e8re la plus percutante possible. . Sans aucun doute, ce plugin est un outil indispensable pour \u00e9lever l&rsquo;esth\u00e9tique visuelle de votre site Web et am\u00e9liorer efficacement l&rsquo;engagement avec votre public.<\/p>\n","protected":false},"featured_media":145266,"comment_status":"open","ping_status":"open","template":"","meta":[],"product_brand":[2435],"product_cat":[1189,1181,1186],"product_tag":[1231],"class_list":{"0":"post-134577","1":"product","2":"type-product","3":"status-publish","4":"has-post-thumbnail","6":"product_brand-codecanyon","7":"product_cat-personnalisation","8":"product_cat-plugins","9":"product_cat-wordpress-plugins","10":"product_tag-codecanyon","11":"member-discount","12":"discount-restricted","14":"first","15":"instock","16":"sale","17":"downloadable","18":"virtual","19":"sold-individually","20":"purchasable","21":"product-type-simple"},"_links":{"self":[{"href":"https:\/\/gpl-love.com\/fr\/wp-json\/wp\/v2\/product\/134577","targetHints":{"allow":["GET"]}}],"collection":[{"href":"https:\/\/gpl-love.com\/fr\/wp-json\/wp\/v2\/product"}],"about":[{"href":"https:\/\/gpl-love.com\/fr\/wp-json\/wp\/v2\/types\/product"}],"replies":[{"embeddable":true,"href":"https:\/\/gpl-love.com\/fr\/wp-json\/wp\/v2\/comments?post=134577"}],"wp:featuredmedia":[{"embeddable":true,"href":"https:\/\/gpl-love.com\/fr\/wp-json\/wp\/v2\/media\/145266"}],"wp:attachment":[{"href":"https:\/\/gpl-love.com\/fr\/wp-json\/wp\/v2\/media?parent=134577"}],"wp:term":[{"taxonomy":"product_brand","embeddable":true,"href":"https:\/\/gpl-love.com\/fr\/wp-json\/wp\/v2\/product_brand?post=134577"},{"taxonomy":"product_cat","embeddable":true,"href":"https:\/\/gpl-love.com\/fr\/wp-json\/wp\/v2\/product_cat?post=134577"},{"taxonomy":"product_tag","embeddable":true,"href":"https:\/\/gpl-love.com\/fr\/wp-json\/wp\/v2\/product_tag?post=134577"}],"curies":[{"name":"wp","href":"https:\/\/api.w.org\/{rel}","templated":true}]}}