{"id":134575,"date":"2026-04-22T00:00:00","date_gmt":"2026-04-21T22:00:00","guid":{"rendered":"https:\/\/gpl-love.com\/fr\/produit\/shoptimizer-fastest-woocommerce-wordpress-themes\/"},"modified":"2026-04-23T00:30:51","modified_gmt":"2026-04-22T22:30:51","slug":"shoptimizer-fastest-woocommerce-wordpress-themes","status":"publish","type":"product","link":"https:\/\/gpl-love.com\/fr\/produit\/shoptimizer-fastest-woocommerce-wordpress-themes\/","title":{"rendered":"Shoptimizer Fastest WooCommerce WordPress Themes 2.9.5"},"content":{"rendered":"<h3>Shoptimizer Fastest WooCommerce WordPress Themes Traits<\/h3>\n<p>Shoptizer, un th\u00e8me WordPress hautement sophistiqu\u00e9 et de pointe, a \u00e9t\u00e9 m\u00e9ticuleusement con\u00e7u dans le seul but de s&rsquo;adresser aux magasins en ligne bas\u00e9s sur WooCommerce. B\u00e9n\u00e9ficiant de vitesses de chargement de pages rapides qui ne laisseront pas les utilisateurs dans la crainte, ainsi qu&rsquo;une disposition tr\u00e8s intuitive qui garantit une navigation transparente, Shoptizer est sans aucun doute le choix ultime pour les marchands qui souhaitent optimiser l&rsquo;exp\u00e9rience utilisateur de leur site Web et, par cons\u00e9quent, Boosting de leurs chiffres de vente. De plus, ce th\u00e8me extraordinaire offre une vaste gamme d&rsquo;options de personnalisation, permettant aux utilisateurs d&rsquo;adapter leurs magasins en ligne en fonction de leurs pr\u00e9f\u00e9rences et exigences uniques. De plus, ShopTizer est \u00e9quip\u00e9 d&rsquo;une suite compl\u00e8te d&rsquo;outils de marketing puissants, ce qui permet aux utilisateurs la possibilit\u00e9 de promouvoir efficacement leurs produits et services. Ce th\u00e8me in\u00e9gal\u00e9 incarne vraiment la flexibilit\u00e9 et les fonctionnalit\u00e9s, offrant aux utilisateurs les outils n\u00e9cessaires pour propulser leurs entreprises en ligne \u00e0 des hauteurs sans pr\u00e9c\u00e9dent. Que vous soyez un entrepreneur naissant qui fait vos premiers pas dans le domaine num\u00e9rique ou un marchand \u00e9tabli cherchant \u00e0 revitaliser votre boutique en ligne existante, Shoptizer est sans \u00e9quivoque comme la solution id\u00e9ale pour ceux qui souhaitent d\u00e9verrouiller leur potentiel complet et construire une pr\u00e9sence de commerce \u00e9lectronique florissante.<\/p>\n<ul>\n<li>Shoptizer est un th\u00e8me WOOCommerce rapide et l\u00e9ger WordPress con\u00e7u pour optimiser les performances et les conversions de votre boutique en ligne.<\/li>\n<li>Avec des temps de chargement rapide et un code optimis\u00e9 propre et optimis\u00e9, ShopTizer assure une exp\u00e9rience utilisateur transparente pour vos clients.<\/li>\n<li>Shoptizer est construit en tenant compte de l&rsquo;optimisation des taux de conversion, avec des fonctionnalit\u00e9s telles que le paiement en un clic et un en-t\u00eate de produit collant pour augmenter vos ventes.<\/li>\n<li>Le th\u00e8me comprend \u00e9galement une gamme de mod\u00e8les personnalisables et d&rsquo;options de style, vous permettant de cr\u00e9er une vitrine unique et professionnelle sans avoir besoin d&rsquo;un d\u00e9veloppeur.<\/li>\n<li>Shoptizer est enti\u00e8rement r\u00e9actif sur tous les appareils, ce qui permet aux acheteurs de parcourir et d&rsquo;acheter facilement dans votre magasin, qu&rsquo;ils soient sur le bureau ou sur le mobile.<\/li>\n<li>Le th\u00e8me est \u00e9galement optimis\u00e9 pour le r\u00e9f\u00e9rencement, aidant votre magasin plus haut dans les r\u00e9sultats des moteurs de recherche et g\u00e9n\u00e9rez un trafic plus organique vers votre site.<\/li>\n<li>Shoptizer est livr\u00e9 avec une documentation et un soutien approfondis, en vous assurant que vous avez tout ce dont vous avez besoin pour faire fonctionner votre boutique en ligne.<\/li>\n<\/ul>\n","protected":false},"excerpt":{"rendered":"<p>Shoptizer, un th\u00e8me WooCommerce exceptionnel WordPress, a \u00e9t\u00e9 m\u00e9ticuleusement con\u00e7u pour am\u00e9liorer la rencontre d&rsquo;achat du commerce \u00e9lectronique. Sa conception d\u00e9termin\u00e9e privil\u00e9gie la vitesse, garantissant un chargement rapide et efficace de chaque page. Emball\u00e9 avec une gamme de fonctionnalit\u00e9s remarquables telles que le zoom d&rsquo;image du produit, le chariot de flotteur et les barres de notification, Shoptizer contribue activement \u00e0 renforcer les \u00e9v\u00e9nements de vente et d&rsquo;att\u00e9nuer l&rsquo;abandon des chariots. En outre, ce th\u00e8me est enti\u00e8rement personnalisable et convivial, facilitant la cr\u00e9ation sans effort d&rsquo;une boutique en ligne distinctive et optimis\u00e9e qui surpasse sans effort ses concurrents. Embrassez en toute confiance Shoptizer, car il vous permet de vendre vos produits en ligne avec une certitude in\u00e9branlable, sachant que vos clients estim\u00e9s se d\u00e9lecteront d&rsquo;une exp\u00e9rience d&rsquo;achat acc\u00e9l\u00e9r\u00e9e et centr\u00e9e sur l&rsquo;utilisateur.<\/p>\n","protected":false},"featured_media":145246,"comment_status":"open","ping_status":"open","template":"","meta":[],"product_brand":[2657],"product_cat":[1238,1851,1212],"product_tag":[1241],"class_list":{"0":"post-134575","1":"product","2":"type-product","3":"status-publish","4":"has-post-thumbnail","6":"product_brand-commercegurus","7":"product_cat-commerce-electronique-themes","8":"product_cat-entreprise-commerce-electronique-themes","9":"product_cat-themes","10":"product_tag-commercegurus","11":"member-discount","12":"discount-restricted","14":"first","15":"instock","16":"sale","17":"downloadable","18":"virtual","19":"sold-individually","20":"purchasable","21":"product-type-simple"},"_links":{"self":[{"href":"https:\/\/gpl-love.com\/fr\/wp-json\/wp\/v2\/product\/134575","targetHints":{"allow":["GET"]}}],"collection":[{"href":"https:\/\/gpl-love.com\/fr\/wp-json\/wp\/v2\/product"}],"about":[{"href":"https:\/\/gpl-love.com\/fr\/wp-json\/wp\/v2\/types\/product"}],"replies":[{"embeddable":true,"href":"https:\/\/gpl-love.com\/fr\/wp-json\/wp\/v2\/comments?post=134575"}],"wp:featuredmedia":[{"embeddable":true,"href":"https:\/\/gpl-love.com\/fr\/wp-json\/wp\/v2\/media\/145246"}],"wp:attachment":[{"href":"https:\/\/gpl-love.com\/fr\/wp-json\/wp\/v2\/media?parent=134575"}],"wp:term":[{"taxonomy":"product_brand","embeddable":true,"href":"https:\/\/gpl-love.com\/fr\/wp-json\/wp\/v2\/product_brand?post=134575"},{"taxonomy":"product_cat","embeddable":true,"href":"https:\/\/gpl-love.com\/fr\/wp-json\/wp\/v2\/product_cat?post=134575"},{"taxonomy":"product_tag","embeddable":true,"href":"https:\/\/gpl-love.com\/fr\/wp-json\/wp\/v2\/product_tag?post=134575"}],"curies":[{"name":"wp","href":"https:\/\/api.w.org\/{rel}","templated":true}]}}