{"id":134573,"date":"2025-06-19T00:00:00","date_gmt":"2025-06-18T22:00:00","guid":{"rendered":"https:\/\/gpl-love.com\/fr\/produit\/seosight-seo-digital-marketing-agency-wp-theme-with-shop\/"},"modified":"2026-04-10T18:39:20","modified_gmt":"2026-04-10T16:39:20","slug":"seosight-seo-digital-marketing-agency-wp-theme-with-shop","status":"publish","type":"product","link":"https:\/\/gpl-love.com\/fr\/produit\/seosight-seo-digital-marketing-agency-wp-theme-with-shop\/","title":{"rendered":"Seosight SEO, Digital Marketing Agency WP Th\u00e8me with Shop 5.9"},"content":{"rendered":"<h3>Seosight SEO, Digital Marketing Agency WP Th\u00e8me with Shop Traits<\/h3>\n<p>Le th\u00e8me de l&rsquo;agence de marketing SEOSIGH et Digital WP avec une boutique appara\u00eet comme le rem\u00e8de ultime pour les individus aspirant \u00e0 \u00e9tablir une pr\u00e9sence en ligne sophistiqu\u00e9e et percutante. Tapp\u00e9 exclusivement pour les agences de r\u00e9f\u00e9rencement et de marketing num\u00e9rique, ce th\u00e8me poss\u00e8de une personnalisation compl\u00e8te et une pl\u00e9thore de fonctionnalit\u00e9s qui facilitent la cr\u00e9ation d&rsquo;un site Web impressionnant. De plus, gr\u00e2ce \u00e0 sa fonctionnalit\u00e9 de magasin int\u00e9gr\u00e9e, il se pr\u00e9sente comme l&rsquo;alternative impeccable pour les particuliers qui aspirent \u00e0 commercialiser leurs produits ou services num\u00e9riques en ligne. Peu importe que l&rsquo;on se lance dans son parcours entrepreneurial ou cherche \u00e0 \u00e9lever leur entreprise \u00e0 de nouveaux sommets, Seosight est le choix par excellence pour tout sp\u00e9cialiste du marketing num\u00e9rique ou SEO.<\/p>\n<ul>\n<li>Seosight est un th\u00e8me WordPress moderne et \u00e9l\u00e9gant con\u00e7u pour le r\u00e9f\u00e9rencement et les agences de marketing num\u00e9rique.<\/li>\n<li>Il est livr\u00e9 avec une gamme de mod\u00e8les pr\u00e9d\u00e9finis et de pages de d\u00e9monstration, ce qui facilite le lancement rapidement de votre site Web.<\/li>\n<li>Avec Seosight, vous pouvez facilement pr\u00e9senter vos services, vos membres de l&rsquo;\u00e9quipe et vos histoires de r\u00e9ussite des clients.<\/li>\n<li>Le th\u00e8me comprend une fonctionnalit\u00e9 de boutique int\u00e9gr\u00e9e, vous pouvez donc vendre des produits num\u00e9riques et des marchandises directement \u00e0 partir de votre site Web.<\/li>\n<li>Seosight est enti\u00e8rement personnalisable, gr\u00e2ce \u00e0 son constructeur de pages glisser-d\u00e9poser intuitif et son vaste panneau d&rsquo;options de th\u00e8me.<\/li>\n<li>Il est \u00e9galement optimis\u00e9 pour la vitesse et le r\u00e9f\u00e9rencement, garantissant que votre site Web se charge rapidement et se classe bien dans les moteurs de recherche.<\/li>\n<li>Le th\u00e8me est pr\u00eat pour la traduction, vous pouvez donc facilement cr\u00e9er un site multilingue si n\u00e9cessaire.<\/li>\n<li>Seosight est soutenu par un support client fiable, garantissant que vous avez de l&rsquo;aide chaque fois que vous en avez besoin.<\/li>\n<\/ul>\n","protected":false},"excerpt":{"rendered":"<p>Seosight, un th\u00e8me WordPress hautement adaptable, a \u00e9t\u00e9 m\u00e9ticuleusement con\u00e7u pour r\u00e9pondre aux exigences des agences de marketing num\u00e9rique. B\u00e9n\u00e9ficiant d&rsquo;un design \u00e9l\u00e9gant et contemporain, Seosight s&rsquo;av\u00e8re \u00eatre la s\u00e9lection par excellence lorsqu&rsquo;il s&rsquo;agit de fa\u00e7onner un site Web sophistiqu\u00e9 qui pr\u00e9sente efficacement les services remarquables de votre agence et l&rsquo;expertise in\u00e9gal\u00e9e. Remarquablement, ce th\u00e8me est \u00e9quip\u00e9 d&rsquo;un assortiment exhaustif d&rsquo;outils et de fonctionnalit\u00e9s, associ\u00e9s \u00e0 une fonctionnalit\u00e9 de commerce \u00e9lectronique int\u00e9gr\u00e9e de mani\u00e8re transparente qui vous permet de fournir sans effort vos services directement \u00e0 partir de votre site Web. Par cons\u00e9quent, que vous cherchiez \u00e0 \u00e9tablir un tout nouveau site Web d&rsquo;agence ou \u00e0 r\u00e9organiser un site existant, Seosight \u00e9merge sans effort comme la solution ultime qui s&rsquo;adresse \u00e0 tous vos \u00e9l\u00e9ments essentiels en marketing num\u00e9rique.<\/p>\n","protected":false},"featured_media":145224,"comment_status":"open","ping_status":"open","template":"","meta":[],"product_brand":[2433],"product_cat":[1516,1212,1213],"product_tag":[1366],"class_list":{"0":"post-134573","1":"product","2":"type-product","3":"status-publish","4":"has-post-thumbnail","6":"product_brand-themeforest","7":"product_cat-entreprise","8":"product_cat-themes","9":"product_cat-wordpress-themes","10":"product_tag-themeforest","11":"member-discount","12":"discount-restricted","14":"first","15":"instock","16":"sale","17":"downloadable","18":"virtual","19":"sold-individually","20":"purchasable","21":"product-type-simple"},"_links":{"self":[{"href":"https:\/\/gpl-love.com\/fr\/wp-json\/wp\/v2\/product\/134573","targetHints":{"allow":["GET"]}}],"collection":[{"href":"https:\/\/gpl-love.com\/fr\/wp-json\/wp\/v2\/product"}],"about":[{"href":"https:\/\/gpl-love.com\/fr\/wp-json\/wp\/v2\/types\/product"}],"replies":[{"embeddable":true,"href":"https:\/\/gpl-love.com\/fr\/wp-json\/wp\/v2\/comments?post=134573"}],"wp:featuredmedia":[{"embeddable":true,"href":"https:\/\/gpl-love.com\/fr\/wp-json\/wp\/v2\/media\/145224"}],"wp:attachment":[{"href":"https:\/\/gpl-love.com\/fr\/wp-json\/wp\/v2\/media?parent=134573"}],"wp:term":[{"taxonomy":"product_brand","embeddable":true,"href":"https:\/\/gpl-love.com\/fr\/wp-json\/wp\/v2\/product_brand?post=134573"},{"taxonomy":"product_cat","embeddable":true,"href":"https:\/\/gpl-love.com\/fr\/wp-json\/wp\/v2\/product_cat?post=134573"},{"taxonomy":"product_tag","embeddable":true,"href":"https:\/\/gpl-love.com\/fr\/wp-json\/wp\/v2\/product_tag?post=134573"}],"curies":[{"name":"wp","href":"https:\/\/api.w.org\/{rel}","templated":true}]}}