{"id":134571,"date":"2026-03-27T00:00:00","date_gmt":"2026-03-26T23:00:00","guid":{"rendered":"https:\/\/gpl-love.com\/fr\/produit\/searchwp-wordpress-plugin\/"},"modified":"2026-04-10T18:39:06","modified_gmt":"2026-04-10T16:39:06","slug":"searchwp-wordpress-plugin","status":"publish","type":"product","link":"https:\/\/gpl-love.com\/fr\/produit\/searchwp-wordpress-plugin\/","title":{"rendered":"SearchWP 4.5.9"},"content":{"rendered":"<h3>SearchWP Traits<\/h3>\n<p>SearchWP est un moteur de recherche tr\u00e8s robuste et puissant sp\u00e9cialement con\u00e7u pour les sites Web WordPress, offrant une exp\u00e9rience de recherche remarquablement efficace et largement personnalisable pour les utilisateurs. Cet outil exceptionnel am\u00e9liore consid\u00e9rablement les fonctionnalit\u00e9s de recherche par d\u00e9faut de WordPress en fournissant des r\u00e9sultats de recherche extr\u00eamement pertinents qui englobent le contenu \u00e0 partir de types de publication personnalis\u00e9s, de taxonomies et de champs personnalis\u00e9s. De plus, SearchWP poss\u00e8de la fonctionnalit\u00e9 impressionnante de l&rsquo;indexation en temps r\u00e9el, garantissant que tout contenu nouvellement ajout\u00e9 est instantan\u00e9ment incorpor\u00e9 dans les r\u00e9sultats de la recherche, maintenant ainsi parfaitement les utilisateurs \u00e0 jour. Les param\u00e8tres de recherche flexibles de SearchWP permettent aux utilisateurs de pouvoir exclure s\u00e9lectivement des pages, des publications ou des cat\u00e9gories sp\u00e9cifiques \u00e0 partir des r\u00e9sultats de la recherche, permettant une exp\u00e9rience de recherche plus adapt\u00e9e et rationalis\u00e9e. De plus, SearchWP va au-del\u00e0 en fournissant des analyses inestimables qui vous permettent de suivre m\u00e9ticuleusement les requ\u00eates de recherche et d&rsquo;analyser m\u00e9ticuleusement le comportement des utilisateurs sur votre site Web. En fin de compte, SearchWP appara\u00eet comme une solution exemplaire qui am\u00e9liore admirablement l&rsquo;exp\u00e9rience de recherche sur les sites Web WordPress, facilitant sans \u00e9quivoque l&rsquo;acquisition rapide et sans effort des informations souhait\u00e9es pour les utilisateurs.<\/p>\n<ul>\n<li>Plugin de moteur de recherche rapide et efficace pour les sites Web WordPress<\/li>\n<li>Algorithme de recherche hautement personnalisable<\/li>\n<li>Comprend des fonctionnalit\u00e9s telles que les mots cl\u00e9s engendr\u00e9s, la correspondance partielle et le support synonyme<\/li>\n<li>Interface utilisateur glisser-d\u00e9poser pour une personnalisation facile des r\u00e9sultats de recherche<\/li>\n<li>S&rsquo;int\u00e8gre \u00e0 des plugins WordPress populaires tels que WooCommerce et les t\u00e9l\u00e9chargements num\u00e9riques faciles<\/li>\n<li>Comprend l&rsquo;analyse et la journalisation de la recherche pour un aper\u00e7u du comportement des utilisateurs et des requ\u00eates de recherche populaires<\/li>\n<li>Permet de contr\u00f4ler l&rsquo;ordre des r\u00e9sultats de recherche et la pond\u00e9ration<\/li>\n<li>Peut indexer et rechercher des types de messages personnalis\u00e9s et des taxonomies<\/li>\n<li>Fournit des r\u00e9sultats de recherche pertinents pour les visiteurs du site Web et am\u00e9liore son exp\u00e9rience utilisateur<\/li>\n<li>R\u00e9guli\u00e8rement mis \u00e0 jour avec de nouvelles fonctionnalit\u00e9s et am\u00e9liorations.<\/li>\n<\/ul>\n","protected":false},"excerpt":{"rendered":"<p>Le plugin SearchWP pour WordPress est un outil extr\u00eamement robuste qui am\u00e9liore consid\u00e9rablement les capacit\u00e9s de recherche de votre site Web. En fournissant des r\u00e9sultats de recherche tr\u00e8s pertinents et pr\u00e9cis aux visiteurs de votre site, il rationalise efficacement leur processus de recherche, facilitant la d\u00e9couverte du contenu recherch\u00e9. \u00c9quip\u00e9 de fonctionnalit\u00e9s avanc\u00e9es telles que la mise en \u00e9vidence des mots cl\u00e9s, des statistiques de recherche compl\u00e8tes et des champs de recherche personnalisables, SearchWP appara\u00eet comme un rem\u00e8de id\u00e9al pour les sites Web WordPress aspirant \u00e0 optimiser leur fonctionnalit\u00e9 de recherche.<\/p>\n","protected":false},"featured_media":145202,"comment_status":"open","ping_status":"open","template":"","meta":[],"product_brand":[2649],"product_cat":[1189,1181,1186],"product_tag":[1343],"class_list":{"0":"post-134571","1":"product","2":"type-product","3":"status-publish","4":"has-post-thumbnail","6":"product_brand-search-wp","7":"product_cat-personnalisation","8":"product_cat-plugins","9":"product_cat-wordpress-plugins","10":"product_tag-search-wp","11":"member-discount","12":"discount-restricted","14":"first","15":"instock","16":"sale","17":"downloadable","18":"virtual","19":"sold-individually","20":"purchasable","21":"product-type-simple"},"_links":{"self":[{"href":"https:\/\/gpl-love.com\/fr\/wp-json\/wp\/v2\/product\/134571","targetHints":{"allow":["GET"]}}],"collection":[{"href":"https:\/\/gpl-love.com\/fr\/wp-json\/wp\/v2\/product"}],"about":[{"href":"https:\/\/gpl-love.com\/fr\/wp-json\/wp\/v2\/types\/product"}],"replies":[{"embeddable":true,"href":"https:\/\/gpl-love.com\/fr\/wp-json\/wp\/v2\/comments?post=134571"}],"wp:featuredmedia":[{"embeddable":true,"href":"https:\/\/gpl-love.com\/fr\/wp-json\/wp\/v2\/media\/145202"}],"wp:attachment":[{"href":"https:\/\/gpl-love.com\/fr\/wp-json\/wp\/v2\/media?parent=134571"}],"wp:term":[{"taxonomy":"product_brand","embeddable":true,"href":"https:\/\/gpl-love.com\/fr\/wp-json\/wp\/v2\/product_brand?post=134571"},{"taxonomy":"product_cat","embeddable":true,"href":"https:\/\/gpl-love.com\/fr\/wp-json\/wp\/v2\/product_cat?post=134571"},{"taxonomy":"product_tag","embeddable":true,"href":"https:\/\/gpl-love.com\/fr\/wp-json\/wp\/v2\/product_tag?post=134571"}],"curies":[{"name":"wp","href":"https:\/\/api.w.org\/{rel}","templated":true}]}}