{"id":134569,"date":"2023-10-21T00:00:00","date_gmt":"2023-10-20T22:00:00","guid":{"rendered":"https:\/\/gpl-love.com\/fr\/produit\/scroll-magic-wordpress-scrolling-animation-builder-plugin\/"},"modified":"2026-03-20T23:34:39","modified_gmt":"2026-03-20T22:34:39","slug":"scroll-magic-wordpress-scrolling-animation-builder-plugin","status":"publish","type":"product","link":"https:\/\/gpl-love.com\/fr\/produit\/scroll-magic-wordpress-scrolling-animation-builder-plugin\/","title":{"rendered":"Scroll Magic WordPress Scrolling Animation Builder Plugin 5.0.3"},"content":{"rendered":"<h3>Scroll Magic WordPress Scrolling Animation Builder Plugin Traits<\/h3>\n<p>Le plugin de constructeur d&rsquo;animation Scroll Magic WordPress Scrolling, avec ses capacit\u00e9s exceptionnels, sert d&rsquo;instrument inestimable pour am\u00e9liorer l&rsquo;exp\u00e9rience de d\u00e9filement de votre site Web. Ce plugin remarquablement polyvalent facilite sans effort la cr\u00e9ation d&rsquo;animations \u00e0 couper le souffle qui ne peuvent pas captiver vos visiteurs estim\u00e9s. En exploitant l&rsquo;immense puissance de la biblioth\u00e8que de magie de Scroll, ce plugin vous permet \u00e0 int\u00e9grer de mani\u00e8re transparente des effets de d\u00e9filement sophistiqu\u00e9s sur votre site Web, le tout sans n\u00e9cessiter un vaste r\u00e9pertoire d&rsquo;expertise de codage. Gr\u00e2ce \u00e0 son interface conviviale, le processus de fabrication d&rsquo;animations devient un jeu d&rsquo;enfant, car vous pouvez les g\u00e9n\u00e9rer sans effort et les pr\u00e9visualiser en temps r\u00e9el. Que vous souhaitiez embellir des textes, des images, des vid\u00e9os ou tout autre \u00e9l\u00e9ment de votre site Web, le plugin permet l&rsquo;ajout d&rsquo;animations de d\u00e9filement illimit\u00e9es. En conclusion, l&rsquo;indispensabilit\u00e9 du plugin de constructeur d&rsquo;animation de d\u00e9filement Magic WordPress ne peut pas \u00eatre surestim\u00e9e, car c&rsquo;est un incontournable absolu pour tout propri\u00e9taire de site Web exigeant aspirant \u00e0 \u00e9lever l&rsquo;esth\u00e9tique et l&rsquo;exp\u00e9rience utilisateur de leur domaine num\u00e9rique.<\/p>\n<ul>\n<li>Cr\u00e9ez facilement des animations engageantes et interactives pour votre site Web WordPress<\/li>\n<li>L&rsquo;interface de tra\u00een\u00e9e et de chute intuitive fait de la construction d&rsquo;animations un jeu d&rsquo;enfant<\/li>\n<li>Choisissez parmi plus de 20 effets d&rsquo;animation pour personnaliser vos animations de d\u00e9filement<\/li>\n<li>Ajouter des animations \u00e0 n&rsquo;importe quel \u00e9l\u00e9ment de votre site Web, y compris du texte, des images et des vid\u00e9os<\/li>\n<li>Personnalisez la vitesse et la dur\u00e9e de vos animations pour un look plus poli<\/li>\n<li>Int\u00e9gration transparente avec des constructeurs de page WordPress populaires comme Elementor et Divi<\/li>\n<li>Des options avanc\u00e9es comme les \u00e9l\u00e9ments \u00ab\u00a0\u00e9pingler\u00a0\u00bb et les animations \u00ab\u00a0d\u00e9clenchant\u00a0\u00bb \u00e0 des points sp\u00e9cifiques ajoutent encore plus de cr\u00e9ativit\u00e9 \u00e0 vos conceptions<\/li>\n<li>Des animations tr\u00e8s r\u00e9actives qui fonctionnent de mani\u00e8re transparente sur tous les appareils<\/li>\n<li>Acc\u00e8s \u00e0 des mises \u00e0 jour fr\u00e9quentes et \u00e0 un support premium afin que vous puissiez toujours tirer le meilleur parti de votre plugin.<\/li>\n<\/ul>\n","protected":false},"excerpt":{"rendered":"<p>Le plugin Builder de Scroll Magic WordPress Scrolling Animation offre une opportunit\u00e9 transparente pour fabriquer sans effort des animations de d\u00e9filement impressionnantes pour votre site Web, compl\u00e8tement d\u00e9pourvues de toute expertise de codage. En offrant une vaste gamme d&rsquo;effets personnalisables et d&rsquo;options conviviales, cet outil inestimable vous permet de renforcer la vie de votre site et de captiver vos visiteurs avec un contenu passionnant et dynamique. Que vous poss\u00e9diez une richesse d&rsquo;exp\u00e9rience dans le d\u00e9veloppement ou que vous soyez un novice du domaine de WordPress, ce plugin extr\u00eamement puissant est une n\u00e9cessit\u00e9 absolue pour ceux qui cherchent \u00e0 infuser leur site avec une touche suppl\u00e9mentaire de panache et d&rsquo;interactivit\u00e9.<\/p>\n","protected":false},"featured_media":145170,"comment_status":"open","ping_status":"open","template":"","meta":[],"product_brand":[2435],"product_cat":[1189,1181,1186],"product_tag":[1231],"class_list":{"0":"post-134569","1":"product","2":"type-product","3":"status-publish","4":"has-post-thumbnail","6":"product_brand-codecanyon","7":"product_cat-personnalisation","8":"product_cat-plugins","9":"product_cat-wordpress-plugins","10":"product_tag-codecanyon","11":"member-discount","12":"discount-restricted","14":"first","15":"instock","16":"sale","17":"downloadable","18":"virtual","19":"sold-individually","20":"purchasable","21":"product-type-simple"},"_links":{"self":[{"href":"https:\/\/gpl-love.com\/fr\/wp-json\/wp\/v2\/product\/134569","targetHints":{"allow":["GET"]}}],"collection":[{"href":"https:\/\/gpl-love.com\/fr\/wp-json\/wp\/v2\/product"}],"about":[{"href":"https:\/\/gpl-love.com\/fr\/wp-json\/wp\/v2\/types\/product"}],"replies":[{"embeddable":true,"href":"https:\/\/gpl-love.com\/fr\/wp-json\/wp\/v2\/comments?post=134569"}],"wp:featuredmedia":[{"embeddable":true,"href":"https:\/\/gpl-love.com\/fr\/wp-json\/wp\/v2\/media\/145170"}],"wp:attachment":[{"href":"https:\/\/gpl-love.com\/fr\/wp-json\/wp\/v2\/media?parent=134569"}],"wp:term":[{"taxonomy":"product_brand","embeddable":true,"href":"https:\/\/gpl-love.com\/fr\/wp-json\/wp\/v2\/product_brand?post=134569"},{"taxonomy":"product_cat","embeddable":true,"href":"https:\/\/gpl-love.com\/fr\/wp-json\/wp\/v2\/product_cat?post=134569"},{"taxonomy":"product_tag","embeddable":true,"href":"https:\/\/gpl-love.com\/fr\/wp-json\/wp\/v2\/product_tag?post=134569"}],"curies":[{"name":"wp","href":"https:\/\/api.w.org\/{rel}","templated":true}]}}