{"id":134567,"date":"2026-02-18T00:00:00","date_gmt":"2026-02-17T23:00:00","guid":{"rendered":"https:\/\/gpl-love.com\/fr\/produit\/savoy-minimalist-ajax-woocommerce-theme\/"},"modified":"2026-04-10T18:38:38","modified_gmt":"2026-04-10T16:38:38","slug":"savoy-minimalist-ajax-woocommerce-theme","status":"publish","type":"product","link":"https:\/\/gpl-love.com\/fr\/produit\/savoy-minimalist-ajax-woocommerce-theme\/","title":{"rendered":"Savoy Minimalist AJAX WooCommerce Theme 3.1.5"},"content":{"rendered":"<h3>Savoy Minimalist AJAX WooCommerce Theme Traits<\/h3>\n<p>Le th\u00e8me Savoy minimaliste Ajax WooCommerce, un th\u00e8me louable explicitement con\u00e7u pour les sites Web de commerce \u00e9lectronique, poss\u00e8de une conception exquise et polyvalente. B\u00e9n\u00e9ficiant d&rsquo;un arrangement minimaliste et d&rsquo;\u00e9l\u00e9ments avanc\u00e9s de l&rsquo;Ajax, ce th\u00e8me facilite de mani\u00e8re transparente une exp\u00e9rience utilisateur qui captise les clients et les incite \u00e0 revenir. Ses vastes options de personnalisation s&rsquo;adressent sans effort \u00e0 vos exigences uniques et \u00e0 vos inclinations personnelles. De plus, son int\u00e9gration transparente avec WooCommerce simplifie l&rsquo;incorporation de vos produits et optimise le processus de paiement. Si vous cherchez un th\u00e8me de commerce \u00e9lectronique contemporain et convivial, le th\u00e8me Savoy Minimalist Ajax WooCommerce \u00e9merge sans aucun doute comme une s\u00e9lection exceptionnelle.<\/p>\n<ul>\n<li>Design moderne et \u00e9l\u00e9gant avec une esth\u00e9tique minimaliste<\/li>\n<li>Fonctionnalit\u00e9 int\u00e9gr\u00e9e de l&rsquo;Ajax pour une exp\u00e9rience d&rsquo;achat sans couture<\/li>\n<li>Compatible avec WooCommerce, la principale plate-forme de commerce \u00e9lectronique pour WordPress<\/li>\n<li>Disposition enti\u00e8rement r\u00e9active pour une visualisation optimale sur tous les appareils<\/li>\n<li>Plusieurs dispositions de page d&rsquo;accueil au choix, y compris une option de curseur \u00e0 \u00e9cran complet<\/li>\n<li>Options de t\u00eate et de pied de page personnalisables<\/li>\n<li>Pages \u00e0 chargement rapide pour une am\u00e9lioration de l&rsquo;exp\u00e9rience utilisateur et des classements de moteur de recherche plus \u00e9lev\u00e9s<\/li>\n<li>SEO optimis\u00e9 pour une meilleure visibilit\u00e9 et une augmentation du trafic<\/li>\n<li>Documentation et support approfondies pour une configuration et une personnalisation faciles<\/li>\n<li>Mises \u00e0 jour et am\u00e9liorations r\u00e9guli\u00e8res pour assurer une compatibilit\u00e9 continue et une fonctionnalit\u00e9.<\/li>\n<\/ul>\n","protected":false},"excerpt":{"rendered":"<p>Avec son design \u00e9l\u00e9gant et moderne, le th\u00e8me Savoy Minimalist Ajax WooCommerce pr\u00e9sente une option exceptionnelle pour ceux qui cherchent \u00e0 \u00e9tablir une boutique en ligne. Gr\u00e2ce \u00e0 la mise en \u0153uvre de la fonctionnalit\u00e9 AJAX, le th\u00e8me permet aux clients d&rsquo;explorer et de faire des achats sans effort le besoin de rafra\u00eechissant par page. En outre, le th\u00e8me propose un \u00e9ventail de dispositions de page personnalisables, de filtres de produit et d&rsquo;options de vue rapide, qui contribuent tous \u00e0 \u00e9lever l&rsquo;exp\u00e9rience utilisateur globale. Sp\u00e9cifiquement con\u00e7u dans le but d&rsquo;accueillir WooCommerce, ce th\u00e8me s&rsquo;av\u00e8re id\u00e9al pour les entreprises \u00e0 la recherche d&rsquo;une plate-forme pour pr\u00e9senter leurs produits de mani\u00e8re sophistiqu\u00e9e et vierge.<\/p>\n","protected":false},"featured_media":145163,"comment_status":"open","ping_status":"open","template":"","meta":[],"product_brand":[2433],"product_cat":[1238,1851,1212],"product_tag":[1366],"class_list":{"0":"post-134567","1":"product","2":"type-product","3":"status-publish","4":"has-post-thumbnail","6":"product_brand-themeforest","7":"product_cat-commerce-electronique-themes","8":"product_cat-entreprise-commerce-electronique-themes","9":"product_cat-themes","10":"product_tag-themeforest","11":"member-discount","12":"discount-restricted","14":"first","15":"instock","16":"sale","17":"downloadable","18":"virtual","19":"sold-individually","20":"purchasable","21":"product-type-simple"},"_links":{"self":[{"href":"https:\/\/gpl-love.com\/fr\/wp-json\/wp\/v2\/product\/134567","targetHints":{"allow":["GET"]}}],"collection":[{"href":"https:\/\/gpl-love.com\/fr\/wp-json\/wp\/v2\/product"}],"about":[{"href":"https:\/\/gpl-love.com\/fr\/wp-json\/wp\/v2\/types\/product"}],"replies":[{"embeddable":true,"href":"https:\/\/gpl-love.com\/fr\/wp-json\/wp\/v2\/comments?post=134567"}],"wp:featuredmedia":[{"embeddable":true,"href":"https:\/\/gpl-love.com\/fr\/wp-json\/wp\/v2\/media\/145163"}],"wp:attachment":[{"href":"https:\/\/gpl-love.com\/fr\/wp-json\/wp\/v2\/media?parent=134567"}],"wp:term":[{"taxonomy":"product_brand","embeddable":true,"href":"https:\/\/gpl-love.com\/fr\/wp-json\/wp\/v2\/product_brand?post=134567"},{"taxonomy":"product_cat","embeddable":true,"href":"https:\/\/gpl-love.com\/fr\/wp-json\/wp\/v2\/product_cat?post=134567"},{"taxonomy":"product_tag","embeddable":true,"href":"https:\/\/gpl-love.com\/fr\/wp-json\/wp\/v2\/product_tag?post=134567"}],"curies":[{"name":"wp","href":"https:\/\/api.w.org\/{rel}","templated":true}]}}