{"id":134565,"date":"2026-03-18T00:00:00","date_gmt":"2026-03-17T23:00:00","guid":{"rendered":"https:\/\/gpl-love.com\/fr\/produit\/saasland-multi-purpose-wordpress-theme-for-startups\/"},"modified":"2026-04-10T18:38:29","modified_gmt":"2026-04-10T16:38:29","slug":"saasland-multi-purpose-wordpress-theme-for-startups","status":"publish","type":"product","link":"https:\/\/gpl-love.com\/fr\/produit\/saasland-multi-purpose-wordpress-theme-for-startups\/","title":{"rendered":"Saasland Multi purpose WordPress Th\u00e8me pour Startups 3.7.6"},"content":{"rendered":"<h3>Saasland Multi purpose WordPress Th\u00e8me pour Startups Traits<\/h3>\n<p>Saasland, un th\u00e8me WordPress sp\u00e9cifiquement adapt\u00e9 aux startups, poss\u00e8de une polyvalence remarquable et une puissance formidable. B\u00e9n\u00e9ficiant d&rsquo;un design \u00e9l\u00e9gant et contemporain, Saasland est une plate-forme id\u00e9ale pour les entreprises d\u00e9sireuses de montrer leur gamme de produits et services dans le vaste domaine en ligne. Ce th\u00e8me s&rsquo;adapte parfaitement \u00e0 divers appareils, en raison de sa r\u00e9activit\u00e9 compl\u00e8te, et simplifie le processus de construction d&rsquo;un site Web visuellement attrayant via son large \u00e9ventail de mod\u00e8les pr\u00e9-con\u00e7us. En outre, Saasland hi\u00e9rarchise l&rsquo;optimisation des moteurs de recherche, permettant \u00e0 votre site Web de prendre de l&rsquo;importance dans les r\u00e9sultats de la recherche, tout en offrant simultan\u00e9ment une multitude d&rsquo;options de personnalisation pour garantir que votre pr\u00e9sence en ligne reste distinctive et fid\u00e8le \u00e0 votre marque. Que vous aspirez \u00e0 construire une plate-forme de commerce \u00e9lectronique, un blog dynamique ou un portefeuille captivant, Saasland englobe tous les composants n\u00e9cessaires pour r\u00e9ussir votre voyage en ligne. B\u00e9n\u00e9ficiant d&rsquo;une interface utilisateur intuitive et d&rsquo;un r\u00e9pertoire impressionnant de fonctionnalit\u00e9s, Saasland est le choix optimal pour toute startup naissant aspirant \u00e0 laisser une marque ind\u00e9l\u00e9bile dans la sph\u00e8re num\u00e9rique.<\/p>\n<ul>\n<li>Design moderne et professionnel parfait pour les startups<\/li>\n<li>Disposition enti\u00e8rement r\u00e9active et adapt\u00e9e aux mobiles<\/li>\n<li>Facile \u00e0 personnaliser avec le g\u00e9n\u00e9rateur de page glisser-d\u00e9poser<\/li>\n<li>Diverses d\u00e9mos pr\u00e9-construites pour diff\u00e9rentes niches commerciales<\/li>\n<li>Pages pr\u00e9d\u00e9finies pour l&rsquo;\u00e9quipe, les services, le blog et plus<\/li>\n<li>Options avanc\u00e9es d&rsquo;en-t\u00eate et de pied de page<\/li>\n<li>SEO optimis\u00e9 pour un meilleur classement des moteurs de recherche<\/li>\n<li>Vitesse de chargement rapide pour une am\u00e9lioration de l&rsquo;exp\u00e9rience utilisateur<\/li>\n<li>Compatible avec des plugins populaires comme WooCommerce et WPML<\/li>\n<li>Mises \u00e0 jour r\u00e9guli\u00e8res et support client exceptionnel<\/li>\n<\/ul>\n","protected":false},"excerpt":{"rendered":"<p>Saasland, un th\u00e8me WordPress polyvalent tr\u00e8s polyvalent, a \u00e9t\u00e9 m\u00e9ticuleusement con\u00e7u en pensant aux startups. B\u00e9n\u00e9ficiant d&rsquo;une interface utilisateur extr\u00eamement \u00e9l\u00e9gante et contemporaine, il sert de choix impeccable pour la technologie et les soci\u00e9t\u00e9s de logiciels cherchant \u00e0 \u00e9tablir une pr\u00e9sence en ligne professionnelle et raffin\u00e9e. Ce th\u00e8me exceptionnel offre une vaste gamme de fonctionnalit\u00e9s, englobant de nombreuses variations de page d&rsquo;accueil, des mod\u00e8les pr\u00e9-con\u00e7us et des pages de d\u00e9monstration qui peuvent \u00eatre adapt\u00e9es sans effort pour r\u00e9pondre \u00e0 vos besoins uniques. De plus, Saasland est pleinement r\u00e9actif et compatible avec tous les navigateurs modernes, garantissant que votre site Web d\u00e9gagera de la magnificence sur tous les appareils. Avec son constructeur de pages glisser-d\u00e9poser et son formidable panneau d&rsquo;options de th\u00e8me, vous pourrez fa\u00e7onner un site Web captivant et pleinement op\u00e9rationnel avec une facilit\u00e9 et une efficacit\u00e9 in\u00e9gal\u00e9es dans une p\u00e9riode de temps remarquablement courte.<\/p>\n","protected":false},"featured_media":145150,"comment_status":"open","ping_status":"open","template":"","meta":[],"product_brand":[2433],"product_cat":[1214,1212,1213],"product_tag":[1366],"class_list":{"0":"post-134565","1":"product","2":"type-product","3":"status-publish","4":"has-post-thumbnail","6":"product_brand-themeforest","7":"product_cat-polyvalent","8":"product_cat-themes","9":"product_cat-wordpress-themes","10":"product_tag-themeforest","11":"member-discount","12":"discount-restricted","14":"first","15":"instock","16":"sale","17":"downloadable","18":"virtual","19":"sold-individually","20":"purchasable","21":"product-type-simple"},"_links":{"self":[{"href":"https:\/\/gpl-love.com\/fr\/wp-json\/wp\/v2\/product\/134565","targetHints":{"allow":["GET"]}}],"collection":[{"href":"https:\/\/gpl-love.com\/fr\/wp-json\/wp\/v2\/product"}],"about":[{"href":"https:\/\/gpl-love.com\/fr\/wp-json\/wp\/v2\/types\/product"}],"replies":[{"embeddable":true,"href":"https:\/\/gpl-love.com\/fr\/wp-json\/wp\/v2\/comments?post=134565"}],"wp:featuredmedia":[{"embeddable":true,"href":"https:\/\/gpl-love.com\/fr\/wp-json\/wp\/v2\/media\/145150"}],"wp:attachment":[{"href":"https:\/\/gpl-love.com\/fr\/wp-json\/wp\/v2\/media?parent=134565"}],"wp:term":[{"taxonomy":"product_brand","embeddable":true,"href":"https:\/\/gpl-love.com\/fr\/wp-json\/wp\/v2\/product_brand?post=134565"},{"taxonomy":"product_cat","embeddable":true,"href":"https:\/\/gpl-love.com\/fr\/wp-json\/wp\/v2\/product_cat?post=134565"},{"taxonomy":"product_tag","embeddable":true,"href":"https:\/\/gpl-love.com\/fr\/wp-json\/wp\/v2\/product_tag?post=134565"}],"curies":[{"name":"wp","href":"https:\/\/api.w.org\/{rel}","templated":true}]}}