{"id":134563,"date":"2022-07-14T00:00:00","date_gmt":"2022-07-13T22:00:00","guid":{"rendered":"https:\/\/gpl-love.com\/fr\/produit\/ronneby-highperformance-wordpress-theme\/"},"modified":"2026-04-10T18:38:26","modified_gmt":"2026-04-10T16:38:26","slug":"ronneby-highperformance-wordpress-theme","status":"publish","type":"product","link":"https:\/\/gpl-love.com\/fr\/produit\/ronneby-highperformance-wordpress-theme\/","title":{"rendered":"Ronneby HighPerformance WordPress Theme 3.4.2"},"content":{"rendered":"<h3>Ronneby HighPerformance WordPress Theme Traits<\/h3>\n<p>Le th\u00e8me WordPress de Ronneby Highperformance est un th\u00e8me de site Web de premier ordre qui s&rsquo;adresse aux entreprises de toutes tailles. B\u00e9n\u00e9ficiant d&rsquo;un design \u00e9l\u00e9gant et contemporain, il permet aux utilisateurs de cr\u00e9er sans effort des sites Web captivants visuellement. Les capacit\u00e9s de performance exceptionnelles de Ronneby garantissent que votre site Web fonctionne de mani\u00e8re transparente et rapidement, accordant une exp\u00e9rience utilisateur fluide \u00e0 vos visiteurs. De plus, sa conception r\u00e9active garantit une compatibilit\u00e9 compl\u00e8te avec les appareils mobiles, garantissant que votre site Web maintient son apparence \u00e9tonnante, qu&rsquo;elle soit vue sur les smartphones, les tablettes ou les ordinateurs de bureau. Avec un vaste \u00e9ventail d&rsquo;options de personnalisation et un assortiment de mod\u00e8les de d\u00e9monstration pr\u00e9d\u00e9finis, Ronneby est un th\u00e8me polyvalent capable de r\u00e9pondre \u00e0 toute industrie, que ce soit des magasins de commerce \u00e9lectronique ou des agences de cr\u00e9ation. Essentiellement, le th\u00e8me WordPress de Ronneby Highformance est un choix robuste et convivial pour les personnes cherchant \u00e0 \u00e9tablir une pr\u00e9sence en ligne professionnelle et captivante.<\/p>\n<ul>\n<li>La conception de th\u00e8me r\u00e9active garantit que votre site Web aura fi\u00e8re allure sur n&rsquo;importe quel appareil<\/li>\n<li>Prise en charge int\u00e9gr\u00e9e pour les plugins populaires comme WooCommerce et WPBAKERY<\/li>\n<li>Des options de personnalisation \u00e9tendues pour la conception et les fonctionnalit\u00e9s<\/li>\n<li>Vitesse de chargement du site rapide gr\u00e2ce \u00e0 un code optimis\u00e9 et \u00e0 la mise en cache<\/li>\n<li>Acc\u00e8s \u00e0 l&rsquo;\u00e9quipe d&rsquo;assistance d\u00e9di\u00e9e pour aider \u00e0 toute question ou probl\u00e8me<\/li>\n<li>Plusieurs mod\u00e8les pr\u00e9-con\u00e7us pour mettre votre site op\u00e9rationnel rapidement<\/li>\n<li>Mises \u00e0 jour r\u00e9guli\u00e8res et nouvelles fonctionnalit\u00e9s ajout\u00e9es pour garder votre site \u00e0 jour et comp\u00e9titif<\/li>\n<li>Design propre et moderne qui peut \u00eatre adapt\u00e9 pour s&rsquo;adapter \u00e0 toute entreprise ou industrie<\/li>\n<li>Option d&rsquo;importation de d\u00e9monstration en un clic pour rationaliser le processus de configuration<\/li>\n<li>Code de r\u00e9f\u00e9rencement pour aider votre site \u00e0 se classer plus haut dans les moteurs de recherche<\/li>\n<li>Int\u00e9gration avec des plateformes de m\u00e9dias sociaux populaires pour un partage social facile.<\/li>\n<\/ul>\n","protected":false},"excerpt":{"rendered":"<p>Le th\u00e8me WordPress de Ronneby HighPormance se distingue comme un th\u00e8me remarquablement polyvalent et complet qui a \u00e9t\u00e9 m\u00e9ticuleusement con\u00e7u sp\u00e9cifiquement pour les sites Web WordPress. Il offre un design visuellement attrayant et contemporain qui est extr\u00eamement adapt\u00e9 dans le but d&rsquo;afficher votre entreprise, votre portefeuille ou m\u00eame votre blog personnel. Avec sa vaste gamme de fonctionnalit\u00e9s puissantes, ce th\u00e8me vous accorde la possibilit\u00e9 d&rsquo;adapter sans effort votre site Web pour correspondre avec pr\u00e9cision \u00e0 vos exigences et pr\u00e9f\u00e9rences personnelles uniques. Notamment, Ronneby est \u00e9quip\u00e9e d&rsquo;une abondance de fonctionnalit\u00e9s remarquables, y compris la possibilit\u00e9 d&rsquo;importer des mod\u00e8les de site Web pr\u00e9-con\u00e7us en un seul clic, un personnalisateur en direct pour la personnalisation du site Web en temps r\u00e9el, plus de quarante conceptions de d\u00e9mon , une multitude de styles d&rsquo;en-t\u00eate et de pied de page s\u00e9lectionnables, et une gamme d&rsquo;autres capacit\u00e9s exceptionnelles. De plus, l&rsquo;architecture sup\u00e9rieure de ce th\u00e8me garantit que votre site Web fonctionnera en douceur et efficacement, m\u00eame dans les circonstances exigeantes du trafic \u00e9lev\u00e9 du site Web. Dans son int\u00e9gralit\u00e9, ce th\u00e8me WordPress repr\u00e9sente incontestablement une option exceptionnelle pour quiconque cherche \u00e0 cr\u00e9er un site Web poli et impressionnant avec un effort minimal.<\/p>\n","protected":false},"featured_media":145144,"comment_status":"open","ping_status":"open","template":"","meta":[],"product_brand":[2433],"product_cat":[1220,1212,1213],"product_tag":[1366],"class_list":{"0":"post-134563","1":"product","2":"type-product","3":"status-publish","4":"has-post-thumbnail","6":"product_brand-themeforest","7":"product_cat-blog-magazine","8":"product_cat-themes","9":"product_cat-wordpress-themes","10":"product_tag-themeforest","11":"member-discount","12":"discount-restricted","14":"first","15":"instock","16":"sale","17":"downloadable","18":"virtual","19":"sold-individually","20":"purchasable","21":"product-type-simple"},"_links":{"self":[{"href":"https:\/\/gpl-love.com\/fr\/wp-json\/wp\/v2\/product\/134563","targetHints":{"allow":["GET"]}}],"collection":[{"href":"https:\/\/gpl-love.com\/fr\/wp-json\/wp\/v2\/product"}],"about":[{"href":"https:\/\/gpl-love.com\/fr\/wp-json\/wp\/v2\/types\/product"}],"replies":[{"embeddable":true,"href":"https:\/\/gpl-love.com\/fr\/wp-json\/wp\/v2\/comments?post=134563"}],"wp:featuredmedia":[{"embeddable":true,"href":"https:\/\/gpl-love.com\/fr\/wp-json\/wp\/v2\/media\/145144"}],"wp:attachment":[{"href":"https:\/\/gpl-love.com\/fr\/wp-json\/wp\/v2\/media?parent=134563"}],"wp:term":[{"taxonomy":"product_brand","embeddable":true,"href":"https:\/\/gpl-love.com\/fr\/wp-json\/wp\/v2\/product_brand?post=134563"},{"taxonomy":"product_cat","embeddable":true,"href":"https:\/\/gpl-love.com\/fr\/wp-json\/wp\/v2\/product_cat?post=134563"},{"taxonomy":"product_tag","embeddable":true,"href":"https:\/\/gpl-love.com\/fr\/wp-json\/wp\/v2\/product_tag?post=134563"}],"curies":[{"name":"wp","href":"https:\/\/api.w.org\/{rel}","templated":true}]}}