{"id":134561,"date":"2026-02-23T00:00:00","date_gmt":"2026-02-22T23:00:00","guid":{"rendered":"https:\/\/gpl-love.com\/fr\/produit\/rehub-theme-price-comparison-affiliate-marketing-multi-vendor-store-community-theme\/"},"modified":"2026-04-10T18:37:56","modified_gmt":"2026-04-10T16:37:56","slug":"rehub-theme-price-comparison-affiliate-marketing-multi-vendor-store-community-theme","status":"publish","type":"product","link":"https:\/\/gpl-love.com\/fr\/produit\/rehub-theme-price-comparison-affiliate-marketing-multi-vendor-store-community-theme\/","title":{"rendered":"Rehub Multi Vendor Store Theme 19.9.9.7"},"content":{"rendered":"<h3>Rehub Multi Vendor Store Theme Traits<\/h3>\n<p>Le th\u00e8me Rehub Multi Vendor Store est une solution extr\u00eamement compl\u00e8te et globale con\u00e7ue sp\u00e9cifiquement pour les entreprises en ligne qui cherchent avec ferveur \u00e0 cr\u00e9er un magasin de commerce \u00e9lectronique tr\u00e8s robuste et puissant. B\u00e9n\u00e9ficiant d&rsquo;une \u00e9ventail d&rsquo;options diverses et facilement personnalisables, ainsi que d&rsquo;une conception \u00e9pouvantablement \u00e9l\u00e9gante et de pointe, ce th\u00e8me vous profite de l&rsquo;occasion in\u00e9gal\u00e9e de pr\u00e9senter vos myriades de produits et services dans le z\u00e9nith absolu de la magnificence visuelle. De plus, les capacit\u00e9s multi-fournisseurs facilitent de mani\u00e8re transparente et sans effort la gestion d&rsquo;innombrables vendeurs et de leurs produits respectifs, rationalisant ainsi efficacement le processus autrement ardu et am\u00e9liorant consid\u00e9rablement l&rsquo;efficacit\u00e9 op\u00e9rationnelle globale. De plus, ce th\u00e8me est rempli d&rsquo;un vaste r\u00e9pertoire de fonctionnalit\u00e9s hautement souhaitables, y compris, mais sans s&rsquo;y limiter, les comparaisons de produits, les syst\u00e8mes d&rsquo;examen et de notation, et des filtres de recherche remarquablement avanc\u00e9s. Il est imp\u00e9ratif de noter que le th\u00e8me Rehub Multi Vendor Store non seulement illustre une interface extr\u00eamement intuitive et conviviale, mais d\u00e9gage \u00e9galement un degr\u00e9 superlatif de fonctionnalit\u00e9 robuste, ce qui le rend un choix in\u00e9galable et louable pour toute instruction en ligne pour que la boutique en ligne soit propulse \u00e0 propulser et \u00e0 propulser \u00e0 propulser et \u00e0 propulser qui propulse \u00e0 propulser et \u00e0 propulser la proportion \u00e0 propulser et \u00e0 propulser \u00e0 propulser qui Leur entreprise \u00e0 des sommets sans pr\u00e9c\u00e9dent de succ\u00e8s et de prosp\u00e9rit\u00e9.<\/p>\n<ul>\n<li>Le th\u00e8me Rehub Multi Vendor Store est une plate-forme polyvalente et personnalisable pour cr\u00e9er des march\u00e9s en ligne.<\/li>\n<li>Il est livr\u00e9 avec une richesse de mod\u00e8les et de dispositions pr\u00e9-con\u00e7us qui facilitent le d\u00e9marrage, quel que soit votre niveau d&rsquo;exp\u00e9rience.<\/li>\n<li>Construit en pensant au r\u00e9f\u00e9rencement, Rehub aide \u00e0 garantir que votre march\u00e9 se d\u00e9marque de la concurrence et attire plus de trafic et de ventes.<\/li>\n<li>Avec la possibilit\u00e9 de s&rsquo;int\u00e9grer \u00e0 de nombreux plugins et extensions populaires, vous pouvez facilement ajouter des fonctionnalit\u00e9s telles que les passerelles de paiement, l&rsquo;int\u00e9gration des m\u00e9dias sociaux, et plus encore \u00e0 votre march\u00e9.<\/li>\n<li>Le th\u00e8me est optimis\u00e9 pour les temps de chargement rapide, afin que vos clients puissent parcourir et acheter des produits rapidement et efficacement.<\/li>\n<li>Les filtres de produits personnalisables permettent \u00e0 vos clients de trouver rapidement les produits qu&rsquo;ils recherchent, augmentant les chances de vente.<\/li>\n<li>Rehub comprend \u00e9galement un syst\u00e8me d&rsquo;examen puissant qui permet aux clients de laisser des commentaires sur les produits et les vendeurs, fournissant des preuves sociales pr\u00e9cieuses pour les futurs clients.<\/li>\n<li>Avec le support multi-fournisseur, Rehub facilite la gestion de plusieurs vendeurs et leurs produits, le tout \u00e0 partir d&rsquo;un seul tableau de bord facile \u00e0 utiliser.<\/li>\n<li>La documentation et le soutien approfondis facilitent le d\u00e9marrage et r\u00e9solvent tous les probl\u00e8mes qui peuvent survenir en cours de route.<\/li>\n<\/ul>\n","protected":false},"excerpt":{"rendered":"<p>Le th\u00e8me Rehub Multi Vendor Store est un th\u00e8me WordPress extr\u00eamement robuste et convivial qui a \u00e9t\u00e9 m\u00e9ticuleusement con\u00e7u dans le but explicite de faciliter l&rsquo;\u00e9tablissement et le fonctionnement transparents des march\u00e9s en ligne. En vertu de sa capacit\u00e9 intrins\u00e8que \u00e0 accueillir plusieurs fournisseurs, ce th\u00e8me permet aux utilisateurs efficacement des sites Web de march\u00e9 sophistiqu\u00e9s sans effort qui sont impr\u00e9gn\u00e9s d&rsquo;un niveau de commodit\u00e9 et de fonctionnalit\u00e9 sans pr\u00e9c\u00e9dent. Ce th\u00e8me poss\u00e8de une disposition de page d&rsquo;accueil \u00e9tonnamment flexible qui peut \u00eatre adapt\u00e9e sans effort pour r\u00e9pondre aux pr\u00e9f\u00e9rences et sp\u00e9cifications individuelles de chaque utilisateur. De plus, il profite \u00e9galement \u00e0 un \u00e9ventail complet d&rsquo;options de recherche et de filtrage de pointe, permettant ainsi aux utilisateurs de s&rsquo;engager dans une exp\u00e9rience d&rsquo;achat en ligne tr\u00e8s efficace et extr\u00eamement enrichissante. En outre, le th\u00e8me Rehub Multi Vendor Store est m\u00e9ticuleusement con\u00e7u avec une prise en charge int\u00e9gr\u00e9e pour certains des plugins de commerce \u00e9lectronique les plus r\u00e9put\u00e9s et les plus largement adopt\u00e9s, y compris les plugins WooCommerce et t\u00e9l\u00e9chargements num\u00e9riques faciles et acclam\u00e9s par la critique. Par cons\u00e9quent, ce th\u00e8me offre aux utilisateurs l&rsquo;occasion in\u00e9gal\u00e9e d&rsquo;int\u00e9grer et de tirer parti sans effort les myriades d&rsquo;avantages et de fonctionnalit\u00e9s qui sont intrins\u00e8quement associ\u00e9s \u00e0 ces plugins estim\u00e9s. Que vous portiez des aspirations de cr\u00e9ation d&rsquo;un march\u00e9 nouveau et r\u00e9volutionnaire \u00e0 partir de z\u00e9ro ou que vous ayez r\u00e9solu d&rsquo;optimiser et d&rsquo;am\u00e9liorer un th\u00e8me de la boutique Rehub Multi Vendor est sans \u00e9quivoque la panac\u00e9e ultime, car elle est uniquement plac\u00e9e pour r\u00e9pondre \u00e0 toutes vos aspirations et exigences.<\/p>\n","protected":false},"featured_media":145099,"comment_status":"open","ping_status":"open","template":"","meta":[],"product_brand":[2433],"product_cat":[1516,1212,1213],"product_tag":[1366],"class_list":{"0":"post-134561","1":"product","2":"type-product","3":"status-publish","4":"has-post-thumbnail","6":"product_brand-themeforest","7":"product_cat-entreprise","8":"product_cat-themes","9":"product_cat-wordpress-themes","10":"product_tag-themeforest","11":"member-discount","12":"discount-restricted","14":"first","15":"instock","16":"sale","17":"downloadable","18":"virtual","19":"sold-individually","20":"purchasable","21":"product-type-simple"},"_links":{"self":[{"href":"https:\/\/gpl-love.com\/fr\/wp-json\/wp\/v2\/product\/134561","targetHints":{"allow":["GET"]}}],"collection":[{"href":"https:\/\/gpl-love.com\/fr\/wp-json\/wp\/v2\/product"}],"about":[{"href":"https:\/\/gpl-love.com\/fr\/wp-json\/wp\/v2\/types\/product"}],"replies":[{"embeddable":true,"href":"https:\/\/gpl-love.com\/fr\/wp-json\/wp\/v2\/comments?post=134561"}],"wp:featuredmedia":[{"embeddable":true,"href":"https:\/\/gpl-love.com\/fr\/wp-json\/wp\/v2\/media\/145099"}],"wp:attachment":[{"href":"https:\/\/gpl-love.com\/fr\/wp-json\/wp\/v2\/media?parent=134561"}],"wp:term":[{"taxonomy":"product_brand","embeddable":true,"href":"https:\/\/gpl-love.com\/fr\/wp-json\/wp\/v2\/product_brand?post=134561"},{"taxonomy":"product_cat","embeddable":true,"href":"https:\/\/gpl-love.com\/fr\/wp-json\/wp\/v2\/product_cat?post=134561"},{"taxonomy":"product_tag","embeddable":true,"href":"https:\/\/gpl-love.com\/fr\/wp-json\/wp\/v2\/product_tag?post=134561"}],"curies":[{"name":"wp","href":"https:\/\/api.w.org\/{rel}","templated":true}]}}