{"id":134559,"date":"2021-03-08T00:00:00","date_gmt":"2021-03-07T23:00:00","guid":{"rendered":"https:\/\/gpl-love.com\/fr\/produit\/reactive-search-pro-advanced-wordpress-search-filtering\/"},"modified":"2026-04-10T18:37:46","modified_gmt":"2026-04-10T16:37:46","slug":"reactive-search-pro-advanced-wordpress-search-filtering","status":"publish","type":"product","link":"https:\/\/gpl-love.com\/fr\/produit\/reactive-search-pro-advanced-wordpress-search-filtering\/","title":{"rendered":"Reactive Search Pro Advanced Wordpress Search Filtering 4.0.9"},"content":{"rendered":"<h3>Reactive Search Pro Advanced Wordpress Search Filtering Traits<\/h3>\n<p>Reactif Search Pro Advanced WordPress Search Filtrage, un plugin de filtrage de recherche incroyablement robuste et global, poss\u00e8de la possibilit\u00e9 d&rsquo;autonomiser les utilisateurs \u00e0 affiner leurs r\u00e9sultats de recherche sur n&rsquo;importe quel site Web WordPress. Gr\u00e2ce \u00e0 l&rsquo;utilisation de ses fonctionnalit\u00e9s de recherche hautement sophistiqu\u00e9es et de pointe, les utilisateurs ont le pouvoir de passer au crible facilement et efficacement leurs r\u00e9sultats de recherche sur la base d&rsquo;un large \u00e9ventail de crit\u00e8res, allant du prix \u00e0 la cat\u00e9gorie, et m\u00eame s&rsquo;\u00e9tendant aux balises et au-del\u00e0. Ce plugin a \u00e9t\u00e9 m\u00e9ticuleusement con\u00e7u avec l&rsquo;intention d&rsquo;am\u00e9liorer l&rsquo;exp\u00e9rience utilisateur globale sur un site WordPress donn\u00e9, en s&rsquo;assurant que les r\u00e9sultats de recherche produits sont toujours pr\u00e9cis et tr\u00e8s pertinents. Non seulement ce plugin est remarquablement convivial, mais il est \u00e9galement remarquablement personnalisable, permettant une int\u00e9gration transparente avec la conception et l&rsquo;image de marque de tout site Web. Dans l&rsquo;ensemble, la pr\u00e9sence de filtrage de recherche WordPress de recherche r\u00e9active Pro Advanced est sans aucun doute indispensable pour tout site Web qui aspire \u00e0 offrir une exp\u00e9rience de recherche in\u00e9gal\u00e9e pour ses utilisateurs estim\u00e9s.<\/p>\n<ul>\n<li>Filtrage de recherche avanc\u00e9e pour les sites Web WordPress<\/li>\n<li>Des options de filtrage multiples, notamment les curseurs, les cases \u00e0 cocher et les menus d\u00e9roulants<\/li>\n<li>Conception r\u00e9active pour les appareils de bureau, de tablette et mobiles<\/li>\n<li>R\u00e9sultats de recherche en temps r\u00e9el sans rechargement de page<\/li>\n<li>Options de personnalisation flexibles pour la disposition et la conception de la recherche<\/li>\n<li>Int\u00e9gration avec WooCommerce, t\u00e9l\u00e9chargements num\u00e9riques faciles et autres plugins WordPress populaires<\/li>\n<li>Ajax Search Technology pour des r\u00e9sultats de recherche plus rapides<\/li>\n<li>Compatibilit\u00e9 avec les constructeurs de pages populaires tels que Elementor et Beaver Builder<\/li>\n<li>Prend en charge plusieurs types de messages, y compris les pages, les publications et les types de publication personnalis\u00e9s<\/li>\n<li>Interface conviviale et processus d&rsquo;installation facile<\/li>\n<\/ul>\n","protected":false},"excerpt":{"rendered":"<p>Reactive Search Pro, un plugin exceptionnellement sophistiqu\u00e9 pour WordPress, a \u00e9t\u00e9 ing\u00e9nieusement d\u00e9velopp\u00e9 pour permettre aux utilisateurs de rechercher sans effort et de filtrer m\u00e9ticuleusement \u00e0 travers la vaste \u00e9tendue de contenu englob\u00e9e dans leur site Web. En exploitant les capacit\u00e9s formidables des m\u00e9canismes de filtrage de ce plugin, les utilisateurs peuvent trouver rapidement et sans effort les informations pr\u00e9cises qu&rsquo;ils recherchent, facilitant ainsi un engagement am\u00e9lior\u00e9 avec le contenu pr\u00e9sent\u00e9. De plus, son interface r\u00e9active astucieusement con\u00e7ue garantit une fonctionnalit\u00e9 transparente \u00e0 travers un vaste \u00e9ventail d&rsquo;appareils, le rendant polyvalent et universellement accessible. De plus, il s&rsquo;int\u00e8gre parfaitement aux th\u00e8mes et plugins WordPress les plus populaires, garantissant une compatibilit\u00e9 exceptionnelle. Que sa pr\u00e9sence num\u00e9rique comprenne un blog modeste ou un Emporium de commerce \u00e9lectronique tentaculaire, Reactive Search Pro appara\u00eet comme la solution par excellence, offrant une fonctionnalit\u00e9 de recherche sans pr\u00e9c\u00e9dent et avanc\u00e9e qui r\u00e9pond aux exigences m\u00eame les plus exigeantes.<\/p>\n","protected":false},"featured_media":145080,"comment_status":"open","ping_status":"open","template":"","meta":[],"product_brand":[2435],"product_cat":[1189,1181,1186],"product_tag":[1231],"class_list":{"0":"post-134559","1":"product","2":"type-product","3":"status-publish","4":"has-post-thumbnail","6":"product_brand-codecanyon","7":"product_cat-personnalisation","8":"product_cat-plugins","9":"product_cat-wordpress-plugins","10":"product_tag-codecanyon","11":"member-discount","12":"discount-restricted","14":"first","15":"instock","16":"sale","17":"downloadable","18":"virtual","19":"sold-individually","20":"purchasable","21":"product-type-simple"},"_links":{"self":[{"href":"https:\/\/gpl-love.com\/fr\/wp-json\/wp\/v2\/product\/134559","targetHints":{"allow":["GET"]}}],"collection":[{"href":"https:\/\/gpl-love.com\/fr\/wp-json\/wp\/v2\/product"}],"about":[{"href":"https:\/\/gpl-love.com\/fr\/wp-json\/wp\/v2\/types\/product"}],"replies":[{"embeddable":true,"href":"https:\/\/gpl-love.com\/fr\/wp-json\/wp\/v2\/comments?post=134559"}],"wp:featuredmedia":[{"embeddable":true,"href":"https:\/\/gpl-love.com\/fr\/wp-json\/wp\/v2\/media\/145080"}],"wp:attachment":[{"href":"https:\/\/gpl-love.com\/fr\/wp-json\/wp\/v2\/media?parent=134559"}],"wp:term":[{"taxonomy":"product_brand","embeddable":true,"href":"https:\/\/gpl-love.com\/fr\/wp-json\/wp\/v2\/product_brand?post=134559"},{"taxonomy":"product_cat","embeddable":true,"href":"https:\/\/gpl-love.com\/fr\/wp-json\/wp\/v2\/product_cat?post=134559"},{"taxonomy":"product_tag","embeddable":true,"href":"https:\/\/gpl-love.com\/fr\/wp-json\/wp\/v2\/product_tag?post=134559"}],"curies":[{"name":"wp","href":"https:\/\/api.w.org\/{rel}","templated":true}]}}