{"id":134557,"date":"2026-04-30T00:00:00","date_gmt":"2026-04-29T22:00:00","guid":{"rendered":"https:\/\/gpl-love.com\/fr\/produit\/rank-math-pro\/"},"modified":"2026-05-01T06:30:51","modified_gmt":"2026-05-01T04:30:51","slug":"rank-math-pro","status":"publish","type":"product","link":"https:\/\/gpl-love.com\/fr\/produit\/rank-math-pro\/","title":{"rendered":"Rank Math Pro 3.0.112"},"content":{"rendered":"<h3>Rank Math Pro Traits<\/h3>\n<p>Rank Math Pro, un plugin SEO robuste, a \u00e9t\u00e9 sp\u00e9cialement d\u00e9velopp\u00e9 pour aider les propri\u00e9taires de sites Web \u00e0 optimiser leur contenu et \u00e0 am\u00e9liorer leur classement de moteur de recherche. Avec sa gamme de fonctionnalit\u00e9s avanc\u00e9es, qui englobent l&rsquo;analyse des mots cl\u00e9s, l&rsquo;optimisation du contenu et le balisage de sch\u00e9ma avanc\u00e9, Rank Math Pro fournit une solution compl\u00e8te qui r\u00e9pond \u00e0 toutes vos exigences de r\u00e9f\u00e9rencement. Il s&rsquo;adresse \u00e0 un large \u00e9ventail d&rsquo;utilisateurs, allant des propri\u00e9taires de petites entreprises cherchant \u00e0 am\u00e9liorer la visibilit\u00e9 de leur site Web aux sp\u00e9cialistes du marketing chevronn\u00e9s visant \u00e0 \u00e9lever leurs efforts de r\u00e9f\u00e9rencement \u00e0 de nouveaux sommets. Avec ses capacit\u00e9s remarquables, Rank Math Pro est en effet l&rsquo;outil ultime qui peut vous aider \u00e0 atteindre vos objectifs. Alors pourquoi en tarder davantage? Ne perdez pas de temps et lancez votre voyage avec Rank Math Pro aujourd&rsquo;hui, et assistez \u00e0 l&rsquo;impact transformateur que cela peut avoir sur votre site Web!<\/p>\n<ul>\n<li>Solutions de r\u00e9f\u00e9rencement avanc\u00e9es pour les sites Web WordPress<\/li>\n<li>Optimisation des mots cl\u00e9s pour une visibilit\u00e9 accrue du moteur de recherche<\/li>\n<li>Int\u00e9gration avec Google Analytics and Search Console pour des informations exploitables<\/li>\n<li>G\u00e9n\u00e9ration et contr\u00f4le compl\u00e8tes du site de site XML<\/li>\n<li>Int\u00e9gration de l&rsquo;extrait riche pour une meilleure pr\u00e9sentation dans les r\u00e9sultats de recherche<\/li>\n<li>Int\u00e9gration des m\u00e9dias sociaux pour un partage et un engagement am\u00e9lior\u00e9s<\/li>\n<li>Options de balisage de sch\u00e9ma avanc\u00e9 pour une meilleure compr\u00e9hension du moteur de recherche<\/li>\n<li>Rediriger le gestionnaire pour la gestion des liens cass\u00e9s et la modification des URL<\/li>\n<li>Optimisation du r\u00e9f\u00e9rencement d&rsquo;image pour une vitesse et une convivialit\u00e9 am\u00e9lior\u00e9es<\/li>\n<li>Int\u00e9gration WooCommerce pour l&rsquo;optimisation du SEO de commerce \u00e9lectronique.<\/li>\n<\/ul>\n","protected":false},"excerpt":{"rendered":"<p>Rank Math Pro, un plugin de r\u00e9f\u00e9rencement exceptionnellement robuste con\u00e7u sp\u00e9cifiquement pour WordPress, est un outil inestimable pour les propri\u00e9taires de sites Web cherchant \u00e0 am\u00e9liorer leur contenu et \u00e0 augmenter leurs classements sur les pages de r\u00e9sultats des moteurs de recherche. Ce plugin propose une gamme de fonctionnalit\u00e9s de pointe, y compris, mais sans s&rsquo;y limiter, l&rsquo;optimisation des mots cl\u00e9s, l&rsquo;int\u00e9gration du balisage du sch\u00e9ma Google et l&rsquo;analyse SEO compl\u00e8te. En se pr\u00e9voyant de cet outil remarquable, les utilisateurs sont autoris\u00e9s \u00e0 identifier non seulement les domaines potentiels pour l&rsquo;am\u00e9lioration, mais pour mettre en \u0153uvre efficacement des modifications qui amplifieront ind\u00e9niablement leur visibilit\u00e9 en ligne. Avec une client\u00e8le impressionnante compos\u00e9e de plus de 200 000 sites Web, Rank Math Pro est sans \u00e9quivoque comme la solution de r\u00e9f\u00e9rencement in\u00e9gal\u00e9e, r\u00e9pondant aux besoins et aux aspirations des entreprises couvrant un \u00e9ventail diversifi\u00e9 de tailles et d&rsquo;industries.<\/p>\n","protected":false},"featured_media":145073,"comment_status":"open","ping_status":"open","template":"","meta":[],"product_brand":[2641],"product_cat":[1181,1335,1186],"product_tag":[1337],"class_list":{"0":"post-134557","1":"product","2":"type-product","3":"status-publish","4":"has-post-thumbnail","6":"product_brand-rank-math","7":"product_cat-plugins","8":"product_cat-seo","9":"product_cat-wordpress-plugins","10":"product_tag-rank-math","11":"member-discount","12":"discount-restricted","14":"first","15":"instock","16":"sale","17":"downloadable","18":"virtual","19":"sold-individually","20":"purchasable","21":"product-type-simple"},"_links":{"self":[{"href":"https:\/\/gpl-love.com\/fr\/wp-json\/wp\/v2\/product\/134557","targetHints":{"allow":["GET"]}}],"collection":[{"href":"https:\/\/gpl-love.com\/fr\/wp-json\/wp\/v2\/product"}],"about":[{"href":"https:\/\/gpl-love.com\/fr\/wp-json\/wp\/v2\/types\/product"}],"replies":[{"embeddable":true,"href":"https:\/\/gpl-love.com\/fr\/wp-json\/wp\/v2\/comments?post=134557"}],"wp:featuredmedia":[{"embeddable":true,"href":"https:\/\/gpl-love.com\/fr\/wp-json\/wp\/v2\/media\/145073"}],"wp:attachment":[{"href":"https:\/\/gpl-love.com\/fr\/wp-json\/wp\/v2\/media?parent=134557"}],"wp:term":[{"taxonomy":"product_brand","embeddable":true,"href":"https:\/\/gpl-love.com\/fr\/wp-json\/wp\/v2\/product_brand?post=134557"},{"taxonomy":"product_cat","embeddable":true,"href":"https:\/\/gpl-love.com\/fr\/wp-json\/wp\/v2\/product_cat?post=134557"},{"taxonomy":"product_tag","embeddable":true,"href":"https:\/\/gpl-love.com\/fr\/wp-json\/wp\/v2\/product_tag?post=134557"}],"curies":[{"name":"wp","href":"https:\/\/api.w.org\/{rel}","templated":true}]}}