{"id":134555,"date":"2025-12-04T00:00:00","date_gmt":"2025-12-03T23:00:00","guid":{"rendered":"https:\/\/gpl-love.com\/fr\/produit\/puca-optimized-mobile-woocommerce-theme\/"},"modified":"2026-04-10T18:37:26","modified_gmt":"2026-04-10T16:37:26","slug":"puca-optimized-mobile-woocommerce-theme","status":"publish","type":"product","link":"https:\/\/gpl-love.com\/fr\/produit\/puca-optimized-mobile-woocommerce-theme\/","title":{"rendered":"Puca Optimized Mobile WooCommerce Theme 2.6.40"},"content":{"rendered":"<h3>Puca Optimized Mobile WooCommerce Theme Traits<\/h3>\n<p>Le th\u00e8me WooCommerce mobile optimis\u00e9 PUCA est un th\u00e8me de commerce \u00e9lectronique exceptionnellement remarquable qui a \u00e9t\u00e9 m\u00e9ticuleusement con\u00e7u pour aider les entrepreneurs en ligne \u00e0 construire une boutique en ligne triomphalement prosp\u00e8re. Notamment, ce th\u00e8me a \u00e9t\u00e9 d\u00fbment optimis\u00e9 pour l&rsquo;utilisation mobile, facilitant ainsi l&rsquo;accessibilit\u00e9 de votre site Web via tout appareil compatible Internet. Cet attribut louable garantit intrins\u00e8quement que votre boutique en ligne est sans effort accessible \u00e0 un \u00e9ventail beaucoup plus large de clients potentiels. De plus, il est important de souligner que le th\u00e8me s&rsquo;int\u00e8gre parfaitement \u00e0 WooCommerce, facilitant ainsi la gestion rationalis\u00e9e de votre boutique en ligne. De plus, le th\u00e8me est rempli d&rsquo;une vaste gamme de fonctionnalit\u00e9s, y compris, mais sans s&rsquo;y limiter, des d\u00e9mos pr\u00e9-faites, des widgets personnalis\u00e9s et des styles d&rsquo;en-t\u00eate personnalisables, qui peuvent tous \u00eatre adapt\u00e9s pour s&rsquo;aligner convenablement sur les conditions sp\u00e9cifiques de votre entreprise. Embrassez le th\u00e8me WooCommerce mobile optimis\u00e9 Puca et d\u00e9verrouillez la possibilit\u00e9 de forger une boutique en ligne extr\u00eamement remarquable qui se distingue sans \u00e9quivoque de la multitude de concurrents.<\/p>\n<ul>\n<li>Le th\u00e8me de WooCommerce PUCA optimis\u00e9 est un th\u00e8me premium con\u00e7u sp\u00e9cifiquement pour les magasins en ligne WooCommerce.<\/li>\n<li>Le th\u00e8me est enti\u00e8rement optimis\u00e9 pour les appareils mobiles, garantissant que vos clients peuvent facilement parcourir et acheter des produits sur le pouce.<\/li>\n<li>Le th\u00e8me WooCommerce mobile optimis\u00e9 Puca propose un design moderne et minimaliste qui place vos produits avant et centrant.<\/li>\n<li>Avec une vari\u00e9t\u00e9 de mod\u00e8les et de dispositions pr\u00e9d\u00e9finis, vous pouvez personnaliser votre boutique en ligne pour r\u00e9pondre au mieux aux besoins de votre entreprise.<\/li>\n<li>Le th\u00e8me est enti\u00e8rement r\u00e9actif, garantissant que votre boutique en ligne a fi\u00e8re allure sur tous les appareils, y compris les ordinateurs de bureau, les tablettes et les smartphones.<\/li>\n<li>Le th\u00e8me WooCommerce mobile optimis\u00e9 PUCA est facile \u00e0 installer et \u00e0 configurer, avec une interface conviviale qui facilite la personnalisation de votre boutique en ligne sans aucune connaissance de codage.<\/li>\n<li>Le th\u00e8me comprend \u00e9galement une gamme de plugins WooCommerce puissants, y compris des filtres de produit avanc\u00e9s, des variations de produits, une vue rapide, une liste de souhaits, etc.<\/li>\n<li>Avec des mises \u00e0 jour r\u00e9guli\u00e8res et un support d\u00e9di\u00e9, vous pouvez \u00eatre assur\u00e9 que votre boutique en ligne fonctionne toujours en douceur et efficacement.<\/li>\n<\/ul>\n","protected":false},"excerpt":{"rendered":"<p>Le th\u00e8me WooCommerce mobile optimis\u00e9 PUCA est une solution compl\u00e8te et id\u00e9ale pour les entreprises qui recherchent activement des moyens d&rsquo;am\u00e9liorer la fonctionnalit\u00e9 et l&rsquo;apparence de leur magasin en ligne. L&rsquo;aspect remarquable de ce th\u00e8me particulier r\u00e9side dans sa r\u00e9activit\u00e9 exceptionnelle, car elle est m\u00e9ticuleusement con\u00e7ue pour r\u00e9pondre sp\u00e9cifiquement aux appareils mobiles, garantissant ainsi une exp\u00e9rience de navigation transparente et agr\u00e9able pour vos clients estim\u00e9s qui acc\u00e8dent \u00e0 votre site Web via leurs smartphones et tablettes. De plus, le th\u00e8me Puca offre une large gamme d&rsquo;options facilement personnalisables, d\u00e9bordant de fonctionnalit\u00e9s puissantes qui visent \u00e0 \u00e9lever votre pr\u00e9sence en ligne et \u00e0 augmenter vos chiffres de vente. Ajoutant \u00e0 son allure, ce th\u00e8me poss\u00e8de un design \u00e9l\u00e9gant et de pointe qui d\u00e9gage la modernit\u00e9, ce qui en fait le choix ultime pour les entreprises qui sont d\u00e9termin\u00e9es \u00e0 s&rsquo;\u00e9panouir dans le paysage num\u00e9rique en constante \u00e9volution.<\/p>\n","protected":false},"featured_media":145051,"comment_status":"open","ping_status":"open","template":"","meta":[],"product_brand":[2433],"product_cat":[1238,1851,1212],"product_tag":[1366],"class_list":{"0":"post-134555","1":"product","2":"type-product","3":"status-publish","4":"has-post-thumbnail","6":"product_brand-themeforest","7":"product_cat-commerce-electronique-themes","8":"product_cat-entreprise-commerce-electronique-themes","9":"product_cat-themes","10":"product_tag-themeforest","11":"member-discount","12":"discount-restricted","14":"first","15":"instock","16":"sale","17":"downloadable","18":"virtual","19":"sold-individually","20":"purchasable","21":"product-type-simple"},"_links":{"self":[{"href":"https:\/\/gpl-love.com\/fr\/wp-json\/wp\/v2\/product\/134555","targetHints":{"allow":["GET"]}}],"collection":[{"href":"https:\/\/gpl-love.com\/fr\/wp-json\/wp\/v2\/product"}],"about":[{"href":"https:\/\/gpl-love.com\/fr\/wp-json\/wp\/v2\/types\/product"}],"replies":[{"embeddable":true,"href":"https:\/\/gpl-love.com\/fr\/wp-json\/wp\/v2\/comments?post=134555"}],"wp:featuredmedia":[{"embeddable":true,"href":"https:\/\/gpl-love.com\/fr\/wp-json\/wp\/v2\/media\/145051"}],"wp:attachment":[{"href":"https:\/\/gpl-love.com\/fr\/wp-json\/wp\/v2\/media?parent=134555"}],"wp:term":[{"taxonomy":"product_brand","embeddable":true,"href":"https:\/\/gpl-love.com\/fr\/wp-json\/wp\/v2\/product_brand?post=134555"},{"taxonomy":"product_cat","embeddable":true,"href":"https:\/\/gpl-love.com\/fr\/wp-json\/wp\/v2\/product_cat?post=134555"},{"taxonomy":"product_tag","embeddable":true,"href":"https:\/\/gpl-love.com\/fr\/wp-json\/wp\/v2\/product_tag?post=134555"}],"curies":[{"name":"wp","href":"https:\/\/api.w.org\/{rel}","templated":true}]}}