{"id":134549,"date":"2026-03-02T00:00:00","date_gmt":"2026-03-01T23:00:00","guid":{"rendered":"https:\/\/gpl-love.com\/fr\/produit\/powerpack-for-elementor\/"},"modified":"2026-04-10T18:36:50","modified_gmt":"2026-04-10T16:36:50","slug":"powerpack-for-elementor","status":"publish","type":"product","link":"https:\/\/gpl-love.com\/fr\/produit\/powerpack-for-elementor\/","title":{"rendered":"PowerPack pour Elementor 2.12.17"},"content":{"rendered":"<h3>PowerPack pour Elementor Traits<\/h3>\n<p>Le PowerPack pour Elementor, un plugin remarquablement innovant et extr\u00eamement puissant, a \u00e9t\u00e9 m\u00e9ticuleusement con\u00e7u avec le but explicite d&rsquo;augmenter la fonctionnalit\u00e9 et l&rsquo;adaptabilit\u00e9 du constructeur de page Elementor. En tirant parti des capacit\u00e9s remarquables de ce plugin, les utilisateurs ont accord\u00e9 un acc\u00e8s sans entrave \u00e0 un vaste assortiment de widgets, mod\u00e8les et modules pr\u00e9-con\u00e7us, les permettant ainsi \u00e0 fabriquer des sites Web de mani\u00e8re transparente et rapide qui sont \u00e0 la fois visuellement frapp\u00e9s et hautement fonctionnels. B\u00e9n\u00e9ficiant d&rsquo;une interface de glisser-d\u00e9poser exceptionnellement conviviale, ainsi que d&rsquo;une pl\u00e9thore d&rsquo;options personnalisables, le PowerPack pour Elementor permet la cr\u00e9ation de conceptions vraiment distinctives et polis. Quel que soit son niveau de comp\u00e9tence, que ce soit un concepteur Web n\u00e9ophyte ou chevronn\u00e9, le PowerPack pour Elementor reste sans \u00e9quivoque un outil indispensable qui est garanti pour catapulter ses sites Web \u00e0 des sommets d&rsquo;excellence in\u00e9gal\u00e9s.<\/p>\n<ul>\n<li>Ensemble complet d&rsquo;outils et de widgets pour am\u00e9liorer la fonctionnalit\u00e9 d&rsquo;Elementor<\/li>\n<li>Interface simple et facile \u00e0 utiliser<\/li>\n<li>Prend en charge les versions gratuites et pro de Elementor<\/li>\n<li>Stimule votre productivit\u00e9 et vous fait gagner du temps avec son flux de travail efficace<\/li>\n<li>Acc\u00e8s \u00e0 des tonnes de mod\u00e8les et \u00e0 des modules pr\u00e9-con\u00e7us pour acc\u00e9l\u00e9rer votre processus de conception<\/li>\n<li>\u00c9l\u00e9ments cr\u00e9atifs pour ajouter des \u00e9l\u00e9ments de conception uniques et dynamiques \u00e0 votre site Web<\/li>\n<li>Une vari\u00e9t\u00e9 d&rsquo;options de personnalisation et de param\u00e8tres pour affiner vos conceptions jusqu&rsquo;aux moindres d\u00e9tails<\/li>\n<li>Toujours mis \u00e0 jour avec de nouvelles fonctionnalit\u00e9s et am\u00e9liorations<\/li>\n<li>\u00c9quipe de support d\u00e9di\u00e9e disponible pour l&rsquo;aide et le d\u00e9pannage<\/li>\n<li>Offre une alternative rentable \u00e0 l&#8217;embauche d&rsquo;un concepteur ou d&rsquo;un d\u00e9veloppeur pour les \u00e9l\u00e9ments du site Web personnalis\u00e9s<\/li>\n<\/ul>\n","protected":false},"excerpt":{"rendered":"<p>Le PowerPack pour Elementor, un plugin complet, est sp\u00e9cialement con\u00e7u pour am\u00e9liorer les capacit\u00e9s de votre g\u00e9n\u00e9rateur de page Elementor en incorporant une large gamme de fonctionnalit\u00e9s et de fonctionnalit\u00e9s avanc\u00e9es. Ce plugin remarquablement puissant se pr\u00e9sente comme une solution tout compris qui r\u00e9pond efficacement \u00e0 vos exigences de conception et de fonctionnalit\u00e9 avanc\u00e9e, simplifiant ainsi le processus de fabrication de sites Web visuellement frappants \u00e0 l&rsquo;aide d&rsquo;Elementor. Avec un vaste r\u00e9pertoire de modules robustes \u00e0 sa disposition, tels que des titres anim\u00e9s, un style de forme avanc\u00e9, des menus r\u00e9actifs et un \u00e9ventail d&rsquo;autres, le PowerPack pour Elementor \u00e9l\u00e8ve avec succ\u00e8s la conception de votre site Web \u00e0 des hauteurs sans pr\u00e9c\u00e9dent. Par cons\u00e9quent, quel que soit votre niveau d&rsquo;expertise dans la conception Web, que ce soit celui d&rsquo;un professionnel chevronn\u00e9 ou de celui d&rsquo;un novice, assurez-vous que ce produit remarquable est astucieusement formul\u00e9 pour faciliter la cr\u00e9ation de sites Web qui unissent de mani\u00e8re transparente \u00e0 la fois d&rsquo;attrait esth\u00e9tique et de fonctionnalit\u00e9 \u00e9lev\u00e9e.<\/p>\n","protected":false},"featured_media":145006,"comment_status":"open","ping_status":"open","template":"","meta":[],"product_brand":[2539],"product_cat":[1189,1181,1186],"product_tag":[1264],"class_list":{"0":"post-134549","1":"product","2":"type-product","3":"status-publish","4":"has-post-thumbnail","6":"product_brand-elementor","7":"product_cat-personnalisation","8":"product_cat-plugins","9":"product_cat-wordpress-plugins","10":"product_tag-elementor","11":"member-discount","12":"discount-restricted","14":"first","15":"instock","16":"sale","17":"downloadable","18":"virtual","19":"sold-individually","20":"purchasable","21":"product-type-simple"},"_links":{"self":[{"href":"https:\/\/gpl-love.com\/fr\/wp-json\/wp\/v2\/product\/134549","targetHints":{"allow":["GET"]}}],"collection":[{"href":"https:\/\/gpl-love.com\/fr\/wp-json\/wp\/v2\/product"}],"about":[{"href":"https:\/\/gpl-love.com\/fr\/wp-json\/wp\/v2\/types\/product"}],"replies":[{"embeddable":true,"href":"https:\/\/gpl-love.com\/fr\/wp-json\/wp\/v2\/comments?post=134549"}],"wp:featuredmedia":[{"embeddable":true,"href":"https:\/\/gpl-love.com\/fr\/wp-json\/wp\/v2\/media\/145006"}],"wp:attachment":[{"href":"https:\/\/gpl-love.com\/fr\/wp-json\/wp\/v2\/media?parent=134549"}],"wp:term":[{"taxonomy":"product_brand","embeddable":true,"href":"https:\/\/gpl-love.com\/fr\/wp-json\/wp\/v2\/product_brand?post=134549"},{"taxonomy":"product_cat","embeddable":true,"href":"https:\/\/gpl-love.com\/fr\/wp-json\/wp\/v2\/product_cat?post=134549"},{"taxonomy":"product_tag","embeddable":true,"href":"https:\/\/gpl-love.com\/fr\/wp-json\/wp\/v2\/product_tag?post=134549"}],"curies":[{"name":"wp","href":"https:\/\/api.w.org\/{rel}","templated":true}]}}