{"id":134547,"date":"2026-03-02T00:00:00","date_gmt":"2026-03-01T23:00:00","guid":{"rendered":"https:\/\/gpl-love.com\/fr\/produit\/porto-multipurpose-woocommerce-theme\/"},"modified":"2026-04-10T18:36:45","modified_gmt":"2026-04-10T16:36:45","slug":"porto-multipurpose-woocommerce-theme","status":"publish","type":"product","link":"https:\/\/gpl-love.com\/fr\/produit\/porto-multipurpose-woocommerce-theme\/","title":{"rendered":"Porto Multipurpose et WooCommerce Theme 7.8.5"},"content":{"rendered":"<h3>Porto Multipurpose et WooCommerce Theme Traits<\/h3>\n<p>Le th\u00e8me Porto Multipurpose et WooCommerce est un th\u00e8me incroyablement polyvalent et exceptionnellement puissant qui a \u00e9t\u00e9 m\u00e9ticuleusement con\u00e7u pour r\u00e9pondre \u00e0 une vaste gamme d&rsquo;entreprises. Ce th\u00e8me remarquable a \u00e9t\u00e9 enti\u00e8rement optimis\u00e9 pour s&rsquo;int\u00e9grer de mani\u00e8re transparente \u00e0 WooCommerce, ce qui le rend le choix ultime pour les magasins en ligne et les sites Web de commerce \u00e9lectronique. B\u00e9n\u00e9ficiant d&rsquo;un design \u00e9l\u00e9gant et contemporain, Porto offre une personnalisabilit\u00e9 in\u00e9gal\u00e9e et pr\u00e9sente aux utilisateurs une s\u00e9lection approfondie de mod\u00e8les et de dispositions pr\u00e9-con\u00e7us, facilitant efficacement un processus de cr\u00e9ation de site Web transparent et efficace. De plus, Porto est \u00e9quip\u00e9 d&rsquo;une myriade de fonctionnalit\u00e9s de pointe, telles que sa conception tr\u00e8s r\u00e9active, ses options de couleurs pratiquement illimit\u00e9es et sa vaste gamme de plugins premium. Que vous aspirez \u00e0 \u00e9riger un blog sophistiqu\u00e9, un portefeuille captivant ou une boutique en ligne florissante, le th\u00e8me Porto polyvalent et WooCommerce poss\u00e8de sans aucun doute tous les outils n\u00e9cessaires pour vous permettre de forger un site Web profond\u00e9ment professionnel et absolument captivant.<\/p>\n<ul>\n<li>Th\u00e8me polyvalent adapt\u00e9 \u00e0 diff\u00e9rents types de sites Web<\/li>\n<li>Prise en charge int\u00e9gr\u00e9e pour WooCommerce, la principale plateforme de commerce \u00e9lectronique<\/li>\n<li>Conception enti\u00e8rement r\u00e9active pour une visualisation optimale sur n&rsquo;importe quel appareil<\/li>\n<li>Plusieurs options de page d&rsquo;accueil et de mise en page pour la personnalisation<\/li>\n<li>Builder de page facile \u00e0 utiliser pour cr\u00e9er des conceptions uniques<\/li>\n<li>Comprend une biblioth\u00e8que de pages de mod\u00e8les pr\u00e9d\u00e9finies pour une configuration plus rapide<\/li>\n<li>Int\u00e9gration avec des plugins populaires comme le formulaire de contact 7 et MailChimp<\/li>\n<li>Optimis\u00e9 pour le r\u00e9f\u00e9rencement et la vitesse pour de meilleures performances de site Web<\/li>\n<li>Mises \u00e0 jour r\u00e9guli\u00e8res et excellent support client des d\u00e9veloppeurs de th\u00e8mes<\/li>\n<\/ul>\n","protected":false},"excerpt":{"rendered":"<p>Le th\u00e8me Porto Multipurpose et WooCommerce se pr\u00e9sente comme la solution ultime pour les personnes cherchant \u00e0 \u00e9tablir une boutique en ligne visuellement frappante et hautement fonctionnelle. Son design \u00e9l\u00e9gant et contemporain garantit l&rsquo;adaptabilit\u00e9 sur divers appareils, tandis que sa personnalisation le rend adapt\u00e9 aux entreprises de tous types. Les fonctionnalit\u00e9s notables incluent des capacit\u00e9s de recherche avanc\u00e9es, un large \u00e9ventail d&rsquo;options de mise en page et la possibilit\u00e9 de personnaliser les en-t\u00eates en fonction des pr\u00e9f\u00e9rences individuelles. De plus, Porto souligne l&rsquo;importance de l&rsquo;optimisation de la vitesse, garantissant des temps de chargement rapides et des performances transparentes. Que vous vous trouviez \u00e0 la cr\u00e9ation de votre entreprise num\u00e9rique ou que vous aspirez \u00e0 am\u00e9liorer votre boutique en ligne existante, le th\u00e8me Porto Multipurpose et WooCommerce est sans aucun doute le choix optimal pour propulser votre entreprise \u00e0 des hauteurs sans pr\u00e9c\u00e9dent.<\/p>\n","protected":false},"featured_media":145001,"comment_status":"open","ping_status":"open","template":"","meta":[],"product_brand":[2433],"product_cat":[1214,1212,1213],"product_tag":[1366],"class_list":{"0":"post-134547","1":"product","2":"type-product","3":"status-publish","4":"has-post-thumbnail","6":"product_brand-themeforest","7":"product_cat-polyvalent","8":"product_cat-themes","9":"product_cat-wordpress-themes","10":"product_tag-themeforest","11":"member-discount","12":"discount-restricted","14":"first","15":"instock","16":"sale","17":"downloadable","18":"virtual","19":"sold-individually","20":"purchasable","21":"product-type-simple"},"_links":{"self":[{"href":"https:\/\/gpl-love.com\/fr\/wp-json\/wp\/v2\/product\/134547","targetHints":{"allow":["GET"]}}],"collection":[{"href":"https:\/\/gpl-love.com\/fr\/wp-json\/wp\/v2\/product"}],"about":[{"href":"https:\/\/gpl-love.com\/fr\/wp-json\/wp\/v2\/types\/product"}],"replies":[{"embeddable":true,"href":"https:\/\/gpl-love.com\/fr\/wp-json\/wp\/v2\/comments?post=134547"}],"wp:featuredmedia":[{"embeddable":true,"href":"https:\/\/gpl-love.com\/fr\/wp-json\/wp\/v2\/media\/145001"}],"wp:attachment":[{"href":"https:\/\/gpl-love.com\/fr\/wp-json\/wp\/v2\/media?parent=134547"}],"wp:term":[{"taxonomy":"product_brand","embeddable":true,"href":"https:\/\/gpl-love.com\/fr\/wp-json\/wp\/v2\/product_brand?post=134547"},{"taxonomy":"product_cat","embeddable":true,"href":"https:\/\/gpl-love.com\/fr\/wp-json\/wp\/v2\/product_cat?post=134547"},{"taxonomy":"product_tag","embeddable":true,"href":"https:\/\/gpl-love.com\/fr\/wp-json\/wp\/v2\/product_tag?post=134547"}],"curies":[{"name":"wp","href":"https:\/\/api.w.org\/{rel}","templated":true}]}}