{"id":134545,"date":"2026-04-29T00:00:00","date_gmt":"2026-04-28T22:00:00","guid":{"rendered":"https:\/\/gpl-love.com\/fr\/produit\/polylang-pro\/"},"modified":"2026-04-29T12:30:40","modified_gmt":"2026-04-29T10:30:40","slug":"polylang-pro","status":"publish","type":"product","link":"https:\/\/gpl-love.com\/fr\/produit\/polylang-pro\/","title":{"rendered":"Polylang Pro 3.8.3"},"content":{"rendered":"<h3>Polylang Pro Traits<\/h3>\n<p>Polylang Pro, un plugin WordPress extr\u00eamement robuste, accorde aux propri\u00e9taires de sites Web la capacit\u00e9 remarquable de construire sans effort des sites Web multilingues. En mettant en \u0153uvre ce plugin, vous \u00eates accord\u00e9 \u00e0 la capacit\u00e9 de traduire parfaitement votre site Web en un \u00e9ventail de langues, garantissant ainsi une exp\u00e9rience utilisateur ininterrompue pour les visiteurs originaires de diff\u00e9rentes r\u00e9gions. B\u00e9n\u00e9ficiant d&rsquo;une interface remarquablement conviviale et d&rsquo;options de configuration commod\u00e9ment personnalisables, ce plugin vous permet de g\u00e9rer efficacement les traductions avec la plus grande facilit\u00e9. Avec Polylang Pro \u00e0 votre disposition, vous pouvez cr\u00e9er sans effort des commutateurs linguistiques, traduire efficacement les types de publiques personnalis\u00e9s et traduire de mani\u00e8re transparente des widgets et des menus. De plus, ce plugin ph\u00e9nom\u00e9nal \u00e9tend m\u00eame son soutien \u00e0 la traduction automatique via une myriade de services tiers, rationalisant ainsi le processus d&rsquo;atteindre un public mondial. Essentiellement, Polylang Pro \u00e9merge sans \u00e9quivoque comme un outil indispensable r\u00e9pondant aux divers besoins de toute entreprise ou organisation cherchant \u00e0 augmenter sa pr\u00e9sence en ligne tout en facilitant simultan\u00e9ment une exp\u00e9rience multilingue pour leur base d&rsquo;utilisateurs estim\u00e9s.<\/p>\n<ul>\n<li>Fonctionnalit\u00e9 multicangue pour les sites Web WordPress<\/li>\n<li>Switcher de langue facile \u00e0 utiliser<\/li>\n<li>Prise en charge des langues RTL (droite \u00e0 gauche)<\/li>\n<li>Int\u00e9gration avec des services de traduction populaires comme WPML et Lingotek<\/li>\n<li>Compatibilit\u00e9 avec les th\u00e8mes et plugins WordPress<\/li>\n<li>Widget et drapeaux personnalisables<\/li>\n<li>URL conviviales pour diff\u00e9rentes langues<\/li>\n<li>Options de langage \u00e9tendues, y compris les variantes de langue personnalis\u00e9es et les alternatives linguistiques<\/li>\n<li>Support pour les widgets et les menus sp\u00e9cifiques \u00e0 la langue<\/li>\n<li>Fichiers de traduction configur\u00e9s par WPML inclus pour les th\u00e8mes et plugins majeurs<\/li>\n<\/ul>\n","protected":false},"excerpt":{"rendered":"<p>Polylang Pro, un plugin multilingue incroyablement robuste con\u00e7u sp\u00e9cifiquement pour les sites Web WordPress, permet aux utilisateurs de g\u00e9n\u00e9rer et d&rsquo;administrer sans effort de nombreuses traductions de leur contenu. \u00c9quip\u00e9e d&rsquo;une interface exceptionnellement conviviale et d&rsquo;un \u00e9ventail de fonctionnalit\u00e9s avanc\u00e9es, ce plugin facilite la traduction transparente des sites Web en diverses langues, l&rsquo;\u00e9tablissement de commutateurs de langue et une pl\u00e9thore d&rsquo;autres fonctionnalit\u00e9s avantageuses. Que vous soyez une entreprise qui cherche \u00e0 atteindre un public mondial ou un blogueur visant \u00e0 \u00e9largir votre lectorat \u00e0 l&rsquo;\u00e9chelle internationale, Polylang pro a ind\u00e9niablement \u00e9merge comme la solution ultime pour fabriquer un site Web impeccablement multilingue.<\/p>\n","protected":false},"featured_media":144998,"comment_status":"open","ping_status":"open","template":"","meta":[],"product_brand":[2628],"product_cat":[1195,1181,1186],"product_tag":[1329],"class_list":{"0":"post-134545","1":"product","2":"type-product","3":"status-publish","4":"has-post-thumbnail","6":"product_brand-polylang","7":"product_cat-multilangue","8":"product_cat-plugins","9":"product_cat-wordpress-plugins","10":"product_tag-polylang","11":"member-discount","12":"discount-restricted","14":"first","15":"instock","16":"sale","17":"downloadable","18":"virtual","19":"sold-individually","20":"purchasable","21":"product-type-simple"},"_links":{"self":[{"href":"https:\/\/gpl-love.com\/fr\/wp-json\/wp\/v2\/product\/134545","targetHints":{"allow":["GET"]}}],"collection":[{"href":"https:\/\/gpl-love.com\/fr\/wp-json\/wp\/v2\/product"}],"about":[{"href":"https:\/\/gpl-love.com\/fr\/wp-json\/wp\/v2\/types\/product"}],"replies":[{"embeddable":true,"href":"https:\/\/gpl-love.com\/fr\/wp-json\/wp\/v2\/comments?post=134545"}],"wp:featuredmedia":[{"embeddable":true,"href":"https:\/\/gpl-love.com\/fr\/wp-json\/wp\/v2\/media\/144998"}],"wp:attachment":[{"href":"https:\/\/gpl-love.com\/fr\/wp-json\/wp\/v2\/media?parent=134545"}],"wp:term":[{"taxonomy":"product_brand","embeddable":true,"href":"https:\/\/gpl-love.com\/fr\/wp-json\/wp\/v2\/product_brand?post=134545"},{"taxonomy":"product_cat","embeddable":true,"href":"https:\/\/gpl-love.com\/fr\/wp-json\/wp\/v2\/product_cat?post=134545"},{"taxonomy":"product_tag","embeddable":true,"href":"https:\/\/gpl-love.com\/fr\/wp-json\/wp\/v2\/product_tag?post=134545"}],"curies":[{"name":"wp","href":"https:\/\/api.w.org\/{rel}","templated":true}]}}