{"id":134543,"date":"2026-02-23T00:00:00","date_gmt":"2026-02-22T23:00:00","guid":{"rendered":"https:\/\/gpl-love.com\/fr\/produit\/polylang-for-woocommerce\/"},"modified":"2026-04-10T18:36:42","modified_gmt":"2026-04-10T16:36:42","slug":"polylang-for-woocommerce","status":"publish","type":"product","link":"https:\/\/gpl-love.com\/fr\/produit\/polylang-for-woocommerce\/","title":{"rendered":"Polylang pour WooCommerce 2.2.2"},"content":{"rendered":"<h3>Polylang pour WooCommerce Traits<\/h3>\n<p>Polylang pour WooCommerce, un plugin WordPress robuste, offre aux utilisateurs la capacit\u00e9 incroyable de traduire leur magasin WooCommerce en plusieurs langues, garantissant une port\u00e9e plus large. En tirant parti de ce plugin, les individus peuvent cr\u00e9er sans effort des pages, produits et cat\u00e9gories distincts adapt\u00e9s \u00e0 chaque langue, offrant ainsi une exp\u00e9rience de navigation in\u00e9gal\u00e9e pour les clients internationaux. De plus, Polylang pour WooCommerce poss\u00e8de une pl\u00e9thore de fonctionnalit\u00e9s suppl\u00e9mentaires, y compris la d\u00e9tection automatique du langage, les commutateurs de langage personnalisables et m\u00eame la prise en charge des langages RTL. De plus, ce plugin est con\u00e7u dans l&rsquo;esprit de la convivialit\u00e9, permettant une personnalisation transparente qui peut \u00eatre adapt\u00e9e aux besoins sp\u00e9cifiques et divers de votre entreprise. Par cons\u00e9quent, si vous aspirez \u00e0 \u00e9tendre votre entreprise de commerce \u00e9lectronique dans de nouveaux march\u00e9s, Polylang pour WooCommerce est un plugin indispensable que vous ne pouvez tout simplement pas vous permettre de n\u00e9gliger.<\/p>\n<ul>\n<li>Compatible avec WooCommerce: vous permet de traduire votre magasin WooCommerce en plusieurs langues.<\/li>\n<li>D\u00e9tection automatique du langage: capable de d\u00e9tecter les param\u00e8tres du navigateur de l&rsquo;utilisateur et de montrer la boutique dans cette langue.<\/li>\n<li>Switcher de langue personnalisable: vous permet de d\u00e9finir le style, l&rsquo;affichage et l&#8217;emplacement du commutateur de langue.<\/li>\n<li>Prend en charge tous les th\u00e8mes WordPress: peut \u00eatre utilis\u00e9 avec n&rsquo;importe quel th\u00e8me WordPress, avec une compatibilit\u00e9 compl\u00e8te et une flexibilit\u00e9.<\/li>\n<li>Facile \u00e0 utiliser: aucune connaissance de codage requise! Facile \u00e0 installer, configurer et utiliser.<\/li>\n<li>SEO amical: les URL linguistiques, les balises Hreflang et les m\u00e9tadonn\u00e9es SEO sont prises en charge, donc votre site peut \u00eatre partag\u00e9 sans effort \u00e0 l&rsquo;\u00e9chelle mondiale.<\/li>\n<li>Int\u00e9gration de la traduction professionnelle: capable de s&rsquo;int\u00e9grer \u00e0 des services de traduction professionnels tels que weglot ou tradlatepress.<\/li>\n<li>Most de WooCommerce multilingue: vous permet d&rsquo;atteindre et de vous connecter avec un public plus large et d&rsquo;augmenter votre client\u00e8le.<\/li>\n<\/ul>\n","protected":false},"excerpt":{"rendered":"<p>Polylang pour WooCommerce, un plugin exceptionnel, offre aux propri\u00e9taires de magasins en ligne la possibilit\u00e9 de traduire sans effort leurs produits en de nombreuses langues, \u00e9tendant ainsi leur port\u00e9e \u00e0 un public plus large. En exploitant la puissance de cet outil remarquable, les clients peuvent parcourir votre site Web dans leur langue souhait\u00e9e, favorisant ainsi l&rsquo;augmentation des ventes et accru le contentement des clients. Polylang pour WooCommerce poss\u00e8de une interface utilisateur intuitive, coupl\u00e9e \u00e0 une pl\u00e9thore de fonctionnalit\u00e9s telles que la traduction automatique et les commutateurs de langage personnalisables, entre autres. En outre, son int\u00e9gration transparente avec WooCommerce lui rend le choix optimal pour les propri\u00e9taires de magasins en ligne exigeants \u00e0 la recherche d&rsquo;une solution de traduction fiable et efficace.<\/p>\n","protected":false},"featured_media":144997,"comment_status":"open","ping_status":"open","template":"","meta":[],"product_brand":[2628],"product_cat":[1195,1181,1186],"product_tag":[1329],"class_list":{"0":"post-134543","1":"product","2":"type-product","3":"status-publish","4":"has-post-thumbnail","6":"product_brand-polylang","7":"product_cat-multilangue","8":"product_cat-plugins","9":"product_cat-wordpress-plugins","10":"product_tag-polylang","11":"member-discount","12":"discount-restricted","14":"first","15":"instock","16":"sale","17":"downloadable","18":"virtual","19":"sold-individually","20":"purchasable","21":"product-type-simple"},"_links":{"self":[{"href":"https:\/\/gpl-love.com\/fr\/wp-json\/wp\/v2\/product\/134543","targetHints":{"allow":["GET"]}}],"collection":[{"href":"https:\/\/gpl-love.com\/fr\/wp-json\/wp\/v2\/product"}],"about":[{"href":"https:\/\/gpl-love.com\/fr\/wp-json\/wp\/v2\/types\/product"}],"replies":[{"embeddable":true,"href":"https:\/\/gpl-love.com\/fr\/wp-json\/wp\/v2\/comments?post=134543"}],"wp:featuredmedia":[{"embeddable":true,"href":"https:\/\/gpl-love.com\/fr\/wp-json\/wp\/v2\/media\/144997"}],"wp:attachment":[{"href":"https:\/\/gpl-love.com\/fr\/wp-json\/wp\/v2\/media?parent=134543"}],"wp:term":[{"taxonomy":"product_brand","embeddable":true,"href":"https:\/\/gpl-love.com\/fr\/wp-json\/wp\/v2\/product_brand?post=134543"},{"taxonomy":"product_cat","embeddable":true,"href":"https:\/\/gpl-love.com\/fr\/wp-json\/wp\/v2\/product_cat?post=134543"},{"taxonomy":"product_tag","embeddable":true,"href":"https:\/\/gpl-love.com\/fr\/wp-json\/wp\/v2\/product_tag?post=134543"}],"curies":[{"name":"wp","href":"https:\/\/api.w.org\/{rel}","templated":true}]}}