{"id":134541,"date":"2026-03-18T00:00:00","date_gmt":"2026-03-17T23:00:00","guid":{"rendered":"https:\/\/gpl-love.com\/fr\/produit\/pixelyoursite-pro-facebook-pixel-plugin-wordpress\/"},"modified":"2026-04-10T18:36:36","modified_gmt":"2026-04-10T16:36:36","slug":"pixelyoursite-pro-facebook-pixel-plugin-wordpress","status":"publish","type":"product","link":"https:\/\/gpl-love.com\/fr\/produit\/pixelyoursite-pro-facebook-pixel-plugin-wordpress\/","title":{"rendered":"PixelYourSite Pro Facebook pixel WordPress plugin 12.4.1.2"},"content":{"rendered":"<h3>PixelYourSite Pro Facebook pixel WordPress plugin Traits<\/h3>\n<p>PixelyOrsite Pro est un plugin WordPress tr\u00e8s robuste et plein de fonctionnalit\u00e9s qui sert d&rsquo;outil inestimable pour les propri\u00e9taires de sites Web cherchant \u00e0 optimiser leurs campagnes marketing en suivant efficacement leur pixel Facebook. Ce plugin remarquable permet non seulement l&rsquo;installation et la gestion sans effort de votre Pixel Facebook sur votre site Web WordPress, mais il facilite \u00e9galement le suivi de divers \u00e9v\u00e9nements et la cr\u00e9ation de publics personnalis\u00e9s bas\u00e9s sur des actions utilisateur sp\u00e9cifiques. Avec un \u00e9ventail d&rsquo;options sophistiqu\u00e9es pour le suivi et l&rsquo;optimisation de la conversion \u00e0 votre disposition, y compris les publicit\u00e9s de produits dynamiques, les conversions personnalis\u00e9es avanc\u00e9es et la possibilit\u00e9 de partager des donn\u00e9es de texte et d&rsquo;image riches, ce plugin vous permet vraiment d&rsquo;\u00e9lever vos efforts de marketing vers des sommets sans pr\u00e9c\u00e9dent. De plus, son int\u00e9gration transparente avec des plugins WordPress pro\u00e9minents tels que Google Analytics, WooCommerce, les t\u00e9l\u00e9chargements num\u00e9riques faciles et de nombreuses autres assurent une exp\u00e9rience utilisateur transparente et harmonieuse. En exploitant les caract\u00e9ristiques et les capacit\u00e9s exceptionnelles de PixelyOrsite Pro, vous pouvez maximiser le potentiel des prouesses publicitaires de Facebook, propulsant ainsi vos campagnes de marketing \u00e0 de nouveaux niveaux de r\u00e9ussite et de rentabilit\u00e9 gr\u00e2ce \u00e0 des strat\u00e9gies cibl\u00e9es et personnalis\u00e9es qui donnent des conversions et des revenus am\u00e9lior\u00e9s.<\/p>\n<ul>\n<li>Installez facilement Facebook Pixel sur votre site WordPress<\/li>\n<li>Acc\u00e9dez aux fonctionnalit\u00e9s avanc\u00e9es de pixels pour un ciblage et un suivi plus pr\u00e9cis<\/li>\n<li>Configurer des \u00e9v\u00e9nements et des param\u00e8tres personnalis\u00e9s pour suivre les actions et les comportements sp\u00e9cifiques<\/li>\n<li>Suivre les conversions et les revenus pour mesurer le succ\u00e8s de vos annonces Facebook<\/li>\n<li>Utilisez des annonces de produits dynamiques pour recibler les visiteurs du site Web avec des produits pertinents<\/li>\n<li>Int\u00e9grer avec d&rsquo;autres plugins WordPress populaires comme WooCommerce et des t\u00e9l\u00e9chargements num\u00e9riques faciles<\/li>\n<li>Obtenez des rapports d\u00e9taill\u00e9s et des informations sur vos donn\u00e9es de pixels pour informer votre strat\u00e9gie d&rsquo;annonce<\/li>\n<li>Support client expert pour vous aider \u00e0 r\u00e9soudre les probl\u00e8mes ou les questions que vous pourriez avoir.<\/li>\n<\/ul>\n","protected":false},"excerpt":{"rendered":"<p>Le PixelyOrsite Pro est un plugin WordPress exceptionnellement robuste qui accorde aux utilisateurs la capacit\u00e9 transparente \u00e0 installer et \u00e0 administrer efficacement le pixel Facebook sur leurs sites Web respectifs. Ce plugin remarquable offre une vaste gamme de fonctionnalit\u00e9s, permettant aux utilisateurs de suivre sans effort une multitude d&rsquo;\u00e9v\u00e9nements importants se produisant sur leurs sites Web, englobant, mais sans s&rsquo;y limiter, ajouter des actions de panier et les achats. De plus, PixELYORSITE PRO fournit aux utilisateurs des options de ciblage avanc\u00e9es pour leurs publicit\u00e9s, y compris les fonctionnalit\u00e9s notables du public personnalis\u00e9, le suivi de la conversion et les annonces de produits dynamiques. Que l&rsquo;on se trouve comme le propri\u00e9taire d&rsquo;un magasin de commerce \u00e9lectronique ou d&rsquo;un sp\u00e9cialiste du marketing num\u00e9rique cherchant \u00e0 optimiser leurs efforts publicitaires Facebook, PixelyOrsite Pro est l&rsquo;outil ultime pr\u00eat \u00e0 \u00e9lever leurs strat\u00e9gies publicitaires vers des hauteurs in\u00e9gal\u00e9es.<\/p>\n","protected":false},"featured_media":144987,"comment_status":"open","ping_status":"open","template":"","meta":[],"product_brand":[2627],"product_cat":[1207,1181,1186],"product_tag":[1327],"class_list":{"0":"post-134541","1":"product","2":"type-product","3":"status-publish","4":"has-post-thumbnail","6":"product_brand-pixelyoursite","7":"product_cat-commercialisation-wordpress-plugins","8":"product_cat-plugins","9":"product_cat-wordpress-plugins","10":"product_tag-pixelyoursite","11":"member-discount","12":"discount-restricted","14":"first","15":"instock","16":"sale","17":"downloadable","18":"virtual","19":"sold-individually","20":"purchasable","21":"product-type-simple"},"_links":{"self":[{"href":"https:\/\/gpl-love.com\/fr\/wp-json\/wp\/v2\/product\/134541","targetHints":{"allow":["GET"]}}],"collection":[{"href":"https:\/\/gpl-love.com\/fr\/wp-json\/wp\/v2\/product"}],"about":[{"href":"https:\/\/gpl-love.com\/fr\/wp-json\/wp\/v2\/types\/product"}],"replies":[{"embeddable":true,"href":"https:\/\/gpl-love.com\/fr\/wp-json\/wp\/v2\/comments?post=134541"}],"wp:featuredmedia":[{"embeddable":true,"href":"https:\/\/gpl-love.com\/fr\/wp-json\/wp\/v2\/media\/144987"}],"wp:attachment":[{"href":"https:\/\/gpl-love.com\/fr\/wp-json\/wp\/v2\/media?parent=134541"}],"wp:term":[{"taxonomy":"product_brand","embeddable":true,"href":"https:\/\/gpl-love.com\/fr\/wp-json\/wp\/v2\/product_brand?post=134541"},{"taxonomy":"product_cat","embeddable":true,"href":"https:\/\/gpl-love.com\/fr\/wp-json\/wp\/v2\/product_cat?post=134541"},{"taxonomy":"product_tag","embeddable":true,"href":"https:\/\/gpl-love.com\/fr\/wp-json\/wp\/v2\/product_tag?post=134541"}],"curies":[{"name":"wp","href":"https:\/\/api.w.org\/{rel}","templated":true}]}}