{"id":134539,"date":"2026-02-05T00:00:00","date_gmt":"2026-02-04T23:00:00","guid":{"rendered":"https:\/\/gpl-love.com\/fr\/produit\/publisher-newspaper-magazine-amp\/"},"modified":"2026-04-10T18:36:35","modified_gmt":"2026-04-10T16:36:35","slug":"publisher-newspaper-magazine-amp","status":"publish","type":"product","link":"https:\/\/gpl-love.com\/fr\/produit\/publisher-newspaper-magazine-amp\/","title":{"rendered":"Pixel Cat Elite 3.3.0"},"content":{"rendered":"<h3>Pixel Cat Elite Traits<\/h3>\n<p>Le Pixel Cat Elite, un dispositif d&rsquo;entr\u00e9e de qualit\u00e9 sup\u00e9rieure, offre une exp\u00e9rience de jeu in\u00e9gal\u00e9e \u00e0 ses utilisateurs. M\u00e9ticuleusement con\u00e7u avec la plus grande pr\u00e9cision et pr\u00e9cision \u00e0 l&rsquo;esprit, cet appareil exceptionnel permet aux joueurs d&rsquo;ex\u00e9cuter sans effort leurs mouvements complexes et leurs commandes imp\u00e9ratives. \u00c9quip\u00e9 de capteurs optiques de pointe, l&rsquo;\u00e9lite de chat de pixel assure un suivi rapide et transparent, garantissant que chaque mouvement nuanc\u00e9 est d\u00e9tect\u00e9 avec une plus grande pr\u00e9cision. De plus, cet appareil remarquable pr\u00e9sente un \u00e9ventail de boutons personnalisables qui peuvent \u00eatre adapt\u00e9s sans effort pour r\u00e9pondre \u00e0 vos exigences de jeu sp\u00e9cifiques. Sa conception \u00e9l\u00e9gante et ergonomique augmente encore son attrait, offrant une sensation confortable et tr\u00e8s r\u00e9active, ce qui le rend id\u00e9al pour des s\u00e9ances de jeu prolong\u00e9es. Que vous vous soyez livr\u00e9 \u00e0 des jeux avec d\u00e9sinvolture ou que vous soyez un professionnel d\u00e9vou\u00e9, l&rsquo;\u00e9lite Pixel Cat est un choix impeccable pour tous ceux qui cherchent \u00e0 am\u00e9liorer leurs prouesses de jeu.<\/p>\n<ul>\n<li>Outil puissant pour cr\u00e9er de superbes arts de pixels.<\/li>\n<li>D\u00e9butant avec une interface conviviale.<\/li>\n<li>Caract\u00e9ristiques avanc\u00e9es pour les artistes de pixels exp\u00e9riment\u00e9s, tels que la superposition et les palettes de couleurs personnalis\u00e9es.<\/li>\n<li>Compatible avec plusieurs formats de fichiers, y compris PNG, JPEG et GIF.<\/li>\n<li>Large gamme de tailles et de formes de pinceau pour des d\u00e9tails parfaits.<\/li>\n<li>Hot-raccourcis personnalisables pour acc\u00e9l\u00e9rer le flux de travail.<\/li>\n<li>Mises \u00e0 jour r\u00e9guli\u00e8res et am\u00e9liorations du logiciel.<\/li>\n<li>L\u00e9ger et rapide \u00e0 installer.<\/li>\n<li>Convient pour une utilisation sur les syst\u00e8mes d&rsquo;exploitation Windows et Mac.<\/li>\n<li>Excellent support client et communaut\u00e9 en ligne pour partager des conseils et des astuces.<\/li>\n<\/ul>\n","protected":false},"excerpt":{"rendered":"<p>Nous sommes heureux de pr\u00e9senter le Pixel Cat Elite, un appareil de pointe qui est destin\u00e9 \u00e0 devenir un atout indispensable dans vos efforts de conception num\u00e9rique. En combinant une pr\u00e9cision in\u00e9gal\u00e9e dans le suivi avec une multitude de boutons personnalisables, cet outil d&rsquo;entr\u00e9e r\u00e9volutionnaire vous permet de fabriquer sans effort des graphiques, des illustrations et des animations captivants sans effort. De plus, l&rsquo;\u00e9lite de Pixel Cat poss\u00e8de un design \u00e9l\u00e9gant et ergonomique qui garantit le plus grand confort et productivit\u00e9 m\u00eame pendant les s\u00e9ances d&rsquo;utilisation prolong\u00e9es. Que vous soyez un graphiste exp\u00e9riment\u00e9 ou une aventure novice dans le domaine de la cr\u00e9ativit\u00e9, l&rsquo;\u00e9lite de Pixel Cat est sans \u00e9quivoque l&rsquo;instrument par excellence qui \u00e9l\u00e8vera vos capacit\u00e9s artistiques \u00e0 des hauteurs in\u00e9gal\u00e9es.<\/p>\n","protected":false},"featured_media":144986,"comment_status":"open","ping_status":"open","template":"","meta":[],"product_brand":[2626],"product_cat":[1207,1181,1186],"product_tag":[1824],"class_list":{"0":"post-134539","1":"product","2":"type-product","3":"status-publish","4":"has-post-thumbnail","6":"product_brand-fatcat","7":"product_cat-commercialisation-wordpress-plugins","8":"product_cat-plugins","9":"product_cat-wordpress-plugins","10":"product_tag-fatcat","11":"member-discount","12":"discount-restricted","14":"first","15":"instock","16":"sale","17":"downloadable","18":"virtual","19":"sold-individually","20":"purchasable","21":"product-type-simple"},"_links":{"self":[{"href":"https:\/\/gpl-love.com\/fr\/wp-json\/wp\/v2\/product\/134539","targetHints":{"allow":["GET"]}}],"collection":[{"href":"https:\/\/gpl-love.com\/fr\/wp-json\/wp\/v2\/product"}],"about":[{"href":"https:\/\/gpl-love.com\/fr\/wp-json\/wp\/v2\/types\/product"}],"replies":[{"embeddable":true,"href":"https:\/\/gpl-love.com\/fr\/wp-json\/wp\/v2\/comments?post=134539"}],"wp:featuredmedia":[{"embeddable":true,"href":"https:\/\/gpl-love.com\/fr\/wp-json\/wp\/v2\/media\/144986"}],"wp:attachment":[{"href":"https:\/\/gpl-love.com\/fr\/wp-json\/wp\/v2\/media?parent=134539"}],"wp:term":[{"taxonomy":"product_brand","embeddable":true,"href":"https:\/\/gpl-love.com\/fr\/wp-json\/wp\/v2\/product_brand?post=134539"},{"taxonomy":"product_cat","embeddable":true,"href":"https:\/\/gpl-love.com\/fr\/wp-json\/wp\/v2\/product_cat?post=134539"},{"taxonomy":"product_tag","embeddable":true,"href":"https:\/\/gpl-love.com\/fr\/wp-json\/wp\/v2\/product_tag?post=134539"}],"curies":[{"name":"wp","href":"https:\/\/api.w.org\/{rel}","templated":true}]}}