{"id":134535,"date":"2026-03-13T00:00:00","date_gmt":"2026-03-12T23:00:00","guid":{"rendered":"https:\/\/gpl-love.com\/fr\/produit\/piotnet-addons-for-elementor-pro\/"},"modified":"2026-04-10T18:36:34","modified_gmt":"2026-04-10T16:36:34","slug":"piotnet-addons-for-elementor-pro","status":"publish","type":"product","link":"https:\/\/gpl-love.com\/fr\/produit\/piotnet-addons-for-elementor-pro\/","title":{"rendered":"Piotnet Addons Pro For Elementor 7.1.70"},"content":{"rendered":"<h3>Piotnet Addons Pro For Elementor Traits<\/h3>\n<p>Piotnet Addons Pro for Elementor est un plugin exceptionnellement robuste et influent qui am\u00e9liore consid\u00e9rablement l&rsquo;exp\u00e9rience globale de cr\u00e9ation de sites Web lors de l&rsquo;utilisation d&rsquo;Elementor. En fait, ce plugin remarquable va au-del\u00e0 en incorporant une gamme impressionnante de plus de 50 \u00e9l\u00e9ments nouveaux dans Elementor, qui comprend des formes tr\u00e8s sophistiqu\u00e9es, des tables de prix m\u00e9ticuleusement con\u00e7ues, ainsi que des galeries d&rsquo;images visuellement \u00e9poustouflantes. Et si cela ne suffit pas, ce plugin ph\u00e9nom\u00e9nal est m\u00eame \u00e9quip\u00e9 d&rsquo;une vaste collection de mod\u00e8les et de blocs pr\u00e9-con\u00e7us qui peuvent \u00eatre personnalis\u00e9s sans effort pour s&rsquo;aligner parfaitement sur la marque de votre site Web. De plus, Piotnet Addons Pro poss\u00e8de \u00e9galement un assortiment de fonctionnalit\u00e9s incroyables, telles que la possibilit\u00e9 d&rsquo;impl\u00e9menter facilement les CSS et les contr\u00f4les r\u00e9actifs personnalis\u00e9s, garantissant ainsi que votre site Web semble absolument impeccable sur tout appareil sur lequel il est visualis\u00e9. Lorsque l&rsquo;on consid\u00e8re son interface remarquablement conviviale et ses options remarquablement polyvalentes, il devient clairement clair que Piotnet Addons Pro pour Elementor est un choix vraiment exceptionnel pour tout constructeur de sites Web exp\u00e9riment\u00e9 qui cherche ardemment \u00e0 \u00e9lever ses projets \u00e0 des hauteurs sans pr\u00e9c\u00e9dent.<\/p>\n<ul>\n<li>Addon puissant et flexible pour le constructeur de page Elementor<\/li>\n<li>\u00c9tend la fonctionnalit\u00e9 de Elementor avec plus de 100 nouveaux widgets<\/li>\n<li>Ajoute des fonctionnalit\u00e9s avanc\u00e9es comme des \u00e9l\u00e9ments collants, des m\u00e9ga menus et des formes avanc\u00e9es<\/li>\n<li>Livr\u00e9 avec des mod\u00e8les et des blocs pr\u00e9-con\u00e7us pour acc\u00e9l\u00e9rer votre processus de conception<\/li>\n<li>Interface glisser-d\u00e9poser intuitive pour une personnalisation facile<\/li>\n<li>Compatible avec tous les th\u00e8mes WordPress<\/li>\n<li>Mises \u00e0 jour r\u00e9guli\u00e8res et support client pour les am\u00e9liorations continues et l&rsquo;assistance de d\u00e9pannage<\/li>\n<li>Vous \u00e9vitez le temps et les efforts dans la construction et la conception de sites Web d&rsquo;aspect professionnel.<\/li>\n<\/ul>\n","protected":false},"excerpt":{"rendered":"<p>Piotnet Addons Pro pour Elementor, un plugin remarquablement puissant, amplifie efficacement la fonctionnalit\u00e9 du g\u00e9n\u00e9rateur de page Elementor acclam\u00e9. En incorporant cet addon exceptionnel dans votre \u00e9l\u00e9mentor, vous acc\u00e9dez \u00e0 un r\u00e9pertoire impressionnant de plus de 70 widgets dynamiques, augmentant ainsi exponentiellement votre productivit\u00e9 et lib\u00e9rant votre potentiel cr\u00e9atif illimit\u00e9 pour la cr\u00e9ation de conceptions \u00e9tonnantes. B\u00e9n\u00e9ficiant d&rsquo;une gamme d&rsquo;attributs de pointe allant d&rsquo;un g\u00e9n\u00e9rateur de formulaire avanc\u00e9 \u00e0 des int\u00e9grations transparentes, ce plugin englobe tous les \u00e9l\u00e9ments essentiels n\u00e9cessaires pour \u00e9lever la conception de votre site Web et les comp\u00e9tences de d\u00e9veloppement \u00e0 des hauteurs sans pr\u00e9c\u00e9dent. Avec son interface conviviale et ses fonctionnalit\u00e9s robustes, Piotnet Addons Pro pour Elementor \u00e9merge incontestablement comme un outil indispensable pour chaque d\u00e9veloppeur et concepteur Web exigeant.<\/p>\n","protected":false},"featured_media":144984,"comment_status":"open","ping_status":"open","template":"","meta":[],"product_brand":[2539],"product_cat":[1189,1181,1186],"product_tag":[1264],"class_list":{"0":"post-134535","1":"product","2":"type-product","3":"status-publish","4":"has-post-thumbnail","6":"product_brand-elementor","7":"product_cat-personnalisation","8":"product_cat-plugins","9":"product_cat-wordpress-plugins","10":"product_tag-elementor","11":"member-discount","12":"discount-restricted","14":"first","15":"instock","16":"sale","17":"downloadable","18":"virtual","19":"sold-individually","20":"purchasable","21":"product-type-simple"},"_links":{"self":[{"href":"https:\/\/gpl-love.com\/fr\/wp-json\/wp\/v2\/product\/134535","targetHints":{"allow":["GET"]}}],"collection":[{"href":"https:\/\/gpl-love.com\/fr\/wp-json\/wp\/v2\/product"}],"about":[{"href":"https:\/\/gpl-love.com\/fr\/wp-json\/wp\/v2\/types\/product"}],"replies":[{"embeddable":true,"href":"https:\/\/gpl-love.com\/fr\/wp-json\/wp\/v2\/comments?post=134535"}],"wp:featuredmedia":[{"embeddable":true,"href":"https:\/\/gpl-love.com\/fr\/wp-json\/wp\/v2\/media\/144984"}],"wp:attachment":[{"href":"https:\/\/gpl-love.com\/fr\/wp-json\/wp\/v2\/media?parent=134535"}],"wp:term":[{"taxonomy":"product_brand","embeddable":true,"href":"https:\/\/gpl-love.com\/fr\/wp-json\/wp\/v2\/product_brand?post=134535"},{"taxonomy":"product_cat","embeddable":true,"href":"https:\/\/gpl-love.com\/fr\/wp-json\/wp\/v2\/product_cat?post=134535"},{"taxonomy":"product_tag","embeddable":true,"href":"https:\/\/gpl-love.com\/fr\/wp-json\/wp\/v2\/product_tag?post=134535"}],"curies":[{"name":"wp","href":"https:\/\/api.w.org\/{rel}","templated":true}]}}