{"id":134533,"date":"2025-06-30T00:00:00","date_gmt":"2025-06-29T22:00:00","guid":{"rendered":"https:\/\/gpl-love.com\/fr\/produit\/phlox-pro-elementor-multipurpose-wordpress-theme\/"},"modified":"2026-04-10T18:36:25","modified_gmt":"2026-04-10T16:36:25","slug":"phlox-pro-elementor-multipurpose-wordpress-theme","status":"publish","type":"product","link":"https:\/\/gpl-love.com\/fr\/produit\/phlox-pro-elementor-multipurpose-wordpress-theme\/","title":{"rendered":"Phlox Pro Elementor MultiPurpose WordPress Theme 5.17.6"},"content":{"rendered":"<h3>Phlox Pro Elementor MultiPurpose WordPress Theme Traits<\/h3>\n<p>Le th\u00e8me WordPress polyvalent Phlox Pro Elementor est une solution incroyablement compl\u00e8te qui se pr\u00e9sente comme un choix id\u00e9al pour les personnes cherchant \u00e0 construire et \u00e0 concevoir des sites Web. Ce th\u00e8me est \u00e9quip\u00e9 d&rsquo;un constructeur de pages glisser-d\u00e9poser remarquablement convivial, qui permet aux utilisateurs de fabriquer sans effort des pages et des sites Web captivants visuellement, le tout en l&rsquo;absence de toute expertise de codage pr\u00e9alable. De plus, ce th\u00e8me s&rsquo;accompagne d&rsquo;un \u00e9ventail \u00e9tendu de plus de 30 d\u00e9monstrations de site Web compl\u00e8tes qui servent une excellente base pour lancer la cr\u00e9ation de son propre site Web personnel. De plus, il poss\u00e8de une vaste s\u00e9lection de plus de 90 widgets Elementor, ce qui favorise la gamme de possibilit\u00e9s de conception disponibles pour les utilisateurs. Incontestablement, ce th\u00e8me excelle dans sa capacit\u00e9 \u00e0 optimiser \u00e0 la fois la vitesse et les performances, garantissant ainsi que les visiteurs du site Web connaissent des temps de chargement remarquablement rapides. Au total, le th\u00e8me WordPress multipurpose Phlox Pro Elementor est un outil ind\u00e9niablement polyvalent et puissant qui permet aux individus de cr\u00e9er des sites Web qui sont \u00e0 la fois esth\u00e9tique et tr\u00e8s fonctionnel.<\/p>\n<ul>\n<li>Un th\u00e8me WordPress polyvalent et facile \u00e0 utiliser adapt\u00e9 \u00e0 une vari\u00e9t\u00e9 de sites Web et d&rsquo;applications<\/li>\n<li>Construit \u00e0 l&rsquo;aide du constructeur de page Elementor pour une personnalisation facile et une flexibilit\u00e9 de conception<\/li>\n<li>Comprend un design moderne avec diverses dispositions pr\u00e9d\u00e9finies pour la page d&rsquo;accueil, le portefeuille, le blog, et plus encore<\/li>\n<li>Enti\u00e8rement r\u00e9actif, assurer une exp\u00e9rience utilisateur transparent sur tous les appareils et tailles d&rsquo;\u00e9cran<\/li>\n<li>Int\u00e9gration avec des plugins WordPress populaires, y compris WooCommerce pour la fonctionnalit\u00e9 de commerce \u00e9lectronique et le formulaire de contact 7 pour les formulaires personnalisables<\/li>\n<li>Caract\u00e9ristiques d&rsquo;optimisation des performances int\u00e9gr\u00e9es, y compris le chargement paresseux et la minification des actifs pour des temps de chargement plus rapides<\/li>\n<li>Documentation approfondie et didacticiels vid\u00e9o pour guider les utilisateurs \u00e0 travers le processus de configuration et de personnalisation<\/li>\n<li>Mises \u00e0 jour r\u00e9guli\u00e8res et correctifs de bogues pour assurer la compatibilit\u00e9 avec les derni\u00e8res versions WordPress et les normes de s\u00e9curit\u00e9<\/li>\n<li>\u00c9quipe de support client d\u00e9di\u00e9e pour r\u00e9pondre \u00e0 toutes les questions ou probl\u00e8mes qui peuvent survenir.<\/li>\n<\/ul>\n","protected":false},"excerpt":{"rendered":"<p>Le th\u00e8me WordPress polyvalent Phlox Pro Elementor est un th\u00e8me incroyablement polyvalent et dynamiquement robuste qui r\u00e9pond \u00e0 une pl\u00e9thore de besoins variables du site Web, offrant une solution compl\u00e8te et globale. Avec son constructeur de pages \u00e9l\u00e9mentor tr\u00e8s avanc\u00e9 et de pointe, associ\u00e9 \u00e0 une vaste gamme d&rsquo;options de personnalisation puissantes, ce th\u00e8me vous accorde la capacit\u00e9 de r\u00e9diger sans effort et efficacement des sites Web visuellement \u00e9tonnants et tr\u00e8s r\u00e9actifs dans une fraction de l&rsquo;\u00e9poque. En outre, l&rsquo;inclusion de nombreuses d\u00e9mos et mod\u00e8les pr\u00e9d\u00e9finis dans le th\u00e8me facilite une initiation acc\u00e9l\u00e9r\u00e9e et rationalis\u00e9e du processus de conception de votre site Web. Que vous vous retrouviez \u00e0 se lancer dans la cr\u00e9ation d&rsquo;un blog captivant et engageant, un magasin de commerce \u00e9lectronique innovant et riche en fonctionnalit\u00e9s ou un site Web professionnel et poli, Resurez-vous, le th\u00e8me WordPress multipurpose Phlox Pro Elementor est la quintessence d&rsquo;un choix impeccable.<\/p>\n","protected":false},"featured_media":144970,"comment_status":"open","ping_status":"open","template":"","meta":[],"product_brand":[2433],"product_cat":[1214,1212,1213],"product_tag":[1366],"class_list":{"0":"post-134533","1":"product","2":"type-product","3":"status-publish","4":"has-post-thumbnail","6":"product_brand-themeforest","7":"product_cat-polyvalent","8":"product_cat-themes","9":"product_cat-wordpress-themes","10":"product_tag-themeforest","11":"member-discount","12":"discount-restricted","14":"first","15":"instock","16":"sale","17":"downloadable","18":"virtual","19":"sold-individually","20":"purchasable","21":"product-type-simple"},"_links":{"self":[{"href":"https:\/\/gpl-love.com\/fr\/wp-json\/wp\/v2\/product\/134533","targetHints":{"allow":["GET"]}}],"collection":[{"href":"https:\/\/gpl-love.com\/fr\/wp-json\/wp\/v2\/product"}],"about":[{"href":"https:\/\/gpl-love.com\/fr\/wp-json\/wp\/v2\/types\/product"}],"replies":[{"embeddable":true,"href":"https:\/\/gpl-love.com\/fr\/wp-json\/wp\/v2\/comments?post=134533"}],"wp:featuredmedia":[{"embeddable":true,"href":"https:\/\/gpl-love.com\/fr\/wp-json\/wp\/v2\/media\/144970"}],"wp:attachment":[{"href":"https:\/\/gpl-love.com\/fr\/wp-json\/wp\/v2\/media?parent=134533"}],"wp:term":[{"taxonomy":"product_brand","embeddable":true,"href":"https:\/\/gpl-love.com\/fr\/wp-json\/wp\/v2\/product_brand?post=134533"},{"taxonomy":"product_cat","embeddable":true,"href":"https:\/\/gpl-love.com\/fr\/wp-json\/wp\/v2\/product_cat?post=134533"},{"taxonomy":"product_tag","embeddable":true,"href":"https:\/\/gpl-love.com\/fr\/wp-json\/wp\/v2\/product_tag?post=134533"}],"curies":[{"name":"wp","href":"https:\/\/api.w.org\/{rel}","templated":true}]}}