{"id":134529,"date":"2026-01-04T00:00:00","date_gmt":"2026-01-03T23:00:00","guid":{"rendered":"https:\/\/gpl-love.com\/fr\/produit\/oxygen-the-ultimate-visual-website-builder\/"},"modified":"2026-04-10T18:35:33","modified_gmt":"2026-04-10T16:35:33","slug":"oxygen-the-ultimate-visual-website-builder","status":"publish","type":"product","link":"https:\/\/gpl-love.com\/fr\/produit\/oxygen-the-ultimate-visual-website-builder\/","title":{"rendered":"Oxygen The Ultimate Visual Website Builder 4.9.5"},"content":{"rendered":"<h3>Oxygen The Ultimate Visual Website Builder Traits<\/h3>\n<p>L&rsquo;oxyg\u00e8ne, salu\u00e9 comme le constructeur de sites Web visuels ultime, est un instrument extr\u00eamement puissant qui donne aux utilisateurs la possibilit\u00e9 de fabriquer des sites Web impressionnants avec une facilit\u00e9 insondable. Son interface de glisser-d\u00e9poser incroyablement intuitive permet aux utilisateurs de concevoir et d&rsquo;adapter m\u00e9ticuleusement chaque facette de leur site, englobant mais sans s&rsquo;y limiter, la mise en page, le sch\u00e9ma de couleurs, la typographie et les images. L&rsquo;oxyg\u00e8ne pr\u00e9sente g\u00e9n\u00e9reusement un \u00e9ventail \u00e9tendu de mod\u00e8les pr\u00e9existants et d&rsquo;\u00e9l\u00e9ments de conception, acc\u00e9l\u00e9rant efficacement le d\u00e9but du processus de construction du site Web, et sa conception r\u00e9active dynamique garantit que les sites r\u00e9sultants rayonnent de magnificence sur tous les dispositifs imaginables. En outre, l&rsquo;oxyg\u00e8ne d\u00e9gage une aura de polyvalence, gr\u00e2ce \u00e0 son code immacul\u00e9 et \u00e0 son incorporation de plugins tr\u00e8s recherch\u00e9s tels que WooCommerce et Google Analytics, ce qui en fait un choix optimal pour les entreprises et les individus. Que l&rsquo;on poss\u00e8de l&rsquo;expertise raffin\u00e9e d&rsquo;un concepteur de sites Web chevronn\u00e9 ou que l&rsquo;on se trouve aux stades naissants de leur parcours cr\u00e9atif, l&rsquo;oxyg\u00e8ne reste in\u00e9branlable dans sa fourniture d&rsquo;une plate-forme conviviale qui garantit la construction rapide de sites Web de qualit\u00e9 professionnelle.<\/p>\n<ul>\n<li>Oxygen est un puissant constructeur de sites Web qui vous aide \u00e0 cr\u00e9er des sites Web \u00e9poustouflants rapidement et facilement.<\/li>\n<li>Avec l&rsquo;oxyg\u00e8ne, vous pouvez concevoir votre site Web visuellement et voir vos changements en temps r\u00e9el, sans aucune connaissance de codage requise.<\/li>\n<li>L&rsquo;oxyg\u00e8ne est livr\u00e9 avec une gamme de mod\u00e8les et de blocs pr\u00e9-con\u00e7us, afin que vous puissiez commencer imm\u00e9diatement avec votre site Web.<\/li>\n<li>Vous pouvez personnaliser tous les aspects de votre site Web \u00e0 l&rsquo;aide de l&rsquo;\u00e9diteur visuel intuitif d&rsquo;Oxygen &#8211; des polices et des couleurs \u00e0 la mise en page et \u00e0 la navigation.<\/li>\n<li>L&rsquo;oxyg\u00e8ne est convivial, donc votre site Web se classera bien dans les moteurs de recherche et attirera plus de visiteurs.<\/li>\n<li>Avec les fonctionnalit\u00e9s avanc\u00e9es d&rsquo;Oxygen comme le contenu dynamique et l&rsquo;int\u00e9gration avec les plugins WordPress populaires, vous pouvez cr\u00e9er un site Web plus engageant et interactif.<\/li>\n<li>L&rsquo;oxyg\u00e8ne est rapide et l\u00e9ger, donc votre site Web se chargera rapidement et offrira une excellente exp\u00e9rience utilisateur \u00e0 vos visiteurs.<\/li>\n<li>Oxygen offre \u00e9galement un excellent soutien et un forum communautaire, afin que vous puissiez obtenir de l&rsquo;aide et des conseils d&rsquo;autres utilisateurs et experts.<\/li>\n<\/ul>\n","protected":false},"excerpt":{"rendered":"<p>L&rsquo;oxyg\u00e8ne d&rsquo;entr\u00e9e est un constructeur de sites Web r\u00e9volutionnaire qui offre aux individus la possibilit\u00e9 de concevoir des sites Web visuellement frappants et hautement professionnels en quelques minutes. Gr\u00e2ce \u00e0 son interface de glisser-d\u00e9brassement conviviale, une gamme compl\u00e8te d&rsquo;outils de conception et des capacit\u00e9s avanc\u00e9es de d\u00e9veloppement Web, l&rsquo;oxyg\u00e8ne d&rsquo;entr\u00e9e simplifie le processus de construction de sites Web personnalis\u00e9s qui m\u00e9langent parfaitement l&rsquo;esth\u00e9tique avec les fonctionnalit\u00e9s. Cette plate-forme polyvalente accueille un large \u00e9ventail de projets Web, des blogs et portefeuilles simples aux sites de commerce \u00e9lectronique complexes et aux march\u00e9s en ligne, accordant ainsi aux utilisateurs la libert\u00e9 et l&rsquo;autorit\u00e9 pour actualiser leurs efforts sur le Web. Que l&rsquo;on poss\u00e8de une richesse d&rsquo;exp\u00e9rience dans la conception Web ou soit un nouveau venu dans le domaine du d\u00e9veloppement Web, l&rsquo;oxyg\u00e8ne d&rsquo;entr\u00e9e est la solution optimale pour mat\u00e9rialiser le site Web de ses aspirations.<\/p>\n","protected":false},"featured_media":144889,"comment_status":"open","ping_status":"open","template":"","meta":[],"product_brand":[2616],"product_cat":[1189,1181,1186],"product_tag":[1321],"class_list":{"0":"post-134529","1":"product","2":"type-product","3":"status-publish","4":"has-post-thumbnail","6":"product_brand-oxygen","7":"product_cat-personnalisation","8":"product_cat-plugins","9":"product_cat-wordpress-plugins","10":"product_tag-oxygen","11":"member-discount","12":"discount-restricted","14":"first","15":"instock","16":"sale","17":"downloadable","18":"virtual","19":"sold-individually","20":"purchasable","21":"product-type-simple"},"_links":{"self":[{"href":"https:\/\/gpl-love.com\/fr\/wp-json\/wp\/v2\/product\/134529","targetHints":{"allow":["GET"]}}],"collection":[{"href":"https:\/\/gpl-love.com\/fr\/wp-json\/wp\/v2\/product"}],"about":[{"href":"https:\/\/gpl-love.com\/fr\/wp-json\/wp\/v2\/types\/product"}],"replies":[{"embeddable":true,"href":"https:\/\/gpl-love.com\/fr\/wp-json\/wp\/v2\/comments?post=134529"}],"wp:featuredmedia":[{"embeddable":true,"href":"https:\/\/gpl-love.com\/fr\/wp-json\/wp\/v2\/media\/144889"}],"wp:attachment":[{"href":"https:\/\/gpl-love.com\/fr\/wp-json\/wp\/v2\/media?parent=134529"}],"wp:term":[{"taxonomy":"product_brand","embeddable":true,"href":"https:\/\/gpl-love.com\/fr\/wp-json\/wp\/v2\/product_brand?post=134529"},{"taxonomy":"product_cat","embeddable":true,"href":"https:\/\/gpl-love.com\/fr\/wp-json\/wp\/v2\/product_cat?post=134529"},{"taxonomy":"product_tag","embeddable":true,"href":"https:\/\/gpl-love.com\/fr\/wp-json\/wp\/v2\/product_tag?post=134529"}],"curies":[{"name":"wp","href":"https:\/\/api.w.org\/{rel}","templated":true}]}}