{"id":134527,"date":"2026-03-13T00:00:00","date_gmt":"2026-03-12T23:00:00","guid":{"rendered":"https:\/\/gpl-love.com\/fr\/produit\/openpos-woocommerce-point-of-sale-pos\/"},"modified":"2026-04-10T18:35:18","modified_gmt":"2026-04-10T16:35:18","slug":"openpos-woocommerce-point-of-sale-pos","status":"publish","type":"product","link":"https:\/\/gpl-love.com\/fr\/produit\/openpos-woocommerce-point-of-sale-pos\/","title":{"rendered":"Openpos WooCommerce Point Of Sale POS 8.3.0"},"content":{"rendered":"<h3>Openpos WooCommerce Point Of Sale POS Traits<\/h3>\n<p>OpenPOS est un plugin de point de vente WooCommerce exceptionnel (POS) qui s&rsquo;int\u00e8gre de mani\u00e8re transparente \u00e0 votre boutique en ligne, vous permettant ainsi de g\u00e9rer sans effort votre inventaire, vos clients et vos ventes \u00e0 partir d&rsquo;une seule plate-forme. En tirant parti de la puissance d&rsquo;OpenPO, vous avez la capacit\u00e9 remarquable de transformer votre magasin physique en un centre num\u00e9rique, vous permettant de rationaliser vos op\u00e9rations commerciales et d&rsquo;offrir une exp\u00e9rience d&rsquo;achat sans tracas \u00e0 vos clients estim\u00e9s.<\/p>\n<p>Ce plugin incroyable vous fournit une interface conviviale qui simplifie non seulement le syst\u00e8me POS pour vous mais aussi pour vos clients. De plus, il prend en charge plusieurs m\u00e9thodes de paiement et est enti\u00e8rement compatible avec un large \u00e9ventail d&rsquo;appareils, y compris les scanners de code-barres, les tiroirs en esp\u00e8ces et les imprimantes de r\u00e9ception. En cons\u00e9quence, vous pouvez optimiser votre processus de paiement et assurer des transactions lisses et efficaces.<\/p>\n<p>De plus, OpenPOS vous permet de personnaliser votre processus de paiement en fonction de vos exigences sp\u00e9cifiques, vous permettant de cr\u00e9er une exp\u00e9rience d&rsquo;achat transparente et personnalis\u00e9e pour vos clients. De plus, ce plugin vous permet de g\u00e9n\u00e9rer des rapports d\u00e9taill\u00e9s qui fournissent des informations pr\u00e9cieuses sur les performances de votre entreprise, vous permettant de prendre des d\u00e9cisions \u00e9clair\u00e9es et de stimuler la croissance.<\/p>\n<p>De plus, avec OpenPOS, vous avez le privil\u00e8ge de cr\u00e9er des profils de clients, qui peuvent \u00eatre utilis\u00e9s pour des campagnes de marketing cibl\u00e9es. En comprenant les pr\u00e9f\u00e9rences et les habitudes d&rsquo;achat de vos clients, vous pouvez adapter efficacement vos strat\u00e9gies de marketing et vos promotions pour r\u00e9pondre \u00e0 leurs besoins, am\u00e9liorant ainsi la satisfaction et la fid\u00e9lit\u00e9 des clients.<\/p>\n<p>En conclusion, OpenPOS est un outil essentiel pour toute entreprise qui cherche \u00e0 optimiser ses op\u00e9rations et \u00e0 fournir une exp\u00e9rience d&rsquo;achat exceptionnelle. Avec son int\u00e9gration transparente, son interface conviviale, sa prise en charge de plusieurs m\u00e9thodes de paiement et sa compatibilit\u00e9 avec divers appareils, ce plugin vous permet de g\u00e9rer efficacement votre inventaire, vos clients et vos ventes. En tirant parti de la puissance d&rsquo;OpenPO, vous pouvez rationaliser vos op\u00e9rations commerciales, g\u00e9n\u00e9rer des informations pr\u00e9cieuses et cr\u00e9er des campagnes de marketing personnalis\u00e9es, ce qui stimule finalement la croissance et le succ\u00e8s.<\/p>\n<ul>\n<li>OpenPOS est un point de vente puissant et intuitif pour votre boutique WooCommerce.<\/li>\n<li>Organisez vos ventes avec facilit\u00e9: OpenPOS vous aide \u00e0 g\u00e9rer les stocks, les remises, les taux d&rsquo;imposition, les m\u00e9thodes de paiement, etc.<\/li>\n<li>Dites au revoir \u00e0 la saisie de la commande manuelle: OpenPOS automatise le processus de paiement, r\u00e9duisant le risque d&rsquo;erreur humaine et lib\u00e9rant votre temps pour d&rsquo;autres t\u00e2ches.<\/li>\n<li>Obtenez des donn\u00e9es en temps r\u00e9el sur vos ventes: OpenPOS vous permet de suivre les revenus et de voir quels produits se vendent bien, afin que vous puissiez optimiser votre strat\u00e9gie commerciale.<\/li>\n<li>Am\u00e9liorer l&rsquo;exp\u00e9rience de paiement: OpenPOS vous permet d&rsquo;accepter une vari\u00e9t\u00e9 de m\u00e9thodes de paiement, y compris des cartes de cr\u00e9dit, des esp\u00e8ces et des portefeuilles \u00e9lectroniques, et peut m\u00eame g\u00e9rer les paiements et les remboursements fractionn\u00e9s.<\/li>\n<li>Personnalisez votre syst\u00e8me: OpenPOS propose une large gamme de param\u00e8tres et de plugins pour adapter le syst\u00e8me aux besoins de votre entreprise.<\/li>\n<li>Simplifiez votre flux de travail: OpenPOS est facile \u00e0 configurer et \u00e0 utiliser, afin que vous puissiez vous op\u00e9rer rapidement et en douceur.<\/li>\n<li>Fournir un service client de qualit\u00e9: OpenPOS vous permet de g\u00e9rer efficacement les commandes et les clients, et m\u00eame g\u00e9n\u00e9rer des re\u00e7us personnalis\u00e9s pour ajouter une touche personnelle.<\/li>\n<\/ul>\n","protected":false},"excerpt":{"rendered":"<p>OpenPOS, le syst\u00e8me de point de vente robuste et convivial (POS), a \u00e9t\u00e9 m\u00e9ticuleusement con\u00e7u pour r\u00e9pondre aux besoins uniques de WooCommerce. B\u00e9n\u00e9ficiant d&rsquo;une interface intuitive et d&rsquo;un \u00e9ventail de fonctionnalit\u00e9s de pointe, cet outil exceptionnel vous permet de superviser sans effort l&rsquo;inventaire de votre boutique, de remplir sans effort les commandes et de traiter de mani\u00e8re transparente les paiements, que vous mettiez en ligne votre entreprise en ligne ou dans un magasin physique. Non seulement OpenPOS propose des mod\u00e8les de r\u00e9ception personnalisables et des variations de produits, mais il fournit \u00e9galement un tableau de bord convivial qui simplifie la t\u00e2che de surveillance des donn\u00e9es de vente et des analyses. Offrez des adieux aux syst\u00e8mes de point de vente alambiqu\u00e9s et adoptez l&rsquo;efficacit\u00e9 et la fiabilit\u00e9 des OpenPO, la solution ultime qui r\u00e9pond \u00e0 tous vos besoins.<\/p>\n","protected":false},"featured_media":144868,"comment_status":"open","ping_status":"open","template":"","meta":[],"product_brand":[2435],"product_cat":[1182,1223,1181],"product_tag":[1231],"class_list":{"0":"post-134527","1":"product","2":"type-product","3":"status-publish","4":"has-post-thumbnail","6":"product_brand-codecanyon","7":"product_cat-commerce-electronique-plugins","8":"product_cat-personnalisation-commerce-electronique-plugins","9":"product_cat-plugins","10":"product_tag-codecanyon","11":"member-discount","12":"discount-restricted","14":"first","15":"instock","16":"sale","17":"downloadable","18":"virtual","19":"sold-individually","20":"purchasable","21":"product-type-simple"},"_links":{"self":[{"href":"https:\/\/gpl-love.com\/fr\/wp-json\/wp\/v2\/product\/134527","targetHints":{"allow":["GET"]}}],"collection":[{"href":"https:\/\/gpl-love.com\/fr\/wp-json\/wp\/v2\/product"}],"about":[{"href":"https:\/\/gpl-love.com\/fr\/wp-json\/wp\/v2\/types\/product"}],"replies":[{"embeddable":true,"href":"https:\/\/gpl-love.com\/fr\/wp-json\/wp\/v2\/comments?post=134527"}],"wp:featuredmedia":[{"embeddable":true,"href":"https:\/\/gpl-love.com\/fr\/wp-json\/wp\/v2\/media\/144868"}],"wp:attachment":[{"href":"https:\/\/gpl-love.com\/fr\/wp-json\/wp\/v2\/media?parent=134527"}],"wp:term":[{"taxonomy":"product_brand","embeddable":true,"href":"https:\/\/gpl-love.com\/fr\/wp-json\/wp\/v2\/product_brand?post=134527"},{"taxonomy":"product_cat","embeddable":true,"href":"https:\/\/gpl-love.com\/fr\/wp-json\/wp\/v2\/product_cat?post=134527"},{"taxonomy":"product_tag","embeddable":true,"href":"https:\/\/gpl-love.com\/fr\/wp-json\/wp\/v2\/product_tag?post=134527"}],"curies":[{"name":"wp","href":"https:\/\/api.w.org\/{rel}","templated":true}]}}