{"id":134525,"date":"2025-11-14T00:00:00","date_gmt":"2025-11-13T23:00:00","guid":{"rendered":"https:\/\/gpl-love.com\/fr\/produit\/onum-seo-marketing-elementor-wordpress-theme\/"},"modified":"2026-04-05T12:30:28","modified_gmt":"2026-04-05T10:30:28","slug":"onum-seo-marketing-elementor-wordpress-theme","status":"publish","type":"product","link":"https:\/\/gpl-love.com\/fr\/produit\/onum-seo-marketing-elementor-wordpress-theme\/","title":{"rendered":"Onum SEO et Marketing Elementor WordPress Theme 1.2.16.18"},"content":{"rendered":"<h3>Onum SEO et Marketing Elementor WordPress Theme Traits<\/h3>\n<p>Le th\u00e8me ONUM SEO et \u00e9l\u00e9mentor marketing WordPress, un outil robuste et flexible, a \u00e9t\u00e9 con\u00e7u de mani\u00e8re experte au profit des sp\u00e9cialistes du marketing num\u00e9rique, des sp\u00e9cialistes du r\u00e9f\u00e9rencement et des entrepreneurs en ligne. Son interface est non seulement intuitive mais \u00e9galement conviviale, permettant aux utilisateurs de concevoir sans effort des sites Web exquis qui sont non seulement optimis\u00e9s pour les moteurs de recherche mais \u00e9galement adapt\u00e9s \u00e0 la g\u00e9n\u00e9ration de conversions. ONUM poss\u00e8de une gamme de fonctionnalit\u00e9s avanc\u00e9es, telles que des widgets personnalis\u00e9s, des mod\u00e8les pr\u00e9d\u00e9finis et une int\u00e9gration transparente avec des plugins tr\u00e8s aftants comme Yoast SEO et WooCommerce. De plus, il offre une vaste gamme de dispositions de d\u00e9monstration, servant de ressource pr\u00e9cieuse pour aider les utilisateurs \u00e0 se lancer dans leur parcours en ligne avec facilit\u00e9 et efficacit\u00e9. Que vous construisiez un blog personnel ou un site Web d&rsquo;entreprise professionnelle, ONUM fournit tous les outils et ressources n\u00e9cessaires pour assurer votre r\u00e9ussite en ligne.<\/p>\n<ul>\n<li>Design personnalisable et convivial<\/li>\n<li>Outils marketing int\u00e9gr\u00e9s<\/li>\n<li>Importation de d\u00e9monstration en un clic<\/li>\n<li>Builder de page glisser-d\u00e9poser<\/li>\n<li>Disposition r\u00e9active pour les appareils mobiles<\/li>\n<li>Int\u00e9gration du commerce \u00e9lectronique<\/li>\n<li>Grande biblioth\u00e8que de widgets et modules<\/li>\n<li>Vitesse de chargement rapide<\/li>\n<li>Documentation et soutien approfondis<\/li>\n<li>Mises \u00e0 jour r\u00e9guli\u00e8res et am\u00e9liorations<\/li>\n<\/ul>\n","protected":false},"excerpt":{"rendered":"<p>Le th\u00e8me ONUM SEO et MARKETING Elementor WordPress est un th\u00e8me incroyablement puissant et extr\u00eamement riche en fonctionnalit\u00e9s qui a \u00e9t\u00e9 con\u00e7u de mani\u00e8re experte pour les entreprises cherchant \u00e0 am\u00e9liorer leur visibilit\u00e9 en ligne au moyen de strat\u00e9gies de marketing et de r\u00e9f\u00e9rencement tr\u00e8s efficaces. B\u00e9n\u00e9ficiant d&rsquo;un design \u00e9l\u00e9gant et contemporain, ce th\u00e8me offre une vaste gamme d&rsquo;options de personnalisation, vous permettant ainsi de fa\u00e7onner un site Web distinctif et captivant qui incarne parfaitement votre identit\u00e9 de marque. En conjonction avec ses fonctionnalit\u00e9s de r\u00e9f\u00e9rencement avanc\u00e9es, le th\u00e8me s&rsquo;int\u00e8gre harmonieusement \u00e0 Elementor, un plugin Builder de page largement acclam\u00e9 qui facilite la cr\u00e9ation transparente de pages \u00e9tonnamment belles en quelques minutes. Que vous soyez une entreprise \u00e0 petite \u00e9chelle ou une entreprise \u00e0 grande \u00e9chelle, le th\u00e8me ONUM repr\u00e9sente la solution optimale pour amplifier votre pr\u00e9sence en ligne et augmenter votre capacit\u00e9 \u00e0 g\u00e9n\u00e9rer une abondance de prospects et de revenus.<\/p>\n","protected":false},"featured_media":144867,"comment_status":"open","ping_status":"open","template":"","meta":[],"product_brand":[2433],"product_cat":[1516,1212,1213],"product_tag":[1366],"class_list":{"0":"post-134525","1":"product","2":"type-product","3":"status-publish","4":"has-post-thumbnail","6":"product_brand-themeforest","7":"product_cat-entreprise","8":"product_cat-themes","9":"product_cat-wordpress-themes","10":"product_tag-themeforest","11":"member-discount","12":"discount-restricted","14":"first","15":"instock","16":"sale","17":"downloadable","18":"virtual","19":"sold-individually","20":"purchasable","21":"product-type-simple"},"_links":{"self":[{"href":"https:\/\/gpl-love.com\/fr\/wp-json\/wp\/v2\/product\/134525","targetHints":{"allow":["GET"]}}],"collection":[{"href":"https:\/\/gpl-love.com\/fr\/wp-json\/wp\/v2\/product"}],"about":[{"href":"https:\/\/gpl-love.com\/fr\/wp-json\/wp\/v2\/types\/product"}],"replies":[{"embeddable":true,"href":"https:\/\/gpl-love.com\/fr\/wp-json\/wp\/v2\/comments?post=134525"}],"wp:featuredmedia":[{"embeddable":true,"href":"https:\/\/gpl-love.com\/fr\/wp-json\/wp\/v2\/media\/144867"}],"wp:attachment":[{"href":"https:\/\/gpl-love.com\/fr\/wp-json\/wp\/v2\/media?parent=134525"}],"wp:term":[{"taxonomy":"product_brand","embeddable":true,"href":"https:\/\/gpl-love.com\/fr\/wp-json\/wp\/v2\/product_brand?post=134525"},{"taxonomy":"product_cat","embeddable":true,"href":"https:\/\/gpl-love.com\/fr\/wp-json\/wp\/v2\/product_cat?post=134525"},{"taxonomy":"product_tag","embeddable":true,"href":"https:\/\/gpl-love.com\/fr\/wp-json\/wp\/v2\/product_tag?post=134525"}],"curies":[{"name":"wp","href":"https:\/\/api.w.org\/{rel}","templated":true}]}}