{"id":134523,"date":"2025-03-25T00:00:00","date_gmt":"2025-03-24T23:00:00","guid":{"rendered":"https:\/\/gpl-love.com\/fr\/produit\/olam-wordpress-easy-digital-downloads-theme-digital-marketplace-bookings\/"},"modified":"2026-04-10T18:35:12","modified_gmt":"2026-04-10T16:35:12","slug":"olam-wordpress-easy-digital-downloads-theme-digital-marketplace-bookings","status":"publish","type":"product","link":"https:\/\/gpl-love.com\/fr\/produit\/olam-wordpress-easy-digital-downloads-theme-digital-marketplace-bookings\/","title":{"rendered":"Olam WordPress Easy Digital Downloads Theme, Digital Marketplace, Bookings 5.3.1"},"content":{"rendered":"<h3>Olam WordPress Easy Digital Downloads Theme, Digital Marketplace, Bookings Traits<\/h3>\n<p>Le th\u00e8me Olam WordPress Easy Digital Downloads se pr\u00e9sente comme un outil complet et polyvalent qui est particuli\u00e8rement bien adapt\u00e9 aux personnes cherchant \u00e0 \u00e9tablir un march\u00e9 num\u00e9rique en ligne florissant. En utilisant ce th\u00e8me, les utilisateurs ont la possibilit\u00e9 d&rsquo;\u00e9tablir sans effort une plate-forme qui facilite la vente d&rsquo;un large \u00e9ventail de produits num\u00e9riques, englobant des livres \u00e9lectroniques, des logiciels, de la musique et un assortiment d&rsquo;autres offres. De plus, en plus de ses fonctionnalit\u00e9s de base, ce th\u00e8me int\u00e8gre \u00e9galement une fonctionnalit\u00e9 de r\u00e9servations, ce qui permet aux utilisateurs de s&rsquo;adapter facilement aux r\u00e9servations en ligne \u00e0 une pl\u00e9thore de fins, couvrant des rendez-vous, des locations et des \u00e9v\u00e9nements. Affichant une interface intuitivement navigable, les utilisateurs peuvent facilement adapter leur site Web pour s&rsquo;aligner sur leurs sp\u00e9cifications uniques tout en capitalisant simultan\u00e9ment sur la vaste suite de fonctionnalit\u00e9s que le th\u00e8me Olam a \u00e0 offrir. Que l&rsquo;on s&rsquo;identifie comme un blogueur ou un entrepreneur, le th\u00e8me Olam WordPress Easy Digital Downloads appara\u00eet comme une solution exemplaire pour les personnes cherchant \u00e0 cultiver une entreprise en ligne florissante.<\/p>\n<ul>\n<li>Th\u00e8me WordPress convivial con\u00e7u pour les march\u00e9s et r\u00e9servations num\u00e9riques<\/li>\n<li>Prend en charge le plugin de t\u00e9l\u00e9chargements num\u00e9riques faciles pour des transactions num\u00e9riques simples et s\u00e9curis\u00e9es<\/li>\n<li>Options de conception flexibles pour personnaliser l&rsquo;apparence de votre site Web<\/li>\n<li>Multipliers de page d&rsquo;accueil pour pr\u00e9senter des produits et services<\/li>\n<li>Compatible avec les principaux navigateurs et appareils mobiles pour une exp\u00e9rience utilisateur sans couture<\/li>\n<li>Outil de recherche puissant pour trouver des produits ou des services sp\u00e9cifiques<\/li>\n<li>Int\u00e9gration facile avec les passerelles de paiement populaires pour les transactions en douceur<\/li>\n<li>Caract\u00e9ristiques suppl\u00e9mentaires pour la gestion des r\u00e9servations, y compris la vue du calendrier et la planification des rendez-vous<\/li>\n<li>Syst\u00e8me d&rsquo;examen int\u00e9gr\u00e9 pour que les clients partagent leurs commentaires et leurs notes<\/li>\n<li>Documentation compl\u00e8te et prise en charge pour une configuration et une personnalisation faciles.<\/li>\n<\/ul>\n","protected":false},"excerpt":{"rendered":"<p>Le th\u00e8me Olam WordPress se pr\u00e9sente comme la r\u00e9solution par excellence pour les individus aspirant \u00e0 \u00e9tablir un march\u00e9 num\u00e9rique sans tracas. Il poss\u00e8de une conception \u00e9l\u00e9gamment rationalis\u00e9e coupl\u00e9e \u00e0 une interface intuitive qui permet la cr\u00e9ation d&rsquo;une exp\u00e9rience sans couture immersive pour votre client\u00e8le estim\u00e9e lorsqu&rsquo;ils parviennent et se procurent votre \u00e9ventail de produits m\u00e9ticuleusement organis\u00e9s. De plus, sa remarquable fonctionnalit\u00e9 de r\u00e9servation int\u00e9gr\u00e9e vous permet en outre d&rsquo;administrer sans effort des rendez-vous et des r\u00e9servations pour la multitude de services que vous offrez. En substance, ce th\u00e8me exceptionnel incarne l&rsquo;instrument Paramount pour ceux qui d\u00e9sirent propulser leur entreprise num\u00e9rique \u00e0 des hauteurs in\u00e9gal\u00e9es.<\/p>\n","protected":false},"featured_media":144857,"comment_status":"open","ping_status":"open","template":"","meta":[],"product_brand":[2433],"product_cat":[1516,1212,1213],"product_tag":[1366],"class_list":{"0":"post-134523","1":"product","2":"type-product","3":"status-publish","4":"has-post-thumbnail","6":"product_brand-themeforest","7":"product_cat-entreprise","8":"product_cat-themes","9":"product_cat-wordpress-themes","10":"product_tag-themeforest","11":"member-discount","12":"discount-restricted","14":"first","15":"instock","16":"sale","17":"downloadable","18":"virtual","19":"sold-individually","20":"purchasable","21":"product-type-simple"},"_links":{"self":[{"href":"https:\/\/gpl-love.com\/fr\/wp-json\/wp\/v2\/product\/134523","targetHints":{"allow":["GET"]}}],"collection":[{"href":"https:\/\/gpl-love.com\/fr\/wp-json\/wp\/v2\/product"}],"about":[{"href":"https:\/\/gpl-love.com\/fr\/wp-json\/wp\/v2\/types\/product"}],"replies":[{"embeddable":true,"href":"https:\/\/gpl-love.com\/fr\/wp-json\/wp\/v2\/comments?post=134523"}],"wp:featuredmedia":[{"embeddable":true,"href":"https:\/\/gpl-love.com\/fr\/wp-json\/wp\/v2\/media\/144857"}],"wp:attachment":[{"href":"https:\/\/gpl-love.com\/fr\/wp-json\/wp\/v2\/media?parent=134523"}],"wp:term":[{"taxonomy":"product_brand","embeddable":true,"href":"https:\/\/gpl-love.com\/fr\/wp-json\/wp\/v2\/product_brand?post=134523"},{"taxonomy":"product_cat","embeddable":true,"href":"https:\/\/gpl-love.com\/fr\/wp-json\/wp\/v2\/product_cat?post=134523"},{"taxonomy":"product_tag","embeddable":true,"href":"https:\/\/gpl-love.com\/fr\/wp-json\/wp\/v2\/product_tag?post=134523"}],"curies":[{"name":"wp","href":"https:\/\/api.w.org\/{rel}","templated":true}]}}