{"id":134521,"date":"2025-05-21T00:00:00","date_gmt":"2025-05-20T22:00:00","guid":{"rendered":"https:\/\/gpl-love.com\/fr\/produit\/oceanwp-woo-popup\/"},"modified":"2026-04-10T18:35:09","modified_gmt":"2026-04-10T16:35:09","slug":"oceanwp-woo-popup","status":"publish","type":"product","link":"https:\/\/gpl-love.com\/fr\/produit\/oceanwp-woo-popup\/","title":{"rendered":"OceanWP Woo Popup 2.1.1"},"content":{"rendered":"<h3>OceanWP Woo Popup Traits<\/h3>\n<p>OceanWP Woo Popup est un outil extr\u00eamement robuste et puissant con\u00e7u pour r\u00e9pondre exclusivement aux besoins des magasins en ligne construits sur la plate-forme WooCommerce. Ce plugin int\u00e8gre effectivement une fonction popup hautement personnalisable dans votre magasin, vous permettant ainsi d&rsquo;augmenter consid\u00e9rablement vos taux de conversion en pr\u00e9sentant sans effort une pl\u00e9thore d&rsquo;offres, promotions et remises attrayantes \u00e0 vos pr\u00e9cieux clients. Gr\u00e2ce \u00e0 son interface remarquablement conviviale et \u00e0 ses param\u00e8tres de mani\u00e8re transparente, vous avez la capacit\u00e9 sans pr\u00e9c\u00e9dent \u00e0 cr\u00e9er m\u00e9ticuleusement et \u00e0 la mode artistique qui se m\u00e9langent harmonieusement avec l&rsquo;esth\u00e9tique unique et l&rsquo;ambiance globale de votre magasin. De plus, vous poss\u00e9dez la libert\u00e9 de d\u00e9terminer m\u00e9ticuleusement le calendrier id\u00e9al et le placement strat\u00e9gique pour l&rsquo;exposition de ces popups captivants, ciblent efficacement des cohortes distinctes de clients ou de groupes de visiteurs, et de surveiller avec diligence l&rsquo;efficacit\u00e9 quantifiable et les performances tangibles de vos campagnes m\u00e9ticuleusement con\u00e7ues par l&#8217;emploi des donn\u00e9es statistiques en temps r\u00e9el. In essence, OceanWP Woo Popup unquestionably emerges as an indispensable and indubitably requisite plugin for any astute and discerning individual who is the proud proprietor of a flourishing WooCommerce store, as it unequivocally empowers you to substantially foster and propel the lucrativeness of your sales endeavors, while \u00e9lever et enrichir simultan\u00e9ment l&rsquo;exp\u00e9rience d&rsquo;achat globale de votre client\u00e8le estim\u00e9e.<\/p>\n<ul>\n<li>Un plugin pour les sites Web WordPress et WooCommerce qui affiche une fen\u00eatre contextuelle personnalisable<\/li>\n<li>La fen\u00eatre contextuelle peut appara\u00eetre apr\u00e8s un certain temps ou lorsqu&rsquo;un utilisateur tente de quitter le site<\/li>\n<li>Peut \u00eatre utilis\u00e9 pour promouvoir une offre sp\u00e9ciale, rassembler des abonn\u00e9s de courrier \u00e9lectronique ou afficher des informations importantes<\/li>\n<li>Compatible avec le th\u00e8me OceanWP et d&rsquo;autres th\u00e8mes qui utilisent le plugin WooCommerce<\/li>\n<li>Facile \u00e0 utiliser et \u00e0 personnaliser avec un \u00e9diteur de glisser-d\u00e9poser et plusieurs options de conception<\/li>\n<li>Offre la possibilit\u00e9 de d\u00e9finir des r\u00e8gles d&rsquo;affichage bas\u00e9es sur le comportement des utilisateurs, telles que le fait de montrer uniquement aux visiteurs pour la premi\u00e8re fois ou \u00e0 ceux qui ont pass\u00e9 un certain temps sur le site<\/li>\n<li>La conception r\u00e9active garantit que la fen\u00eatre contextuelle a fi\u00e8re allure sur tous les appareils<\/li>\n<li>Prend en charge plusieurs langues pour r\u00e9pondre \u00e0 un public international<\/li>\n<li>Livr\u00e9 avec une plate-forme d&rsquo;analyse int\u00e9gr\u00e9e pour suivre le nombre de fois que la fen\u00eatre contextuelle a \u00e9t\u00e9 affich\u00e9e et les conversions.<\/li>\n<\/ul>\n","protected":false},"excerpt":{"rendered":"<p>OceanWP Woo Popup, un plugin WordPress robuste et multiforme, a \u00e9t\u00e9 m\u00e9ticuleusement con\u00e7u pour servir de catalyseur pour \u00e9lever les taux de conversion des fournisseurs en ligne. En exploitant les capacit\u00e9s de cet outil, les commer\u00e7ants peuvent sans effort captiver les popups qui non seulement pr\u00e9sentent leurs offres, mais aussi mettre l&rsquo;accent sur les accords exclusifs, favoriser la b\u00e9n\u00e9diction des newsletters et s&rsquo;\u00e9tendre au-del\u00e0 des limites conventionnelles pour englober une pl\u00e9thore de fonctionnalit\u00e9s suppl\u00e9mentaires. Quelle que soit l&rsquo;\u00e9chelle de votre entreprise de commerce \u00e9lectronique, que ce soit une boutique modeste ou un vaste emporium virtuel, assurez-vous que OceanWP Woo Popup s&rsquo;av\u00e9rera \u00eatre la panac\u00e9e par excellence pour augmenter vos chiffres de vente et propulser la trajectoire de croissance de votre \u00e9tablissement commercial estim\u00e9 en \u00e9tablissement .<\/p>\n","protected":false},"featured_media":144854,"comment_status":"open","ping_status":"open","template":"","meta":[],"product_brand":[2609],"product_cat":[1189,1181,1186],"product_tag":[1315],"class_list":{"0":"post-134521","1":"product","2":"type-product","3":"status-publish","4":"has-post-thumbnail","6":"product_brand-ocean-wp","7":"product_cat-personnalisation","8":"product_cat-plugins","9":"product_cat-wordpress-plugins","10":"product_tag-ocean-wp","11":"member-discount","12":"discount-restricted","14":"first","15":"instock","16":"sale","17":"downloadable","18":"virtual","19":"sold-individually","20":"purchasable","21":"product-type-simple"},"_links":{"self":[{"href":"https:\/\/gpl-love.com\/fr\/wp-json\/wp\/v2\/product\/134521","targetHints":{"allow":["GET"]}}],"collection":[{"href":"https:\/\/gpl-love.com\/fr\/wp-json\/wp\/v2\/product"}],"about":[{"href":"https:\/\/gpl-love.com\/fr\/wp-json\/wp\/v2\/types\/product"}],"replies":[{"embeddable":true,"href":"https:\/\/gpl-love.com\/fr\/wp-json\/wp\/v2\/comments?post=134521"}],"wp:featuredmedia":[{"embeddable":true,"href":"https:\/\/gpl-love.com\/fr\/wp-json\/wp\/v2\/media\/144854"}],"wp:attachment":[{"href":"https:\/\/gpl-love.com\/fr\/wp-json\/wp\/v2\/media?parent=134521"}],"wp:term":[{"taxonomy":"product_brand","embeddable":true,"href":"https:\/\/gpl-love.com\/fr\/wp-json\/wp\/v2\/product_brand?post=134521"},{"taxonomy":"product_cat","embeddable":true,"href":"https:\/\/gpl-love.com\/fr\/wp-json\/wp\/v2\/product_cat?post=134521"},{"taxonomy":"product_tag","embeddable":true,"href":"https:\/\/gpl-love.com\/fr\/wp-json\/wp\/v2\/product_tag?post=134521"}],"curies":[{"name":"wp","href":"https:\/\/api.w.org\/{rel}","templated":true}]}}