{"id":134519,"date":"2025-05-21T00:00:00","date_gmt":"2025-05-20T22:00:00","guid":{"rendered":"https:\/\/gpl-love.com\/fr\/produit\/oceanwp-white-label\/"},"modified":"2026-04-10T18:35:08","modified_gmt":"2026-04-10T16:35:08","slug":"oceanwp-white-label","status":"publish","type":"product","link":"https:\/\/gpl-love.com\/fr\/produit\/oceanwp-white-label\/","title":{"rendered":"OceanWP White Label 2.1.1"},"content":{"rendered":"<h3>OceanWP White Label Traits<\/h3>\n<p>L&rsquo;\u00e9tiquette White OceanWP se pr\u00e9sente comme un instrument tr\u00e8s robuste et influent, offrant aux utilisateurs la possibilit\u00e9 de personnaliser et d&rsquo;\u00e9tablir sans effort une identit\u00e9 de marque distincte pour leur site Web WordPress. Cet outil remarquable donne aux individus la capacit\u00e9 d&rsquo;incorporer sans effort leur propre embl\u00e8me, de modifier les teintes et la typographie de leur site, et m\u00eame d&rsquo;int\u00e9grer leur propre CSS sur mesure. Par cons\u00e9quent, cette proc\u00e9dure simple facilite la cr\u00e9ation d&rsquo;un site Web sophistiqu\u00e9 et professionnel qui refl\u00e8te avec pr\u00e9cision la marque et le style uniques de l&rsquo;individu. En outre, l&rsquo;\u00e9tiquette White OceanWP est sp\u00e9cialement con\u00e7ue pour \u00eatre conviviale et accessible, s&rsquo;adressant aux individus avec un sens du codage minimal ou sans codage. Ainsi, que l&rsquo;on construit un site Web personnel ou r\u00e9pond aux besoins des clients, l&rsquo;\u00e9tiquette White OceanWP \u00e9merge sans aucun doute comme un atout indispensable pour tout d\u00e9veloppeur WordPress comp\u00e9tent.<\/p>\n<ul>\n<li>Options de marque personnalisables pour votre site Web<\/li>\n<li>Possibilit\u00e9 d&rsquo;ajouter votre propre logo et de personnaliser l&rsquo;\u00e9cran de connexion<\/li>\n<li>Contr\u00f4le complet sur la conception et l&rsquo;apparence du site Web<\/li>\n<li>Pas de marque OceanWP ou des liens visibles sur le site Web<\/li>\n<li>Parfait pour l&rsquo;utilisation des agences et des d\u00e9veloppeurs<\/li>\n<li>Facile \u00e0 utiliser et \u00e0 impl\u00e9menter<\/li>\n<li>Compatible avec d&rsquo;autres extensions et plugins OceanWP<\/li>\n<li>Enti\u00e8rement r\u00e9actif sur n&rsquo;importe quel appareil ou taille d&rsquo;\u00e9cran<\/li>\n<li>Mises \u00e0 jour r\u00e9guli\u00e8res et soutien de l&rsquo;\u00e9quipe OceanWP<\/li>\n<\/ul>\n","protected":false},"excerpt":{"rendered":"<p>L&rsquo;AceanWP White Label est un outil incroyablement puissant qui vous permet de fa\u00e7onner une rencontre WordPress sur mesure et de marque de mani\u00e8re compl\u00e8te pour vos pr\u00e9cieux clients. Arm\u00e9 de ce plugin tr\u00e8s efficace, vous avez la capacit\u00e9 transparente de supplanter la marque OceanWP avec votre logo unique, vos couleurs et m\u00eame CSS personnalis\u00e9s. Par cons\u00e9quent, cela offre \u00e0 votre client\u00e8le estim\u00e9 la possibilit\u00e9 de se pr\u00e9lasser dans une plate-forme WordPress extr\u00eamement poli et professionnelle d\u00e9pourvue de toute trace ou allusion \u00e0 OceanWP. En effet, l&rsquo;\u00e9tiquette White OceanWP est un atout indispensable pour tous les individus qui nourrissent le d\u00e9sir d&rsquo;infuser leur flair personnel distinctif dans le tissu m\u00eame de leurs sites Web WordPress.<\/p>\n","protected":false},"featured_media":144853,"comment_status":"open","ping_status":"open","template":"","meta":[],"product_brand":[2609],"product_cat":[1187,1181,1186],"product_tag":[1315],"class_list":{"0":"post-134519","1":"product","2":"type-product","3":"status-publish","4":"has-post-thumbnail","6":"product_brand-ocean-wp","7":"product_cat-administration-wordpress-plugins","8":"product_cat-plugins","9":"product_cat-wordpress-plugins","10":"product_tag-ocean-wp","11":"member-discount","12":"discount-restricted","14":"first","15":"instock","16":"sale","17":"downloadable","18":"virtual","19":"sold-individually","20":"purchasable","21":"product-type-simple"},"_links":{"self":[{"href":"https:\/\/gpl-love.com\/fr\/wp-json\/wp\/v2\/product\/134519","targetHints":{"allow":["GET"]}}],"collection":[{"href":"https:\/\/gpl-love.com\/fr\/wp-json\/wp\/v2\/product"}],"about":[{"href":"https:\/\/gpl-love.com\/fr\/wp-json\/wp\/v2\/types\/product"}],"replies":[{"embeddable":true,"href":"https:\/\/gpl-love.com\/fr\/wp-json\/wp\/v2\/comments?post=134519"}],"wp:featuredmedia":[{"embeddable":true,"href":"https:\/\/gpl-love.com\/fr\/wp-json\/wp\/v2\/media\/144853"}],"wp:attachment":[{"href":"https:\/\/gpl-love.com\/fr\/wp-json\/wp\/v2\/media?parent=134519"}],"wp:term":[{"taxonomy":"product_brand","embeddable":true,"href":"https:\/\/gpl-love.com\/fr\/wp-json\/wp\/v2\/product_brand?post=134519"},{"taxonomy":"product_cat","embeddable":true,"href":"https:\/\/gpl-love.com\/fr\/wp-json\/wp\/v2\/product_cat?post=134519"},{"taxonomy":"product_tag","embeddable":true,"href":"https:\/\/gpl-love.com\/fr\/wp-json\/wp\/v2\/product_tag?post=134519"}],"curies":[{"name":"wp","href":"https:\/\/api.w.org\/{rel}","templated":true}]}}