{"id":134517,"date":"2025-05-21T00:00:00","date_gmt":"2025-05-20T22:00:00","guid":{"rendered":"https:\/\/gpl-love.com\/fr\/produit\/oceanwp-sticky-header\/"},"modified":"2026-04-10T18:35:07","modified_gmt":"2026-04-10T16:35:07","slug":"oceanwp-sticky-header","status":"publish","type":"product","link":"https:\/\/gpl-love.com\/fr\/produit\/oceanwp-sticky-header\/","title":{"rendered":"OceanWP Sticky Header 2.2.3"},"content":{"rendered":"<h3>OceanWP Sticky Header Traits<\/h3>\n<p>Le plugin d&rsquo;en-t\u00eate OceanWP Sticky, un outil incroyablement puissant, a \u00e9t\u00e9 m\u00e9ticuleusement con\u00e7u pour offrir aux utilisateurs une commodit\u00e9 in\u00e9gal\u00e9e dans la cr\u00e9ation d&rsquo;un en-t\u00eate collant impressionnant. Ce plugin remarquable sert \u00e0 permettre la construction sans effort d&rsquo;un en-t\u00eate qui non seulement d\u00e9gage le style mais fonctionne \u00e9galement de mani\u00e8re transparente en restant fix\u00e9 au sommet de la page Web alors que les utilisateurs continuent de faire d\u00e9filer vers le bas. B\u00e9n\u00e9ficiant d&rsquo;une interface qui est remarquablement conviviale et d\u00e9bordant de fonctionnalit\u00e9s intuites, les utilisateurs ont la capacit\u00e9 inestimable \u00e0 adapter l&rsquo;en-t\u00eate pour s&rsquo;aligner parfaitement avec leurs pr\u00e9f\u00e9rences de marque et de style. De plus, le plugin d&rsquo;en-t\u00eate OceanWP Sticky, qui s&rsquo;int\u00e8gre de mani\u00e8re transparente au th\u00e8me OceanWP, offre une myriade de fonctionnalit\u00e9s b\u00e9n\u00e9fiques, y compris la r\u00e9activit\u00e9 mobile, une s\u00e9lection compl\u00e8te d&rsquo;options d&rsquo;en-t\u00eate collantes et des param\u00e8tres avanc\u00e9s qui facilitent la personnalisation de l&rsquo;apparence de l&rsquo;en-t\u00eate. Que vous soyez un propri\u00e9taire de site Web, un concepteur ou un d\u00e9veloppeur, ce plugin sert d&rsquo;instrument indispensable, vous permettant de cr\u00e9er un en-t\u00eate de site Web professionnel et remarquablement percutant.<\/p>\n<ul>\n<li>Ajoute un en-t\u00eate collant \u00e0 votre site Web OceanWP<\/li>\n<li>Gardez votre t\u00eate visible et accessible m\u00eame si les utilisateurs font d\u00e9filer la page<\/li>\n<li>Permet la personnalisation de l&rsquo;apparence de l&rsquo;en-t\u00eate collant, y compris le logo, le style de menu et les couleurs<\/li>\n<li>Compatible avec toutes les d\u00e9mos et extensions OceanWP<\/li>\n<li>Facile \u00e0 installer et \u00e0 int\u00e9grer dans votre th\u00e8me OceanWP existant<\/li>\n<li>Augmente l&rsquo;engagement des utilisateurs et am\u00e9liore la navigation sur votre site Web<\/li>\n<li>Pleinement r\u00e9actif, assurer une exp\u00e9rience transparente sur tous les appareils<\/li>\n<li>Stimule l&rsquo;attrait esth\u00e9tique de votre site Web et le professionnalisme<\/li>\n<li>Fournit une fonctionnalit\u00e9 pr\u00e9cieuse pour les sites Web de commerce \u00e9lectronique et d&rsquo;entreprise avec des liens de navigation importants et des appels \u00e0 l&rsquo;action dans l&rsquo;en-t\u00eate.<\/li>\n<\/ul>\n","protected":false},"excerpt":{"rendered":"<p>L&rsquo;OceanWP Sticky Header, un outil incroyablement polyvalent qui offre une valeur immense aux propri\u00e9taires de sites Web, permet de cr\u00e9er des en-t\u00eates collants \u00e9poustouflants, enti\u00e8rement personnalisables et tr\u00e8s r\u00e9actifs. Cet outil remarquable permet aux utilisateurs de leur fournir la possibilit\u00e9 d&rsquo;incorporer sans effort un en-t\u00eate qui reste fix\u00e9 en haut de l&rsquo;\u00e9cran, m\u00eame si les visiteurs continuent de faire d\u00e9filer la page. En mettant en \u0153uvre avec succ\u00e8s cette fonctionnalit\u00e9, l&rsquo;exp\u00e9rience utilisateur du site Web est consid\u00e9rablement am\u00e9lior\u00e9e car elle garantit un acc\u00e8s d\u00e9gag\u00e9 et pratique \u00e0 des \u00e9l\u00e9ments cruciaux tels que les liens de navigation, les logos et les barres de recherche, \u00e9liminant par la suite toutes les distractions potentielles qui pourraient entraver la navigation fluide du site. En outre, le processus de configuration de l&rsquo;en-t\u00eate collant OceanWP est une brise absolue, et il s&rsquo;int\u00e8gre de mani\u00e8re transparente \u00e0 la grande majorit\u00e9 des th\u00e8mes WordPress, \u00e9liminant ainsi toute pr\u00e9occupation li\u00e9e \u00e0 la compatibilit\u00e9. De plus, il convient de noter que cet outil exceptionnel offre une gamme impressionnante d&rsquo;options et de fonctionnalit\u00e9s personnalisables, ce qui en fait une proposition incroyablement attrayante pour les entreprises en ligne, les blogueurs et les propri\u00e9taires de sites Web qui souhaitent accorder \u00e0 leurs sites un attrait esth\u00e9tique vraiment professionnel et poli .<\/p>\n","protected":false},"featured_media":144852,"comment_status":"open","ping_status":"open","template":"","meta":[],"product_brand":[2609],"product_cat":[1189,1181,1186],"product_tag":[1315],"class_list":{"0":"post-134517","1":"product","2":"type-product","3":"status-publish","4":"has-post-thumbnail","6":"product_brand-ocean-wp","7":"product_cat-personnalisation","8":"product_cat-plugins","9":"product_cat-wordpress-plugins","10":"product_tag-ocean-wp","11":"member-discount","12":"discount-restricted","14":"first","15":"instock","16":"sale","17":"downloadable","18":"virtual","19":"sold-individually","20":"purchasable","21":"product-type-simple"},"_links":{"self":[{"href":"https:\/\/gpl-love.com\/fr\/wp-json\/wp\/v2\/product\/134517","targetHints":{"allow":["GET"]}}],"collection":[{"href":"https:\/\/gpl-love.com\/fr\/wp-json\/wp\/v2\/product"}],"about":[{"href":"https:\/\/gpl-love.com\/fr\/wp-json\/wp\/v2\/types\/product"}],"replies":[{"embeddable":true,"href":"https:\/\/gpl-love.com\/fr\/wp-json\/wp\/v2\/comments?post=134517"}],"wp:featuredmedia":[{"embeddable":true,"href":"https:\/\/gpl-love.com\/fr\/wp-json\/wp\/v2\/media\/144852"}],"wp:attachment":[{"href":"https:\/\/gpl-love.com\/fr\/wp-json\/wp\/v2\/media?parent=134517"}],"wp:term":[{"taxonomy":"product_brand","embeddable":true,"href":"https:\/\/gpl-love.com\/fr\/wp-json\/wp\/v2\/product_brand?post=134517"},{"taxonomy":"product_cat","embeddable":true,"href":"https:\/\/gpl-love.com\/fr\/wp-json\/wp\/v2\/product_cat?post=134517"},{"taxonomy":"product_tag","embeddable":true,"href":"https:\/\/gpl-love.com\/fr\/wp-json\/wp\/v2\/product_tag?post=134517"}],"curies":[{"name":"wp","href":"https:\/\/api.w.org\/{rel}","templated":true}]}}