{"id":134515,"date":"2025-05-21T00:00:00","date_gmt":"2025-05-20T22:00:00","guid":{"rendered":"https:\/\/gpl-love.com\/fr\/produit\/oceanwp-sticky-footer\/"},"modified":"2026-04-10T18:35:07","modified_gmt":"2026-04-10T16:35:07","slug":"oceanwp-sticky-footer","status":"publish","type":"product","link":"https:\/\/gpl-love.com\/fr\/produit\/oceanwp-sticky-footer\/","title":{"rendered":"OceanWP Sticky Footer 2.1.1"},"content":{"rendered":"<h3>OceanWP Sticky Footer Traits<\/h3>\n<p>Le plugin OceanWP Sticky Footer est un outil tr\u00e8s puissant qui offre la possibilit\u00e9 d&rsquo;\u00e9tablir un pied de page qui reste fix\u00e9 au bas de votre site Web. Cela implique que, quel que soit l&#8217;emplacement que vos visiteurs se trouvent sur votre site, ils auront en permanence les moyens d&rsquo;acc\u00e9der \u00e0 des informations vitales telles que vos d\u00e9tails de contact, vos connexions sur les r\u00e9seaux sociaux et les d\u00e9tails du droit d&rsquo;auteur. En utilisant ce plugin, non seulement vous pouvez personnaliser votre pied de page pour vous aligner sur l&rsquo;esth\u00e9tique et l&rsquo;atmosph\u00e8re globales de votre site Web, mais vous pouvez \u00e9galement incorporer des widgets polyvalents comme un formulaire d&rsquo;inscription pour une newsletter ou une carte dynamique affichant votre emplacement g\u00e9ographique pr\u00e9cis. De plus, en raison de la nature collante du pied de page, il sert de moyen exceptionnel pour augmenter l&rsquo;importance et la facilit\u00e9 d&rsquo;acc\u00e8s \u00e0 votre contenu, favorisant ainsi l&rsquo;engagement actif de vos visiteurs. En r\u00e9sum\u00e9, le plugin OceanWP Sticky Footer est un instrument indispensable pour tout propri\u00e9taire de site Web exigeant qui abrite un v\u00e9ritable d\u00e9sir d&rsquo;\u00e9lever l&rsquo;exp\u00e9rience utilisateur et d&rsquo;\u00e9lever la fonctionnalit\u00e9 globale de son site Web estim\u00e9.<\/p>\n<ul>\n<li>Ajoute un pied de page collant \u00e0 votre site Web OceanWP<\/li>\n<li>S&rsquo;ajuste automatiquement pour s&rsquo;adapter au contenu sur la page<\/li>\n<li>Param\u00e8tres personnalisables tels que la couleur d&rsquo;arri\u00e8re-plan et la taille de la police<\/li>\n<li>Compatible avec n&rsquo;importe quel th\u00e8me OceanWP et version WordPress<\/li>\n<li>Processus d&rsquo;installation et d&rsquo;activation simple<\/li>\n<li>Fonctionne bien sur les appareils de bureau et mobiles<\/li>\n<li>Fournit un moyen pratique d&rsquo;afficher des informations importantes ou des appels \u00e0 l&rsquo;action<\/li>\n<li>Am\u00e9liore l&rsquo;exp\u00e9rience utilisateur globale et la navigabilit\u00e9 de votre site Web<\/li>\n<li>Peut \u00eatre d\u00e9sactiv\u00e9 sur des pages ou des messages sp\u00e9cifiques si vous le souhaitez.<\/li>\n<\/ul>\n","protected":false},"excerpt":{"rendered":"<p>Le Footer Sticky OceanWP, un plugin hautement fonctionnel, a le but d&rsquo;assurer la visibilit\u00e9 constante de votre pied de page tout en se livrant \u00e0 un fait de faire d\u00e9filer votre site Web. Cet outil extr\u00eamement pratique convient particuli\u00e8rement aux personnes qui souhaitent maintenir l&rsquo;exposition persistante de leur pied de page, quelles que soient les actions de d\u00e9filement des utilisateurs \u00e0 la baisse. Facilitant l&rsquo;installation sans effort et offrant une gamme d&rsquo;options personnalisables, le pied de page collant OceanWP s&rsquo;av\u00e8re sans aucun doute \u00eatre un atout inestimable pour toute conception de site Web. Optimisez l&rsquo;accessibilit\u00e9 et la convivialit\u00e9 de l&rsquo;utilisateur de votre contenu en incorporant ce plugin extr\u00eamement pratique sur votre site Web.<\/p>\n","protected":false},"featured_media":144851,"comment_status":"open","ping_status":"open","template":"","meta":[],"product_brand":[2609],"product_cat":[1189,1181,1186],"product_tag":[1315],"class_list":{"0":"post-134515","1":"product","2":"type-product","3":"status-publish","4":"has-post-thumbnail","6":"product_brand-ocean-wp","7":"product_cat-personnalisation","8":"product_cat-plugins","9":"product_cat-wordpress-plugins","10":"product_tag-ocean-wp","11":"member-discount","12":"discount-restricted","14":"first","15":"instock","16":"sale","17":"downloadable","18":"virtual","19":"sold-individually","20":"purchasable","21":"product-type-simple"},"_links":{"self":[{"href":"https:\/\/gpl-love.com\/fr\/wp-json\/wp\/v2\/product\/134515","targetHints":{"allow":["GET"]}}],"collection":[{"href":"https:\/\/gpl-love.com\/fr\/wp-json\/wp\/v2\/product"}],"about":[{"href":"https:\/\/gpl-love.com\/fr\/wp-json\/wp\/v2\/types\/product"}],"replies":[{"embeddable":true,"href":"https:\/\/gpl-love.com\/fr\/wp-json\/wp\/v2\/comments?post=134515"}],"wp:featuredmedia":[{"embeddable":true,"href":"https:\/\/gpl-love.com\/fr\/wp-json\/wp\/v2\/media\/144851"}],"wp:attachment":[{"href":"https:\/\/gpl-love.com\/fr\/wp-json\/wp\/v2\/media?parent=134515"}],"wp:term":[{"taxonomy":"product_brand","embeddable":true,"href":"https:\/\/gpl-love.com\/fr\/wp-json\/wp\/v2\/product_brand?post=134515"},{"taxonomy":"product_cat","embeddable":true,"href":"https:\/\/gpl-love.com\/fr\/wp-json\/wp\/v2\/product_cat?post=134515"},{"taxonomy":"product_tag","embeddable":true,"href":"https:\/\/gpl-love.com\/fr\/wp-json\/wp\/v2\/product_tag?post=134515"}],"curies":[{"name":"wp","href":"https:\/\/api.w.org\/{rel}","templated":true}]}}